{"id":25827,"date":"2025-06-14T15:09:29","date_gmt":"2025-06-14T13:09:29","guid":{"rendered":"https:\/\/mystikus.com\/producto\/pendente-em-forma-de-coracao-na-mao-em-prata\/"},"modified":"2025-06-14T15:09:29","modified_gmt":"2025-06-14T13:09:29","slug":"pendente-em-forma-de-coracao-na-mao-em-prata","status":"publish","type":"product","link":"https:\/\/mystikus.com\/pt-pt\/producto\/pendente-em-forma-de-coracao-na-mao-em-prata\/","title":{"rendered":"Pendente em Forma de Cora\u00e7\u00e3o na M\u00e3o em Prata"},"content":{"rendered":"<p data-start=\"113\" data-end=\"195\"><strong data-start=\"113\" data-end=\"195\">Pendente em Forma de Cora\u00e7\u00e3o na M\u00e3o \u2013 Talism\u00e3 de Amor, Prote\u00e7\u00e3o e Cura<\/strong><\/p>\n<p data-start=\"197\" data-end=\"433\">Este pendente une dois poderosos s\u00edmbolos esot\u00e9ricos: a <strong data-start=\"253\" data-end=\"261\">m\u00e3o<\/strong>, protetora por excel\u00eancia, que afasta as energias negativas e atua como escudo espiritual, e o <strong data-start=\"360\" data-end=\"371\">cora\u00e7\u00e3o<\/strong>, s\u00edmbolo universal do amor, da compaix\u00e3o e da energia vital.<\/p>\n<p data-start=\"435\" data-end=\"752\">Juntos, formam um talism\u00e3 de profundo significado: uma m\u00e3o que segura o cora\u00e7\u00e3o representa o amor consciente, a entrega sincera e a for\u00e7a de proteger o que \u00e9 verdadeiro. Ideal para quem procura equil\u00edbrio emocional, fortalecer v\u00ednculos afetivos ou abrir o cora\u00e7\u00e3o ao amor pr\u00f3prio e \u00e0 cura interior. <\/p>\n<p data-start=\"754\" data-end=\"868\">Elaborado em <strong data-start=\"767\" data-end=\"786\">prata aut\u00eantica<\/strong>, este pendente \u00e9 tanto um adorno elegante como um amuleto poderoso para a alma.<\/p>\n<p data-start=\"870\" data-end=\"950\"><strong data-start=\"870\" data-end=\"950\">Leva contigo a energia do amor protegido e do cora\u00e7\u00e3o guiado pela luz.<\/strong><\/p>\n","protected":false},"excerpt":{"rendered":"<p>Pendente em Forma de Cora\u00e7\u00e3o na M\u00e3o em prata \u2013 tamanho 2,5 cm.<\/p>\n<p>Corrente Prata em Op\u00e7\u00e3o 45 cm<\/p>\n","protected":false},"featured_media":23553,"comment_status":"open","ping_status":"closed","template":"","meta":[],"product_brand":[],"product_cat":[227,226],"product_tag":[],"class_list":{"0":"post-25827","1":"product","2":"type-product","3":"status-publish","4":"has-post-thumbnail","6":"product_cat-prata","7":"product_cat-talismas-e-amuletos","9":"first","10":"instock","11":"shipping-taxable","12":"purchasable","13":"product-type-variable"},"yoast_head":"<!-- This site is optimized with the Yoast SEO plugin v27.2 - https:\/\/yoast.com\/product\/yoast-seo-wordpress\/ -->\n<title>Pendente em Forma de Cora\u00e7\u00e3o na M\u00e3o em Prata - Mystikus<\/title>\n<meta name=\"robots\" content=\"index, follow, max-snippet:-1, max-image-preview:large, max-video-preview:-1\" \/>\n<link rel=\"canonical\" href=\"https:\/\/mystikus.com\/pt-pt\/producto\/pendente-em-forma-de-coracao-na-mao-em-prata\/\" \/>\n<meta property=\"og:locale\" content=\"pt_PT\" \/>\n<meta property=\"og:type\" content=\"article\" \/>\n<meta property=\"og:title\" content=\"Pendente em Forma de Cora\u00e7\u00e3o na M\u00e3o em Prata - Mystikus\" \/>\n<meta property=\"og:description\" content=\"Pendente em Forma de Cora\u00e7\u00e3o na M\u00e3o em prata \u2013 tamanho 2,5 cm. Corrente Prata em Op\u00e7\u00e3o 45 cm\" \/>\n<meta property=\"og:url\" content=\"https:\/\/mystikus.com\/pt-pt\/producto\/pendente-em-forma-de-coracao-na-mao-em-prata\/\" \/>\n<meta property=\"og:site_name\" content=\"Mystikus\" \/>\n<meta property=\"og:image\" content=\"https:\/\/mystikus.com\/wp-content\/uploads\/2025\/06\/Colgante-en-Forma-de-Corazon-en-Mano-en-plata.jpg\" \/>\n\t<meta property=\"og:image:width\" content=\"1587\" \/>\n\t<meta property=\"og:image:height\" content=\"1476\" \/>\n\t<meta property=\"og:image:type\" content=\"image\/jpeg\" \/>\n<meta name=\"twitter:card\" content=\"summary_large_image\" \/>\n<meta name=\"twitter:label1\" content=\"Tempo estimado de leitura\" \/>\n\t<meta name=\"twitter:data1\" content=\"1 minuto\" \/>\n<script type=\"application\/ld+json\" class=\"yoast-schema-graph\">{\"@context\":\"https:\/\/schema.org\",\"@graph\":[{\"@type\":\"WebPage\",\"@id\":\"https:\/\/mystikus.com\/pt-pt\/producto\/pendente-em-forma-de-coracao-na-mao-em-prata\/\",\"url\":\"https:\/\/mystikus.com\/pt-pt\/producto\/pendente-em-forma-de-coracao-na-mao-em-prata\/\",\"name\":\"Pendente em Forma de Cora\u00e7\u00e3o na M\u00e3o em Prata - Mystikus\",\"isPartOf\":{\"@id\":\"https:\/\/mystikus.com\/#website\"},\"primaryImageOfPage\":{\"@id\":\"https:\/\/mystikus.com\/pt-pt\/producto\/pendente-em-forma-de-coracao-na-mao-em-prata\/#primaryimage\"},\"image\":{\"@id\":\"https:\/\/mystikus.com\/pt-pt\/producto\/pendente-em-forma-de-coracao-na-mao-em-prata\/#primaryimage\"},\"thumbnailUrl\":\"https:\/\/mystikus.com\/wp-content\/uploads\/2025\/06\/Colgante-en-Forma-de-Corazon-en-Mano-en-plata.jpg\",\"datePublished\":\"2025-06-14T13:09:29+00:00\",\"breadcrumb\":{\"@id\":\"https:\/\/mystikus.com\/pt-pt\/producto\/pendente-em-forma-de-coracao-na-mao-em-prata\/#breadcrumb\"},\"inLanguage\":\"pt-PT\",\"potentialAction\":[{\"@type\":\"ReadAction\",\"target\":[\"https:\/\/mystikus.com\/pt-pt\/producto\/pendente-em-forma-de-coracao-na-mao-em-prata\/\"]}]},{\"@type\":\"ImageObject\",\"inLanguage\":\"pt-PT\",\"@id\":\"https:\/\/mystikus.com\/pt-pt\/producto\/pendente-em-forma-de-coracao-na-mao-em-prata\/#primaryimage\",\"url\":\"https:\/\/mystikus.com\/wp-content\/uploads\/2025\/06\/Colgante-en-Forma-de-Corazon-en-Mano-en-plata.jpg\",\"contentUrl\":\"https:\/\/mystikus.com\/wp-content\/uploads\/2025\/06\/Colgante-en-Forma-de-Corazon-en-Mano-en-plata.jpg\",\"width\":1587,\"height\":1476},{\"@type\":\"BreadcrumbList\",\"@id\":\"https:\/\/mystikus.com\/pt-pt\/producto\/pendente-em-forma-de-coracao-na-mao-em-prata\/#breadcrumb\",\"itemListElement\":[{\"@type\":\"ListItem\",\"position\":1,\"name\":\"Portada\",\"item\":\"https:\/\/mystikus.com\/pt-pt\/inicio\/\"},{\"@type\":\"ListItem\",\"position\":2,\"name\":\"Loja\",\"item\":\"https:\/\/mystikus.com\/pt-pt\/loja\/\"},{\"@type\":\"ListItem\",\"position\":3,\"name\":\"Pendente em Forma de Cora\u00e7\u00e3o na M\u00e3o em Prata\"}]},{\"@type\":\"WebSite\",\"@id\":\"https:\/\/mystikus.com\/#website\",\"url\":\"https:\/\/mystikus.com\/\",\"name\":\"Mystikus\",\"description\":\"\",\"publisher\":{\"@id\":\"https:\/\/mystikus.com\/#organization\"},\"potentialAction\":[{\"@type\":\"SearchAction\",\"target\":{\"@type\":\"EntryPoint\",\"urlTemplate\":\"https:\/\/mystikus.com\/?s={search_term_string}\"},\"query-input\":{\"@type\":\"PropertyValueSpecification\",\"valueRequired\":true,\"valueName\":\"search_term_string\"}}],\"inLanguage\":\"pt-PT\"},{\"@type\":\"Organization\",\"@id\":\"https:\/\/mystikus.com\/#organization\",\"name\":\"Mystikus\",\"url\":\"https:\/\/mystikus.com\/\",\"logo\":{\"@type\":\"ImageObject\",\"inLanguage\":\"pt-PT\",\"@id\":\"https:\/\/mystikus.com\/#\/schema\/logo\/image\/\",\"url\":\"https:\/\/mystikus.com\/wp-content\/uploads\/2025\/06\/logo-instgaram-shop.jpg\",\"contentUrl\":\"https:\/\/mystikus.com\/wp-content\/uploads\/2025\/06\/logo-instgaram-shop.jpg\",\"width\":227,\"height\":227,\"caption\":\"Mystikus\"},\"image\":{\"@id\":\"https:\/\/mystikus.com\/#\/schema\/logo\/image\/\"}}]}<\/script>\n<!-- \/ Yoast SEO plugin. -->","yoast_head_json":{"title":"Pendente em Forma de Cora\u00e7\u00e3o na M\u00e3o em Prata - Mystikus","robots":{"index":"index","follow":"follow","max-snippet":"max-snippet:-1","max-image-preview":"max-image-preview:large","max-video-preview":"max-video-preview:-1"},"canonical":"https:\/\/mystikus.com\/pt-pt\/producto\/pendente-em-forma-de-coracao-na-mao-em-prata\/","og_locale":"pt_PT","og_type":"article","og_title":"Pendente em Forma de Cora\u00e7\u00e3o na M\u00e3o em Prata - Mystikus","og_description":"Pendente em Forma de Cora\u00e7\u00e3o na M\u00e3o em prata \u2013 tamanho 2,5 cm. Corrente Prata em Op\u00e7\u00e3o 45 cm","og_url":"https:\/\/mystikus.com\/pt-pt\/producto\/pendente-em-forma-de-coracao-na-mao-em-prata\/","og_site_name":"Mystikus","og_image":[{"width":1587,"height":1476,"url":"https:\/\/mystikus.com\/wp-content\/uploads\/2025\/06\/Colgante-en-Forma-de-Corazon-en-Mano-en-plata.jpg","type":"image\/jpeg"}],"twitter_card":"summary_large_image","twitter_misc":{"Tempo estimado de leitura":"1 minuto"},"schema":{"@context":"https:\/\/schema.org","@graph":[{"@type":"WebPage","@id":"https:\/\/mystikus.com\/pt-pt\/producto\/pendente-em-forma-de-coracao-na-mao-em-prata\/","url":"https:\/\/mystikus.com\/pt-pt\/producto\/pendente-em-forma-de-coracao-na-mao-em-prata\/","name":"Pendente em Forma de Cora\u00e7\u00e3o na M\u00e3o em Prata - Mystikus","isPartOf":{"@id":"https:\/\/mystikus.com\/#website"},"primaryImageOfPage":{"@id":"https:\/\/mystikus.com\/pt-pt\/producto\/pendente-em-forma-de-coracao-na-mao-em-prata\/#primaryimage"},"image":{"@id":"https:\/\/mystikus.com\/pt-pt\/producto\/pendente-em-forma-de-coracao-na-mao-em-prata\/#primaryimage"},"thumbnailUrl":"https:\/\/mystikus.com\/wp-content\/uploads\/2025\/06\/Colgante-en-Forma-de-Corazon-en-Mano-en-plata.jpg","datePublished":"2025-06-14T13:09:29+00:00","breadcrumb":{"@id":"https:\/\/mystikus.com\/pt-pt\/producto\/pendente-em-forma-de-coracao-na-mao-em-prata\/#breadcrumb"},"inLanguage":"pt-PT","potentialAction":[{"@type":"ReadAction","target":["https:\/\/mystikus.com\/pt-pt\/producto\/pendente-em-forma-de-coracao-na-mao-em-prata\/"]}]},{"@type":"ImageObject","inLanguage":"pt-PT","@id":"https:\/\/mystikus.com\/pt-pt\/producto\/pendente-em-forma-de-coracao-na-mao-em-prata\/#primaryimage","url":"https:\/\/mystikus.com\/wp-content\/uploads\/2025\/06\/Colgante-en-Forma-de-Corazon-en-Mano-en-plata.jpg","contentUrl":"https:\/\/mystikus.com\/wp-content\/uploads\/2025\/06\/Colgante-en-Forma-de-Corazon-en-Mano-en-plata.jpg","width":1587,"height":1476},{"@type":"BreadcrumbList","@id":"https:\/\/mystikus.com\/pt-pt\/producto\/pendente-em-forma-de-coracao-na-mao-em-prata\/#breadcrumb","itemListElement":[{"@type":"ListItem","position":1,"name":"Portada","item":"https:\/\/mystikus.com\/pt-pt\/inicio\/"},{"@type":"ListItem","position":2,"name":"Loja","item":"https:\/\/mystikus.com\/pt-pt\/loja\/"},{"@type":"ListItem","position":3,"name":"Pendente em Forma de Cora\u00e7\u00e3o na M\u00e3o em Prata"}]},{"@type":"WebSite","@id":"https:\/\/mystikus.com\/#website","url":"https:\/\/mystikus.com\/","name":"Mystikus","description":"","publisher":{"@id":"https:\/\/mystikus.com\/#organization"},"potentialAction":[{"@type":"SearchAction","target":{"@type":"EntryPoint","urlTemplate":"https:\/\/mystikus.com\/?s={search_term_string}"},"query-input":{"@type":"PropertyValueSpecification","valueRequired":true,"valueName":"search_term_string"}}],"inLanguage":"pt-PT"},{"@type":"Organization","@id":"https:\/\/mystikus.com\/#organization","name":"Mystikus","url":"https:\/\/mystikus.com\/","logo":{"@type":"ImageObject","inLanguage":"pt-PT","@id":"https:\/\/mystikus.com\/#\/schema\/logo\/image\/","url":"https:\/\/mystikus.com\/wp-content\/uploads\/2025\/06\/logo-instgaram-shop.jpg","contentUrl":"https:\/\/mystikus.com\/wp-content\/uploads\/2025\/06\/logo-instgaram-shop.jpg","width":227,"height":227,"caption":"Mystikus"},"image":{"@id":"https:\/\/mystikus.com\/#\/schema\/logo\/image\/"}}]}},"_links":{"self":[{"href":"https:\/\/mystikus.com\/pt-pt\/wp-json\/wp\/v2\/product\/25827","targetHints":{"allow":["GET"]}}],"collection":[{"href":"https:\/\/mystikus.com\/pt-pt\/wp-json\/wp\/v2\/product"}],"about":[{"href":"https:\/\/mystikus.com\/pt-pt\/wp-json\/wp\/v2\/types\/product"}],"replies":[{"embeddable":true,"href":"https:\/\/mystikus.com\/pt-pt\/wp-json\/wp\/v2\/comments?post=25827"}],"wp:featuredmedia":[{"embeddable":true,"href":"https:\/\/mystikus.com\/pt-pt\/wp-json\/wp\/v2\/media\/23553"}],"wp:attachment":[{"href":"https:\/\/mystikus.com\/pt-pt\/wp-json\/wp\/v2\/media?parent=25827"}],"wp:term":[{"taxonomy":"product_brand","embeddable":true,"href":"https:\/\/mystikus.com\/pt-pt\/wp-json\/wp\/v2\/product_brand?post=25827"},{"taxonomy":"product_cat","embeddable":true,"href":"https:\/\/mystikus.com\/pt-pt\/wp-json\/wp\/v2\/product_cat?post=25827"},{"taxonomy":"product_tag","embeddable":true,"href":"https:\/\/mystikus.com\/pt-pt\/wp-json\/wp\/v2\/product_tag?post=25827"}],"curies":[{"name":"wp","href":"https:\/\/api.w.org\/{rel}","templated":true}]}}