{"id":25906,"date":"2025-06-11T19:26:45","date_gmt":"2025-06-11T17:26:45","guid":{"rendered":"https:\/\/mystikus.com\/producto\/ritual-premium-amansa\/"},"modified":"2025-06-11T19:26:45","modified_gmt":"2025-06-11T17:26:45","slug":"ritual-premium-amansa","status":"publish","type":"product","link":"https:\/\/mystikus.com\/pt-pt\/producto\/ritual-premium-amansa\/","title":{"rendered":"Ritual Premium Amansa"},"content":{"rendered":"<p><strong data-start=\"318\" data-end=\"340\">Domar Amor Rebelde<\/strong><\/p>\n<p><strong data-start=\"1401\" data-end=\"1423\">Segurar a Rela\u00e7\u00e3o<\/strong><\/p>\n<p><strong data-start=\"2354\" data-end=\"2372\">Acalmar e Submeter<\/strong><\/p>\n<p><strong data-start=\"3274\" data-end=\"3296\">Harmonia no Amor<\/strong><\/p>\n<p>Para come\u00e7ar, \u00e9 importante purificar-se antes de fazer um Ritual. Basta tomar um duche. Escolha roupa branca, limpa e solta. Recomenda-se roupa de materiais naturais como o algod\u00e3o ou o linho.   <\/p>\n<p><strong data-start=\"318\" data-end=\"340\">Domar Amor Rebelde<\/strong> \u2013 Atrair e Amansar um Amor Incontrol\u00e1vel<\/p>\n<p data-start=\"395\" data-end=\"691\">Sentes que a pessoa que amas est\u00e1 emocionalmente inst\u00e1vel, inconstante ou sobrecarregada? Que h\u00e1 amor, mas n\u00e3o h\u00e1 dire\u00e7\u00e3o nem compromisso? Este <strong data-start=\"540\" data-end=\"566\">ritual de magia branca<\/strong> foi concebido para <strong data-start=\"585\" data-end=\"615\">amansar cora\u00e7\u00f5es rebeldes<\/strong>, acalmar sentimentos descontrolados e <strong data-start=\"654\" data-end=\"690\">recuperar o equil\u00edbrio afetivo<\/strong>.  <\/p>\n<p data-start=\"817\" data-end=\"980\">Este poderoso ritual \u00e9 ideal quando <strong data-start=\"854\" data-end=\"920\">a pessoa amada atua com frieza, indecis\u00e3o ou impulsividade<\/strong> e parece n\u00e3o ter clareza sobre os seus pr\u00f3prios sentimentos.<\/p>\n<p data-start=\"817\" data-end=\"980\"><strong data-start=\"1401\" data-end=\"1423\">Segurar a Rela\u00e7\u00e3o<\/strong> \u2013 Proteger e Fortalecer o Amor<\/p>\n<p data-start=\"1208\" data-end=\"1386\">\n<p data-start=\"1469\" data-end=\"1705\">Quando sentes que a tua rela\u00e7\u00e3o est\u00e1 a ser afetada pela rotina, por terceiras pessoas ou pela desconfian\u00e7a, este ritual atua como uma <strong data-start=\"1608\" data-end=\"1630\">barreira protetora<\/strong>, refor\u00e7ando o v\u00ednculo e <strong data-start=\"1656\" data-end=\"1704\">evitando ruturas ou afastamentos emocionais<\/strong>.<\/p>\n<p data-start=\"1469\" data-end=\"1705\"><strong data-start=\"2354\" data-end=\"2372\">Acalmar e Submeter<\/strong> \u2013 Serenar e Suavizar o Ser Amado<\/p>\n<p data-start=\"2195\" data-end=\"2339\">\n<p data-start=\"2420\" data-end=\"2626\">Quando o teu parceiro atua com agressividade, raiva ou indiferen\u00e7a, este ritual tem o poder de <strong data-start=\"2512\" data-end=\"2546\">apaziguar a alma e o cora\u00e7\u00e3o<\/strong> da pessoa amada, ajudando a <strong data-start=\"2579\" data-end=\"2625\">dissolver tens\u00f5es, rancores e discuss\u00f5es<\/strong>.<\/p>\n<p data-start=\"2420\" data-end=\"2626\"><strong data-start=\"3274\" data-end=\"3296\">Harmonia no Amor<\/strong> \u2013 Restaurar a Paz e a Uni\u00e3o Afetiva<\/p>\n<p data-start=\"3068\" data-end=\"3260\">\n<p data-start=\"3349\" data-end=\"3547\">As rela\u00e7\u00f5es atravessam momentos dif\u00edceis. Se est\u00e1s a viver uma etapa de distanciamento, frieza ou sil\u00eancios, este ritual foi pensado para <strong data-start=\"3495\" data-end=\"3546\">restabelecer a harmonia e o entendimento m\u00fatuo<\/strong>. <\/p>\n<p>\u00c9 evidente que a pr\u00e1tica deste ritual requer o envolvimento total do praticante, bem como uma quantidade consider\u00e1vel de energia.<\/p>\n<p>No entanto, \u00e9 essencial acreditar no poder da magia antes de a praticar. Se duvidares do resultado ou fizeres um ritual \u201cs\u00f3 para ver se funciona\u201d, o mais prov\u00e1vel \u00e9 que n\u00e3o obtenhas nenhum resultado. De facto, os feiti\u00e7os invocam muitas energias poderosas, incluindo a tua. Projetar mentalmente o resultado ben\u00e9fico canaliza todas essas energias.   <\/p>\n<p>Portanto, a falta de f\u00e9, a seriedade ou os pensamentos negativos reduzir\u00e3o em grande medida os efeitos. Por outro lado, uma boa Proje\u00e7\u00e3o do Desejado e uma Forte Concentra\u00e7\u00e3o favorecer\u00e3o enormemente os Resultados. <\/p>\n<p>Cont\u00e9m uma explica\u00e7\u00e3o detalhada \u2013 Ingredientes in\u00e9ditos, segundo as f\u00f3rmulas extra\u00eddas dos grandes celeiros.<\/p>\n<p>O nosso Servi\u00e7o de Apoio ao Cliente est\u00e1 \u00e0 sua disposi\u00e7\u00e3o para qualquer esclarecimento ou explica\u00e7\u00e3o adicional.<\/p>\n<p>&nbsp;<\/p>\n","protected":false},"excerpt":{"rendered":"<p><strong data-start=\"318\" data-end=\"340\">Domar Amor Rebelde<\/strong><\/p>\n<p><strong data-start=\"1401\" data-end=\"1423\">Segura la Relaci\u00f3n<\/strong><\/p>\n<p><strong data-start=\"2354\" data-end=\"2372\">Calma y Somete<\/strong><\/p>\n<p><strong data-start=\"3274\" data-end=\"3296\">Armon\u00eda en el Amor<\/strong><\/p>\n","protected":false},"featured_media":23517,"comment_status":"open","ping_status":"closed","template":"","meta":[],"product_brand":[],"product_cat":[135,148,147,151],"product_tag":[],"class_list":{"0":"post-25906","1":"product","2":"type-product","3":"status-publish","4":"has-post-thumbnail","6":"product_cat-esotericos","7":"product_cat-mystikus-collection","8":"product_cat-rituais-premium","11":"first","12":"instock","13":"shipping-taxable","14":"purchasable","15":"product-type-simple"},"yoast_head":"<!-- This site is optimized with the Yoast SEO plugin v27.2 - https:\/\/yoast.com\/product\/yoast-seo-wordpress\/ -->\n<title>Ritual Premium Amansa - Mystikus<\/title>\n<meta name=\"robots\" content=\"index, follow, max-snippet:-1, max-image-preview:large, max-video-preview:-1\" \/>\n<link rel=\"canonical\" href=\"https:\/\/mystikus.com\/pt-pt\/producto\/ritual-premium-amansa\/\" \/>\n<meta property=\"og:locale\" content=\"pt_PT\" \/>\n<meta property=\"og:type\" content=\"article\" \/>\n<meta property=\"og:title\" content=\"Ritual Premium Amansa - Mystikus\" \/>\n<meta property=\"og:description\" content=\"Domar Amor Rebelde Segura la Relaci\u00f3n Calma y Somete Armon\u00eda en el Amor\" \/>\n<meta property=\"og:url\" content=\"https:\/\/mystikus.com\/pt-pt\/producto\/ritual-premium-amansa\/\" \/>\n<meta property=\"og:site_name\" content=\"Mystikus\" \/>\n<meta property=\"og:image\" content=\"https:\/\/mystikus.com\/wp-content\/uploads\/2025\/06\/Premium-Amansa.jpg\" \/>\n\t<meta property=\"og:image:width\" content=\"1587\" \/>\n\t<meta property=\"og:image:height\" content=\"1476\" \/>\n\t<meta property=\"og:image:type\" content=\"image\/jpeg\" \/>\n<meta name=\"twitter:card\" content=\"summary_large_image\" \/>\n<meta name=\"twitter:label1\" content=\"Tempo estimado de leitura\" \/>\n\t<meta name=\"twitter:data1\" content=\"2 minutos\" \/>\n<script type=\"application\/ld+json\" class=\"yoast-schema-graph\">{\"@context\":\"https:\/\/schema.org\",\"@graph\":[{\"@type\":\"WebPage\",\"@id\":\"https:\/\/mystikus.com\/pt-pt\/producto\/ritual-premium-amansa\/\",\"url\":\"https:\/\/mystikus.com\/pt-pt\/producto\/ritual-premium-amansa\/\",\"name\":\"Ritual Premium Amansa - Mystikus\",\"isPartOf\":{\"@id\":\"https:\/\/mystikus.com\/#website\"},\"primaryImageOfPage\":{\"@id\":\"https:\/\/mystikus.com\/pt-pt\/producto\/ritual-premium-amansa\/#primaryimage\"},\"image\":{\"@id\":\"https:\/\/mystikus.com\/pt-pt\/producto\/ritual-premium-amansa\/#primaryimage\"},\"thumbnailUrl\":\"https:\/\/mystikus.com\/wp-content\/uploads\/2025\/06\/Premium-Amansa.jpg\",\"datePublished\":\"2025-06-11T17:26:45+00:00\",\"breadcrumb\":{\"@id\":\"https:\/\/mystikus.com\/pt-pt\/producto\/ritual-premium-amansa\/#breadcrumb\"},\"inLanguage\":\"pt-PT\",\"potentialAction\":[{\"@type\":\"ReadAction\",\"target\":[\"https:\/\/mystikus.com\/pt-pt\/producto\/ritual-premium-amansa\/\"]}]},{\"@type\":\"ImageObject\",\"inLanguage\":\"pt-PT\",\"@id\":\"https:\/\/mystikus.com\/pt-pt\/producto\/ritual-premium-amansa\/#primaryimage\",\"url\":\"https:\/\/mystikus.com\/wp-content\/uploads\/2025\/06\/Premium-Amansa.jpg\",\"contentUrl\":\"https:\/\/mystikus.com\/wp-content\/uploads\/2025\/06\/Premium-Amansa.jpg\",\"width\":1587,\"height\":1476},{\"@type\":\"BreadcrumbList\",\"@id\":\"https:\/\/mystikus.com\/pt-pt\/producto\/ritual-premium-amansa\/#breadcrumb\",\"itemListElement\":[{\"@type\":\"ListItem\",\"position\":1,\"name\":\"Portada\",\"item\":\"https:\/\/mystikus.com\/pt-pt\/inicio\/\"},{\"@type\":\"ListItem\",\"position\":2,\"name\":\"Loja\",\"item\":\"https:\/\/mystikus.com\/pt-pt\/loja\/\"},{\"@type\":\"ListItem\",\"position\":3,\"name\":\"Ritual Premium Amansa\"}]},{\"@type\":\"WebSite\",\"@id\":\"https:\/\/mystikus.com\/#website\",\"url\":\"https:\/\/mystikus.com\/\",\"name\":\"Mystikus\",\"description\":\"\",\"publisher\":{\"@id\":\"https:\/\/mystikus.com\/#organization\"},\"potentialAction\":[{\"@type\":\"SearchAction\",\"target\":{\"@type\":\"EntryPoint\",\"urlTemplate\":\"https:\/\/mystikus.com\/?s={search_term_string}\"},\"query-input\":{\"@type\":\"PropertyValueSpecification\",\"valueRequired\":true,\"valueName\":\"search_term_string\"}}],\"inLanguage\":\"pt-PT\"},{\"@type\":\"Organization\",\"@id\":\"https:\/\/mystikus.com\/#organization\",\"name\":\"Mystikus\",\"url\":\"https:\/\/mystikus.com\/\",\"logo\":{\"@type\":\"ImageObject\",\"inLanguage\":\"pt-PT\",\"@id\":\"https:\/\/mystikus.com\/#\/schema\/logo\/image\/\",\"url\":\"https:\/\/mystikus.com\/wp-content\/uploads\/2025\/06\/logo-instgaram-shop.jpg\",\"contentUrl\":\"https:\/\/mystikus.com\/wp-content\/uploads\/2025\/06\/logo-instgaram-shop.jpg\",\"width\":227,\"height\":227,\"caption\":\"Mystikus\"},\"image\":{\"@id\":\"https:\/\/mystikus.com\/#\/schema\/logo\/image\/\"}}]}<\/script>\n<!-- \/ Yoast SEO plugin. -->","yoast_head_json":{"title":"Ritual Premium Amansa - Mystikus","robots":{"index":"index","follow":"follow","max-snippet":"max-snippet:-1","max-image-preview":"max-image-preview:large","max-video-preview":"max-video-preview:-1"},"canonical":"https:\/\/mystikus.com\/pt-pt\/producto\/ritual-premium-amansa\/","og_locale":"pt_PT","og_type":"article","og_title":"Ritual Premium Amansa - Mystikus","og_description":"Domar Amor Rebelde Segura la Relaci\u00f3n Calma y Somete Armon\u00eda en el Amor","og_url":"https:\/\/mystikus.com\/pt-pt\/producto\/ritual-premium-amansa\/","og_site_name":"Mystikus","og_image":[{"width":1587,"height":1476,"url":"https:\/\/mystikus.com\/wp-content\/uploads\/2025\/06\/Premium-Amansa.jpg","type":"image\/jpeg"}],"twitter_card":"summary_large_image","twitter_misc":{"Tempo estimado de leitura":"2 minutos"},"schema":{"@context":"https:\/\/schema.org","@graph":[{"@type":"WebPage","@id":"https:\/\/mystikus.com\/pt-pt\/producto\/ritual-premium-amansa\/","url":"https:\/\/mystikus.com\/pt-pt\/producto\/ritual-premium-amansa\/","name":"Ritual Premium Amansa - Mystikus","isPartOf":{"@id":"https:\/\/mystikus.com\/#website"},"primaryImageOfPage":{"@id":"https:\/\/mystikus.com\/pt-pt\/producto\/ritual-premium-amansa\/#primaryimage"},"image":{"@id":"https:\/\/mystikus.com\/pt-pt\/producto\/ritual-premium-amansa\/#primaryimage"},"thumbnailUrl":"https:\/\/mystikus.com\/wp-content\/uploads\/2025\/06\/Premium-Amansa.jpg","datePublished":"2025-06-11T17:26:45+00:00","breadcrumb":{"@id":"https:\/\/mystikus.com\/pt-pt\/producto\/ritual-premium-amansa\/#breadcrumb"},"inLanguage":"pt-PT","potentialAction":[{"@type":"ReadAction","target":["https:\/\/mystikus.com\/pt-pt\/producto\/ritual-premium-amansa\/"]}]},{"@type":"ImageObject","inLanguage":"pt-PT","@id":"https:\/\/mystikus.com\/pt-pt\/producto\/ritual-premium-amansa\/#primaryimage","url":"https:\/\/mystikus.com\/wp-content\/uploads\/2025\/06\/Premium-Amansa.jpg","contentUrl":"https:\/\/mystikus.com\/wp-content\/uploads\/2025\/06\/Premium-Amansa.jpg","width":1587,"height":1476},{"@type":"BreadcrumbList","@id":"https:\/\/mystikus.com\/pt-pt\/producto\/ritual-premium-amansa\/#breadcrumb","itemListElement":[{"@type":"ListItem","position":1,"name":"Portada","item":"https:\/\/mystikus.com\/pt-pt\/inicio\/"},{"@type":"ListItem","position":2,"name":"Loja","item":"https:\/\/mystikus.com\/pt-pt\/loja\/"},{"@type":"ListItem","position":3,"name":"Ritual Premium Amansa"}]},{"@type":"WebSite","@id":"https:\/\/mystikus.com\/#website","url":"https:\/\/mystikus.com\/","name":"Mystikus","description":"","publisher":{"@id":"https:\/\/mystikus.com\/#organization"},"potentialAction":[{"@type":"SearchAction","target":{"@type":"EntryPoint","urlTemplate":"https:\/\/mystikus.com\/?s={search_term_string}"},"query-input":{"@type":"PropertyValueSpecification","valueRequired":true,"valueName":"search_term_string"}}],"inLanguage":"pt-PT"},{"@type":"Organization","@id":"https:\/\/mystikus.com\/#organization","name":"Mystikus","url":"https:\/\/mystikus.com\/","logo":{"@type":"ImageObject","inLanguage":"pt-PT","@id":"https:\/\/mystikus.com\/#\/schema\/logo\/image\/","url":"https:\/\/mystikus.com\/wp-content\/uploads\/2025\/06\/logo-instgaram-shop.jpg","contentUrl":"https:\/\/mystikus.com\/wp-content\/uploads\/2025\/06\/logo-instgaram-shop.jpg","width":227,"height":227,"caption":"Mystikus"},"image":{"@id":"https:\/\/mystikus.com\/#\/schema\/logo\/image\/"}}]}},"_links":{"self":[{"href":"https:\/\/mystikus.com\/pt-pt\/wp-json\/wp\/v2\/product\/25906","targetHints":{"allow":["GET"]}}],"collection":[{"href":"https:\/\/mystikus.com\/pt-pt\/wp-json\/wp\/v2\/product"}],"about":[{"href":"https:\/\/mystikus.com\/pt-pt\/wp-json\/wp\/v2\/types\/product"}],"replies":[{"embeddable":true,"href":"https:\/\/mystikus.com\/pt-pt\/wp-json\/wp\/v2\/comments?post=25906"}],"wp:featuredmedia":[{"embeddable":true,"href":"https:\/\/mystikus.com\/pt-pt\/wp-json\/wp\/v2\/media\/23517"}],"wp:attachment":[{"href":"https:\/\/mystikus.com\/pt-pt\/wp-json\/wp\/v2\/media?parent=25906"}],"wp:term":[{"taxonomy":"product_brand","embeddable":true,"href":"https:\/\/mystikus.com\/pt-pt\/wp-json\/wp\/v2\/product_brand?post=25906"},{"taxonomy":"product_cat","embeddable":true,"href":"https:\/\/mystikus.com\/pt-pt\/wp-json\/wp\/v2\/product_cat?post=25906"},{"taxonomy":"product_tag","embeddable":true,"href":"https:\/\/mystikus.com\/pt-pt\/wp-json\/wp\/v2\/product_tag?post=25906"}],"curies":[{"name":"wp","href":"https:\/\/api.w.org\/{rel}","templated":true}]}}