{"id":26162,"date":"2025-07-22T18:32:21","date_gmt":"2025-07-22T16:32:21","guid":{"rendered":"https:\/\/mystikus.com\/producto\/pulseira-de-chips-de-olho-de-tigre\/"},"modified":"2025-07-22T18:32:21","modified_gmt":"2025-07-22T16:32:21","slug":"pulseira-de-chips-de-olho-de-tigre","status":"publish","type":"product","link":"https:\/\/mystikus.com\/pt-pt\/producto\/pulseira-de-chips-de-olho-de-tigre\/","title":{"rendered":"Pulseira de Chips de Olho de Tigre"},"content":{"rendered":"<hr data-start=\"122\" data-end=\"125\">\n<p data-start=\"127\" data-end=\"205\"><strong data-start=\"127\" data-end=\"205\">Pulseira de Chips de Olho de Tigre \u2013 Prote\u00e7\u00e3o, Confian\u00e7a e For\u00e7a Interior<\/strong><\/p>\n<p data-start=\"207\" data-end=\"479\">Descobre o poder e a energia protetora do olho de tigre com esta pulseira elaborada com chips naturais. Com os seus tons dourados e castanhos que refletem a luz como um olho felino, esta pedra tem sido valorizada durante s\u00e9culos como um poderoso amuleto de for\u00e7a e prote\u00e7\u00e3o. <\/p>\n<p data-start=\"481\" data-end=\"678\">O olho de tigre \u00e9 conhecido como a pedra da valentia e da determina\u00e7\u00e3o. Aporta clareza mental, ajuda a tomar decis\u00f5es com seguran\u00e7a e protege contra as energias negativas e o mau-olhado. <\/p>\n<p data-start=\"680\" data-end=\"725\"><strong data-start=\"680\" data-end=\"725\">Propriedades energ\u00e9ticas do olho de tigre:<\/strong><\/p>\n<ul data-start=\"726\" data-end=\"940\">\n<li data-start=\"726\" data-end=\"774\">\n<p data-start=\"728\" data-end=\"774\">Aporta confian\u00e7a, for\u00e7a de vontade e coragem.<\/p>\n<\/li>\n<li data-start=\"775\" data-end=\"822\">\n<p data-start=\"777\" data-end=\"822\">Protege contra invejas e energias negativas.<\/p>\n<\/li>\n<li data-start=\"823\" data-end=\"883\">\n<p data-start=\"825\" data-end=\"883\">Favorece a clareza mental e o foco nos objetivos.<\/p>\n<\/li>\n<li data-start=\"884\" data-end=\"940\">\n<p data-start=\"886\" data-end=\"940\">Atrai prosperidade e equil\u00edbrio entre mente e esp\u00edrito.<\/p>\n<\/li>\n<\/ul>\n<p data-start=\"942\" data-end=\"975\"><strong data-start=\"942\" data-end=\"975\">Caracter\u00edsticas do produto:<\/strong><\/p>\n<ul data-start=\"976\" data-end=\"1208\">\n<li data-start=\"976\" data-end=\"1036\">\n<p data-start=\"978\" data-end=\"1036\">Material: Chips naturais de olho de tigre de alta qualidade.<\/p>\n<\/li>\n<li data-start=\"1037\" data-end=\"1081\">\n<p data-start=\"1039\" data-end=\"1081\">Design el\u00e1stico ou ajust\u00e1vel, feito \u00e0 m\u00e3o.<\/p>\n<\/li>\n<li data-start=\"1082\" data-end=\"1144\">\n<p data-start=\"1084\" data-end=\"1144\">Ideal para uso di\u00e1rio, medita\u00e7\u00f5es ou como amuleto pessoal.<\/p>\n<\/li>\n<li data-start=\"1145\" data-end=\"1208\">\n<p data-start=\"1147\" data-end=\"1208\">Perfeito para quem procura for\u00e7a, equil\u00edbrio e prote\u00e7\u00e3o.<\/p>\n<\/li>\n<\/ul>\n<p data-start=\"1210\" data-end=\"1358\">Leva esta pulseira como um lembrete do teu poder pessoal, da tua capacidade para superar desafios e da tua conex\u00e3o com a energia da terra e do sol.<\/p>\n","protected":false},"excerpt":{"rendered":"<p>Pulseira de Chips de Olho de Tigre \u2013 Prote\u00e7\u00e3o, Confian\u00e7a e For\u00e7a Interior Descobre o poder e a energia protetora do olho de tigre com esta pulseira elaborada com chips naturais. Com os seus tons dourados e castanhos que refletem a luz como um olho felino, esta pedra tem sido valorizada durante s\u00e9culos como um [&hellip;]<\/p>\n","protected":false},"featured_media":23921,"comment_status":"open","ping_status":"closed","template":"","meta":[],"product_brand":[],"product_cat":[112,111,133],"product_tag":[],"class_list":{"0":"post-26162","1":"product","2":"type-product","3":"status-publish","4":"has-post-thumbnail","6":"product_cat-minerais","7":"product_cat-minerais-e-joias","8":"product_cat-pulseiras","10":"first","11":"instock","12":"shipping-taxable","13":"purchasable","14":"product-type-simple"},"yoast_head":"<!-- This site is optimized with the Yoast SEO plugin v27.2 - https:\/\/yoast.com\/product\/yoast-seo-wordpress\/ -->\n<title>Pulseira de Chips de Olho de Tigre - Mystikus<\/title>\n<meta name=\"robots\" content=\"index, follow, max-snippet:-1, max-image-preview:large, max-video-preview:-1\" \/>\n<link rel=\"canonical\" href=\"https:\/\/mystikus.com\/pt-pt\/producto\/pulseira-de-chips-de-olho-de-tigre\/\" \/>\n<meta property=\"og:locale\" content=\"pt_PT\" \/>\n<meta property=\"og:type\" content=\"article\" \/>\n<meta property=\"og:title\" content=\"Pulseira de Chips de Olho de Tigre - Mystikus\" \/>\n<meta property=\"og:description\" content=\"Pulseira de Chips de Olho de Tigre \u2013 Prote\u00e7\u00e3o, Confian\u00e7a e For\u00e7a Interior Descobre o poder e a energia protetora do olho de tigre com esta pulseira elaborada com chips naturais. Com os seus tons dourados e castanhos que refletem a luz como um olho felino, esta pedra tem sido valorizada durante s\u00e9culos como um [&hellip;]\" \/>\n<meta property=\"og:url\" content=\"https:\/\/mystikus.com\/pt-pt\/producto\/pulseira-de-chips-de-olho-de-tigre\/\" \/>\n<meta property=\"og:site_name\" content=\"Mystikus\" \/>\n<meta property=\"og:image\" content=\"https:\/\/mystikus.com\/wp-content\/uploads\/2025\/07\/Pulsera-de-Chips-de-Ojo-de-Tigre.jpg\" \/>\n\t<meta property=\"og:image:width\" content=\"1587\" \/>\n\t<meta property=\"og:image:height\" content=\"1476\" \/>\n\t<meta property=\"og:image:type\" content=\"image\/jpeg\" \/>\n<meta name=\"twitter:card\" content=\"summary_large_image\" \/>\n<meta name=\"twitter:label1\" content=\"Tempo estimado de leitura\" \/>\n\t<meta name=\"twitter:data1\" content=\"1 minuto\" \/>\n<script type=\"application\/ld+json\" class=\"yoast-schema-graph\">{\"@context\":\"https:\/\/schema.org\",\"@graph\":[{\"@type\":\"WebPage\",\"@id\":\"https:\/\/mystikus.com\/pt-pt\/producto\/pulseira-de-chips-de-olho-de-tigre\/\",\"url\":\"https:\/\/mystikus.com\/pt-pt\/producto\/pulseira-de-chips-de-olho-de-tigre\/\",\"name\":\"Pulseira de Chips de Olho de Tigre - Mystikus\",\"isPartOf\":{\"@id\":\"https:\/\/mystikus.com\/#website\"},\"primaryImageOfPage\":{\"@id\":\"https:\/\/mystikus.com\/pt-pt\/producto\/pulseira-de-chips-de-olho-de-tigre\/#primaryimage\"},\"image\":{\"@id\":\"https:\/\/mystikus.com\/pt-pt\/producto\/pulseira-de-chips-de-olho-de-tigre\/#primaryimage\"},\"thumbnailUrl\":\"https:\/\/mystikus.com\/wp-content\/uploads\/2025\/07\/Pulsera-de-Chips-de-Ojo-de-Tigre.jpg\",\"datePublished\":\"2025-07-22T16:32:21+00:00\",\"breadcrumb\":{\"@id\":\"https:\/\/mystikus.com\/pt-pt\/producto\/pulseira-de-chips-de-olho-de-tigre\/#breadcrumb\"},\"inLanguage\":\"pt-PT\",\"potentialAction\":[{\"@type\":\"ReadAction\",\"target\":[\"https:\/\/mystikus.com\/pt-pt\/producto\/pulseira-de-chips-de-olho-de-tigre\/\"]}]},{\"@type\":\"ImageObject\",\"inLanguage\":\"pt-PT\",\"@id\":\"https:\/\/mystikus.com\/pt-pt\/producto\/pulseira-de-chips-de-olho-de-tigre\/#primaryimage\",\"url\":\"https:\/\/mystikus.com\/wp-content\/uploads\/2025\/07\/Pulsera-de-Chips-de-Ojo-de-Tigre.jpg\",\"contentUrl\":\"https:\/\/mystikus.com\/wp-content\/uploads\/2025\/07\/Pulsera-de-Chips-de-Ojo-de-Tigre.jpg\",\"width\":1587,\"height\":1476},{\"@type\":\"BreadcrumbList\",\"@id\":\"https:\/\/mystikus.com\/pt-pt\/producto\/pulseira-de-chips-de-olho-de-tigre\/#breadcrumb\",\"itemListElement\":[{\"@type\":\"ListItem\",\"position\":1,\"name\":\"Portada\",\"item\":\"https:\/\/mystikus.com\/pt-pt\/inicio\/\"},{\"@type\":\"ListItem\",\"position\":2,\"name\":\"Loja\",\"item\":\"https:\/\/mystikus.com\/pt-pt\/loja\/\"},{\"@type\":\"ListItem\",\"position\":3,\"name\":\"Pulseira de Chips de Olho de Tigre\"}]},{\"@type\":\"WebSite\",\"@id\":\"https:\/\/mystikus.com\/#website\",\"url\":\"https:\/\/mystikus.com\/\",\"name\":\"Mystikus\",\"description\":\"\",\"publisher\":{\"@id\":\"https:\/\/mystikus.com\/#organization\"},\"potentialAction\":[{\"@type\":\"SearchAction\",\"target\":{\"@type\":\"EntryPoint\",\"urlTemplate\":\"https:\/\/mystikus.com\/?s={search_term_string}\"},\"query-input\":{\"@type\":\"PropertyValueSpecification\",\"valueRequired\":true,\"valueName\":\"search_term_string\"}}],\"inLanguage\":\"pt-PT\"},{\"@type\":\"Organization\",\"@id\":\"https:\/\/mystikus.com\/#organization\",\"name\":\"Mystikus\",\"url\":\"https:\/\/mystikus.com\/\",\"logo\":{\"@type\":\"ImageObject\",\"inLanguage\":\"pt-PT\",\"@id\":\"https:\/\/mystikus.com\/#\/schema\/logo\/image\/\",\"url\":\"https:\/\/mystikus.com\/wp-content\/uploads\/2025\/06\/logo-instgaram-shop.jpg\",\"contentUrl\":\"https:\/\/mystikus.com\/wp-content\/uploads\/2025\/06\/logo-instgaram-shop.jpg\",\"width\":227,\"height\":227,\"caption\":\"Mystikus\"},\"image\":{\"@id\":\"https:\/\/mystikus.com\/#\/schema\/logo\/image\/\"}}]}<\/script>\n<!-- \/ Yoast SEO plugin. -->","yoast_head_json":{"title":"Pulseira de Chips de Olho de Tigre - Mystikus","robots":{"index":"index","follow":"follow","max-snippet":"max-snippet:-1","max-image-preview":"max-image-preview:large","max-video-preview":"max-video-preview:-1"},"canonical":"https:\/\/mystikus.com\/pt-pt\/producto\/pulseira-de-chips-de-olho-de-tigre\/","og_locale":"pt_PT","og_type":"article","og_title":"Pulseira de Chips de Olho de Tigre - Mystikus","og_description":"Pulseira de Chips de Olho de Tigre \u2013 Prote\u00e7\u00e3o, Confian\u00e7a e For\u00e7a Interior Descobre o poder e a energia protetora do olho de tigre com esta pulseira elaborada com chips naturais. Com os seus tons dourados e castanhos que refletem a luz como um olho felino, esta pedra tem sido valorizada durante s\u00e9culos como um [&hellip;]","og_url":"https:\/\/mystikus.com\/pt-pt\/producto\/pulseira-de-chips-de-olho-de-tigre\/","og_site_name":"Mystikus","og_image":[{"width":1587,"height":1476,"url":"https:\/\/mystikus.com\/wp-content\/uploads\/2025\/07\/Pulsera-de-Chips-de-Ojo-de-Tigre.jpg","type":"image\/jpeg"}],"twitter_card":"summary_large_image","twitter_misc":{"Tempo estimado de leitura":"1 minuto"},"schema":{"@context":"https:\/\/schema.org","@graph":[{"@type":"WebPage","@id":"https:\/\/mystikus.com\/pt-pt\/producto\/pulseira-de-chips-de-olho-de-tigre\/","url":"https:\/\/mystikus.com\/pt-pt\/producto\/pulseira-de-chips-de-olho-de-tigre\/","name":"Pulseira de Chips de Olho de Tigre - Mystikus","isPartOf":{"@id":"https:\/\/mystikus.com\/#website"},"primaryImageOfPage":{"@id":"https:\/\/mystikus.com\/pt-pt\/producto\/pulseira-de-chips-de-olho-de-tigre\/#primaryimage"},"image":{"@id":"https:\/\/mystikus.com\/pt-pt\/producto\/pulseira-de-chips-de-olho-de-tigre\/#primaryimage"},"thumbnailUrl":"https:\/\/mystikus.com\/wp-content\/uploads\/2025\/07\/Pulsera-de-Chips-de-Ojo-de-Tigre.jpg","datePublished":"2025-07-22T16:32:21+00:00","breadcrumb":{"@id":"https:\/\/mystikus.com\/pt-pt\/producto\/pulseira-de-chips-de-olho-de-tigre\/#breadcrumb"},"inLanguage":"pt-PT","potentialAction":[{"@type":"ReadAction","target":["https:\/\/mystikus.com\/pt-pt\/producto\/pulseira-de-chips-de-olho-de-tigre\/"]}]},{"@type":"ImageObject","inLanguage":"pt-PT","@id":"https:\/\/mystikus.com\/pt-pt\/producto\/pulseira-de-chips-de-olho-de-tigre\/#primaryimage","url":"https:\/\/mystikus.com\/wp-content\/uploads\/2025\/07\/Pulsera-de-Chips-de-Ojo-de-Tigre.jpg","contentUrl":"https:\/\/mystikus.com\/wp-content\/uploads\/2025\/07\/Pulsera-de-Chips-de-Ojo-de-Tigre.jpg","width":1587,"height":1476},{"@type":"BreadcrumbList","@id":"https:\/\/mystikus.com\/pt-pt\/producto\/pulseira-de-chips-de-olho-de-tigre\/#breadcrumb","itemListElement":[{"@type":"ListItem","position":1,"name":"Portada","item":"https:\/\/mystikus.com\/pt-pt\/inicio\/"},{"@type":"ListItem","position":2,"name":"Loja","item":"https:\/\/mystikus.com\/pt-pt\/loja\/"},{"@type":"ListItem","position":3,"name":"Pulseira de Chips de Olho de Tigre"}]},{"@type":"WebSite","@id":"https:\/\/mystikus.com\/#website","url":"https:\/\/mystikus.com\/","name":"Mystikus","description":"","publisher":{"@id":"https:\/\/mystikus.com\/#organization"},"potentialAction":[{"@type":"SearchAction","target":{"@type":"EntryPoint","urlTemplate":"https:\/\/mystikus.com\/?s={search_term_string}"},"query-input":{"@type":"PropertyValueSpecification","valueRequired":true,"valueName":"search_term_string"}}],"inLanguage":"pt-PT"},{"@type":"Organization","@id":"https:\/\/mystikus.com\/#organization","name":"Mystikus","url":"https:\/\/mystikus.com\/","logo":{"@type":"ImageObject","inLanguage":"pt-PT","@id":"https:\/\/mystikus.com\/#\/schema\/logo\/image\/","url":"https:\/\/mystikus.com\/wp-content\/uploads\/2025\/06\/logo-instgaram-shop.jpg","contentUrl":"https:\/\/mystikus.com\/wp-content\/uploads\/2025\/06\/logo-instgaram-shop.jpg","width":227,"height":227,"caption":"Mystikus"},"image":{"@id":"https:\/\/mystikus.com\/#\/schema\/logo\/image\/"}}]}},"_links":{"self":[{"href":"https:\/\/mystikus.com\/pt-pt\/wp-json\/wp\/v2\/product\/26162","targetHints":{"allow":["GET"]}}],"collection":[{"href":"https:\/\/mystikus.com\/pt-pt\/wp-json\/wp\/v2\/product"}],"about":[{"href":"https:\/\/mystikus.com\/pt-pt\/wp-json\/wp\/v2\/types\/product"}],"replies":[{"embeddable":true,"href":"https:\/\/mystikus.com\/pt-pt\/wp-json\/wp\/v2\/comments?post=26162"}],"wp:featuredmedia":[{"embeddable":true,"href":"https:\/\/mystikus.com\/pt-pt\/wp-json\/wp\/v2\/media\/23921"}],"wp:attachment":[{"href":"https:\/\/mystikus.com\/pt-pt\/wp-json\/wp\/v2\/media?parent=26162"}],"wp:term":[{"taxonomy":"product_brand","embeddable":true,"href":"https:\/\/mystikus.com\/pt-pt\/wp-json\/wp\/v2\/product_brand?post=26162"},{"taxonomy":"product_cat","embeddable":true,"href":"https:\/\/mystikus.com\/pt-pt\/wp-json\/wp\/v2\/product_cat?post=26162"},{"taxonomy":"product_tag","embeddable":true,"href":"https:\/\/mystikus.com\/pt-pt\/wp-json\/wp\/v2\/product_tag?post=26162"}],"curies":[{"name":"wp","href":"https:\/\/api.w.org\/{rel}","templated":true}]}}