{"id":26190,"date":"2025-07-19T12:27:06","date_gmt":"2025-07-19T10:27:06","guid":{"rendered":"https:\/\/mystikus.com\/producto\/pulseira-lucky-charme-coracao\/"},"modified":"2025-07-19T12:27:06","modified_gmt":"2025-07-19T10:27:06","slug":"pulseira-lucky-charme-coracao","status":"publish","type":"product","link":"https:\/\/mystikus.com\/pt-pt\/producto\/pulseira-lucky-charme-coracao\/","title":{"rendered":"Pulseira Lucky Charme Cora\u00e7\u00e3o"},"content":{"rendered":"<p data-start=\"162\" data-end=\"235\"><strong data-start=\"162\" data-end=\"235\">&#8220;Pulseira Lucky Charm com Cora\u00e7\u00e3o \u2013 Amor, Conex\u00e3o e Energia Positiva&#8221;<\/strong><\/p>\n<p data-start=\"237\" data-end=\"425\">A pulseira Lucky Charm com cora\u00e7\u00e3o \u00e9 um s\u00edmbolo universal do amor em todas as suas formas: amor-pr\u00f3prio, amor rom\u00e2ntico, amizade verdadeira e la\u00e7os que transcendem o tempo e a dist\u00e2ncia.<\/p>\n<p data-start=\"427\" data-end=\"693\">Este delicado amuleto representa tamb\u00e9m a compaix\u00e3o, a empatia e a conex\u00e3o emocional com os outros e consigo mesmo. \u00c9 ideal para quem valoriza os sentimentos sinceros e procura levar consigo um lembrete constante do que realmente importa na vida. <\/p>\n<p data-start=\"695\" data-end=\"944\">Confecionada com materiais resistentes e um design ajust\u00e1vel, esta pulseira combina eleg\u00e2ncia e significado. O seu charm em forma de cora\u00e7\u00e3o torna-a um detalhe perfeito para usar diariamente, como s\u00edmbolo de afeto, do\u00e7ura e fortaleza emocional. <\/p>\n<p data-start=\"946\" data-end=\"1110\">Um presente cheio de inten\u00e7\u00e3o para expressar amor, gratid\u00e3o ou bons desejos. Tamb\u00e9m perfeita para ti, como um amuleto pessoal de amor-pr\u00f3prio e equil\u00edbrio emocional. <\/p>\n","protected":false},"excerpt":{"rendered":"<p>&#8220;Pulseira Lucky Charm com Cora\u00e7\u00e3o \u2013 Amor, Conex\u00e3o e Energia Positiva&#8221; A pulseira Lucky Charm com cora\u00e7\u00e3o \u00e9 um s\u00edmbolo universal do amor em todas as suas formas: amor-pr\u00f3prio, amor rom\u00e2ntico, amizade verdadeira e la\u00e7os que transcendem o tempo e a dist\u00e2ncia. Este delicado amuleto representa tamb\u00e9m a compaix\u00e3o, a empatia e a conex\u00e3o emocional [&hellip;]<\/p>\n","protected":false},"featured_media":23912,"comment_status":"open","ping_status":"closed","template":"","meta":[],"product_brand":[],"product_cat":[135,253,226],"product_tag":[],"class_list":{"0":"post-26190","1":"product","2":"type-product","3":"status-publish","4":"has-post-thumbnail","6":"product_cat-esotericos","7":"product_cat-pulseiras-espirituais","8":"product_cat-talismas-e-amuletos","10":"first","11":"instock","12":"shipping-taxable","13":"purchasable","14":"product-type-simple"},"yoast_head":"<!-- This site is optimized with the Yoast SEO plugin v27.2 - https:\/\/yoast.com\/product\/yoast-seo-wordpress\/ -->\n<title>Pulseira Lucky Charme Cora\u00e7\u00e3o - Mystikus<\/title>\n<meta name=\"robots\" content=\"index, follow, max-snippet:-1, max-image-preview:large, max-video-preview:-1\" \/>\n<link rel=\"canonical\" href=\"https:\/\/mystikus.com\/pt-pt\/producto\/pulseira-lucky-charme-coracao\/\" \/>\n<meta property=\"og:locale\" content=\"pt_PT\" \/>\n<meta property=\"og:type\" content=\"article\" \/>\n<meta property=\"og:title\" content=\"Pulseira Lucky Charme Cora\u00e7\u00e3o - Mystikus\" \/>\n<meta property=\"og:description\" content=\"&#8220;Pulseira Lucky Charm com Cora\u00e7\u00e3o \u2013 Amor, Conex\u00e3o e Energia Positiva&#8221; A pulseira Lucky Charm com cora\u00e7\u00e3o \u00e9 um s\u00edmbolo universal do amor em todas as suas formas: amor-pr\u00f3prio, amor rom\u00e2ntico, amizade verdadeira e la\u00e7os que transcendem o tempo e a dist\u00e2ncia. Este delicado amuleto representa tamb\u00e9m a compaix\u00e3o, a empatia e a conex\u00e3o emocional [&hellip;]\" \/>\n<meta property=\"og:url\" content=\"https:\/\/mystikus.com\/pt-pt\/producto\/pulseira-lucky-charme-coracao\/\" \/>\n<meta property=\"og:site_name\" content=\"Mystikus\" \/>\n<meta property=\"og:image\" content=\"https:\/\/mystikus.com\/wp-content\/uploads\/2025\/07\/Pulsera-Lucky-Charme-Corazon.jpg\" \/>\n\t<meta property=\"og:image:width\" content=\"1587\" \/>\n\t<meta property=\"og:image:height\" content=\"1476\" \/>\n\t<meta property=\"og:image:type\" content=\"image\/jpeg\" \/>\n<meta name=\"twitter:card\" content=\"summary_large_image\" \/>\n<meta name=\"twitter:label1\" content=\"Tempo estimado de leitura\" \/>\n\t<meta name=\"twitter:data1\" content=\"1 minuto\" \/>\n<script type=\"application\/ld+json\" class=\"yoast-schema-graph\">{\"@context\":\"https:\/\/schema.org\",\"@graph\":[{\"@type\":\"WebPage\",\"@id\":\"https:\/\/mystikus.com\/pt-pt\/producto\/pulseira-lucky-charme-coracao\/\",\"url\":\"https:\/\/mystikus.com\/pt-pt\/producto\/pulseira-lucky-charme-coracao\/\",\"name\":\"Pulseira Lucky Charme Cora\u00e7\u00e3o - Mystikus\",\"isPartOf\":{\"@id\":\"https:\/\/mystikus.com\/#website\"},\"primaryImageOfPage\":{\"@id\":\"https:\/\/mystikus.com\/pt-pt\/producto\/pulseira-lucky-charme-coracao\/#primaryimage\"},\"image\":{\"@id\":\"https:\/\/mystikus.com\/pt-pt\/producto\/pulseira-lucky-charme-coracao\/#primaryimage\"},\"thumbnailUrl\":\"https:\/\/mystikus.com\/wp-content\/uploads\/2025\/07\/Pulsera-Lucky-Charme-Corazon.jpg\",\"datePublished\":\"2025-07-19T10:27:06+00:00\",\"breadcrumb\":{\"@id\":\"https:\/\/mystikus.com\/pt-pt\/producto\/pulseira-lucky-charme-coracao\/#breadcrumb\"},\"inLanguage\":\"pt-PT\",\"potentialAction\":[{\"@type\":\"ReadAction\",\"target\":[\"https:\/\/mystikus.com\/pt-pt\/producto\/pulseira-lucky-charme-coracao\/\"]}]},{\"@type\":\"ImageObject\",\"inLanguage\":\"pt-PT\",\"@id\":\"https:\/\/mystikus.com\/pt-pt\/producto\/pulseira-lucky-charme-coracao\/#primaryimage\",\"url\":\"https:\/\/mystikus.com\/wp-content\/uploads\/2025\/07\/Pulsera-Lucky-Charme-Corazon.jpg\",\"contentUrl\":\"https:\/\/mystikus.com\/wp-content\/uploads\/2025\/07\/Pulsera-Lucky-Charme-Corazon.jpg\",\"width\":1587,\"height\":1476},{\"@type\":\"BreadcrumbList\",\"@id\":\"https:\/\/mystikus.com\/pt-pt\/producto\/pulseira-lucky-charme-coracao\/#breadcrumb\",\"itemListElement\":[{\"@type\":\"ListItem\",\"position\":1,\"name\":\"Portada\",\"item\":\"https:\/\/mystikus.com\/pt-pt\/inicio\/\"},{\"@type\":\"ListItem\",\"position\":2,\"name\":\"Loja\",\"item\":\"https:\/\/mystikus.com\/pt-pt\/loja\/\"},{\"@type\":\"ListItem\",\"position\":3,\"name\":\"Pulseira Lucky Charme Cora\u00e7\u00e3o\"}]},{\"@type\":\"WebSite\",\"@id\":\"https:\/\/mystikus.com\/#website\",\"url\":\"https:\/\/mystikus.com\/\",\"name\":\"Mystikus\",\"description\":\"\",\"publisher\":{\"@id\":\"https:\/\/mystikus.com\/#organization\"},\"potentialAction\":[{\"@type\":\"SearchAction\",\"target\":{\"@type\":\"EntryPoint\",\"urlTemplate\":\"https:\/\/mystikus.com\/?s={search_term_string}\"},\"query-input\":{\"@type\":\"PropertyValueSpecification\",\"valueRequired\":true,\"valueName\":\"search_term_string\"}}],\"inLanguage\":\"pt-PT\"},{\"@type\":\"Organization\",\"@id\":\"https:\/\/mystikus.com\/#organization\",\"name\":\"Mystikus\",\"url\":\"https:\/\/mystikus.com\/\",\"logo\":{\"@type\":\"ImageObject\",\"inLanguage\":\"pt-PT\",\"@id\":\"https:\/\/mystikus.com\/#\/schema\/logo\/image\/\",\"url\":\"https:\/\/mystikus.com\/wp-content\/uploads\/2025\/06\/logo-instgaram-shop.jpg\",\"contentUrl\":\"https:\/\/mystikus.com\/wp-content\/uploads\/2025\/06\/logo-instgaram-shop.jpg\",\"width\":227,\"height\":227,\"caption\":\"Mystikus\"},\"image\":{\"@id\":\"https:\/\/mystikus.com\/#\/schema\/logo\/image\/\"}}]}<\/script>\n<!-- \/ Yoast SEO plugin. -->","yoast_head_json":{"title":"Pulseira Lucky Charme Cora\u00e7\u00e3o - Mystikus","robots":{"index":"index","follow":"follow","max-snippet":"max-snippet:-1","max-image-preview":"max-image-preview:large","max-video-preview":"max-video-preview:-1"},"canonical":"https:\/\/mystikus.com\/pt-pt\/producto\/pulseira-lucky-charme-coracao\/","og_locale":"pt_PT","og_type":"article","og_title":"Pulseira Lucky Charme Cora\u00e7\u00e3o - Mystikus","og_description":"&#8220;Pulseira Lucky Charm com Cora\u00e7\u00e3o \u2013 Amor, Conex\u00e3o e Energia Positiva&#8221; A pulseira Lucky Charm com cora\u00e7\u00e3o \u00e9 um s\u00edmbolo universal do amor em todas as suas formas: amor-pr\u00f3prio, amor rom\u00e2ntico, amizade verdadeira e la\u00e7os que transcendem o tempo e a dist\u00e2ncia. Este delicado amuleto representa tamb\u00e9m a compaix\u00e3o, a empatia e a conex\u00e3o emocional [&hellip;]","og_url":"https:\/\/mystikus.com\/pt-pt\/producto\/pulseira-lucky-charme-coracao\/","og_site_name":"Mystikus","og_image":[{"width":1587,"height":1476,"url":"https:\/\/mystikus.com\/wp-content\/uploads\/2025\/07\/Pulsera-Lucky-Charme-Corazon.jpg","type":"image\/jpeg"}],"twitter_card":"summary_large_image","twitter_misc":{"Tempo estimado de leitura":"1 minuto"},"schema":{"@context":"https:\/\/schema.org","@graph":[{"@type":"WebPage","@id":"https:\/\/mystikus.com\/pt-pt\/producto\/pulseira-lucky-charme-coracao\/","url":"https:\/\/mystikus.com\/pt-pt\/producto\/pulseira-lucky-charme-coracao\/","name":"Pulseira Lucky Charme Cora\u00e7\u00e3o - Mystikus","isPartOf":{"@id":"https:\/\/mystikus.com\/#website"},"primaryImageOfPage":{"@id":"https:\/\/mystikus.com\/pt-pt\/producto\/pulseira-lucky-charme-coracao\/#primaryimage"},"image":{"@id":"https:\/\/mystikus.com\/pt-pt\/producto\/pulseira-lucky-charme-coracao\/#primaryimage"},"thumbnailUrl":"https:\/\/mystikus.com\/wp-content\/uploads\/2025\/07\/Pulsera-Lucky-Charme-Corazon.jpg","datePublished":"2025-07-19T10:27:06+00:00","breadcrumb":{"@id":"https:\/\/mystikus.com\/pt-pt\/producto\/pulseira-lucky-charme-coracao\/#breadcrumb"},"inLanguage":"pt-PT","potentialAction":[{"@type":"ReadAction","target":["https:\/\/mystikus.com\/pt-pt\/producto\/pulseira-lucky-charme-coracao\/"]}]},{"@type":"ImageObject","inLanguage":"pt-PT","@id":"https:\/\/mystikus.com\/pt-pt\/producto\/pulseira-lucky-charme-coracao\/#primaryimage","url":"https:\/\/mystikus.com\/wp-content\/uploads\/2025\/07\/Pulsera-Lucky-Charme-Corazon.jpg","contentUrl":"https:\/\/mystikus.com\/wp-content\/uploads\/2025\/07\/Pulsera-Lucky-Charme-Corazon.jpg","width":1587,"height":1476},{"@type":"BreadcrumbList","@id":"https:\/\/mystikus.com\/pt-pt\/producto\/pulseira-lucky-charme-coracao\/#breadcrumb","itemListElement":[{"@type":"ListItem","position":1,"name":"Portada","item":"https:\/\/mystikus.com\/pt-pt\/inicio\/"},{"@type":"ListItem","position":2,"name":"Loja","item":"https:\/\/mystikus.com\/pt-pt\/loja\/"},{"@type":"ListItem","position":3,"name":"Pulseira Lucky Charme Cora\u00e7\u00e3o"}]},{"@type":"WebSite","@id":"https:\/\/mystikus.com\/#website","url":"https:\/\/mystikus.com\/","name":"Mystikus","description":"","publisher":{"@id":"https:\/\/mystikus.com\/#organization"},"potentialAction":[{"@type":"SearchAction","target":{"@type":"EntryPoint","urlTemplate":"https:\/\/mystikus.com\/?s={search_term_string}"},"query-input":{"@type":"PropertyValueSpecification","valueRequired":true,"valueName":"search_term_string"}}],"inLanguage":"pt-PT"},{"@type":"Organization","@id":"https:\/\/mystikus.com\/#organization","name":"Mystikus","url":"https:\/\/mystikus.com\/","logo":{"@type":"ImageObject","inLanguage":"pt-PT","@id":"https:\/\/mystikus.com\/#\/schema\/logo\/image\/","url":"https:\/\/mystikus.com\/wp-content\/uploads\/2025\/06\/logo-instgaram-shop.jpg","contentUrl":"https:\/\/mystikus.com\/wp-content\/uploads\/2025\/06\/logo-instgaram-shop.jpg","width":227,"height":227,"caption":"Mystikus"},"image":{"@id":"https:\/\/mystikus.com\/#\/schema\/logo\/image\/"}}]}},"_links":{"self":[{"href":"https:\/\/mystikus.com\/pt-pt\/wp-json\/wp\/v2\/product\/26190","targetHints":{"allow":["GET"]}}],"collection":[{"href":"https:\/\/mystikus.com\/pt-pt\/wp-json\/wp\/v2\/product"}],"about":[{"href":"https:\/\/mystikus.com\/pt-pt\/wp-json\/wp\/v2\/types\/product"}],"replies":[{"embeddable":true,"href":"https:\/\/mystikus.com\/pt-pt\/wp-json\/wp\/v2\/comments?post=26190"}],"wp:featuredmedia":[{"embeddable":true,"href":"https:\/\/mystikus.com\/pt-pt\/wp-json\/wp\/v2\/media\/23912"}],"wp:attachment":[{"href":"https:\/\/mystikus.com\/pt-pt\/wp-json\/wp\/v2\/media?parent=26190"}],"wp:term":[{"taxonomy":"product_brand","embeddable":true,"href":"https:\/\/mystikus.com\/pt-pt\/wp-json\/wp\/v2\/product_brand?post=26190"},{"taxonomy":"product_cat","embeddable":true,"href":"https:\/\/mystikus.com\/pt-pt\/wp-json\/wp\/v2\/product_cat?post=26190"},{"taxonomy":"product_tag","embeddable":true,"href":"https:\/\/mystikus.com\/pt-pt\/wp-json\/wp\/v2\/product_tag?post=26190"}],"curies":[{"name":"wp","href":"https:\/\/api.w.org\/{rel}","templated":true}]}}