{"id":26546,"date":"2025-12-22T13:40:55","date_gmt":"2025-12-22T12:40:55","guid":{"rendered":"https:\/\/mystikus.com\/producto\/colar-com-pendente-de-prata-com-uma-perola\/"},"modified":"2025-12-22T13:40:55","modified_gmt":"2025-12-22T12:40:55","slug":"colar-com-pendente-de-prata-com-uma-perola","status":"publish","type":"product","link":"https:\/\/mystikus.com\/pt-pt\/producto\/colar-com-pendente-de-prata-com-uma-perola\/","title":{"rendered":"Colar com pendente de prata com uma p\u00e9rola"},"content":{"rendered":"<p data-start=\"186\" data-end=\"214\"><strong data-start=\"186\" data-end=\"214\">Descri\u00e7\u00e3o do produto<\/strong><\/p>\n<p data-start=\"216\" data-end=\"503\">Este elegante colar de prata destaca-se pelo seu design delicado e sofisticado, com um fino pendente de p\u00e9rola que lhe confere um toque de distin\u00e7\u00e3o e feminilidade. A combina\u00e7\u00e3o do brilho da prata com a suavidade da p\u00e9rola cria uma pe\u00e7a equilibrada, discreta e intemporal. <\/p>\n<p data-start=\"505\" data-end=\"776\">O seu design minimalista torna-o um acess\u00f3rio vers\u00e1til, ideal para complementar tanto os looks do dia a dia como os mais formais. \u00c9 uma pe\u00e7a de joalharia que transmite uma eleg\u00e2ncia natural e aten\u00e7\u00e3o aos detalhes, perfeita para quem aprecia pe\u00e7as cl\u00e1ssicas com um acabamento requintado. <\/p>\n<p data-start=\"778\" data-end=\"875\">Uma escolha ideal para oferecer ou para dar um toque subtil de sofistica\u00e7\u00e3o ao teu estilo pessoal.<\/p>\n<p data-start=\"877\" data-end=\"897\"><strong data-start=\"877\" data-end=\"897\">Carater\u00edsticas:<\/strong><\/p>\n<ul data-start=\"898\" data-end=\"1048\">\n<li data-start=\"898\" data-end=\"917\">\n<p data-start=\"900\" data-end=\"917\">Material: Prata<\/p>\n<\/li>\n<li data-start=\"918\" data-end=\"949\">\n<p data-start=\"920\" data-end=\"949\">Detalhe: Pingente com p\u00e9rola<\/p>\n<\/li>\n<li data-start=\"950\" data-end=\"984\">\n<p data-start=\"952\" data-end=\"984\">Estilo: Elegante e minimalista<\/p>\n<\/li>\n<li data-start=\"985\" data-end=\"1009\">\n<p data-start=\"987\" data-end=\"1009\">Acabamento: polido fino<\/p>\n<\/li>\n<li data-start=\"1010\" data-end=\"1048\">\n<p data-start=\"1012\" data-end=\"1048\">Utiliza\u00e7\u00e3o: Todos os dias e ocasi\u00f5es especiais<\/p>\n<\/li>\n<\/ul>\n","protected":false},"excerpt":{"rendered":"<p data-start=\"877\" data-end=\"897\"><strong data-start=\"877\" data-end=\"897\">Carater\u00edsticas:<\/strong><\/p>\n<ul data-start=\"898\" data-end=\"1048\">\n<li data-start=\"898\" data-end=\"917\">\n<p data-start=\"900\" data-end=\"917\">Material: Prata<\/p>\n<\/li>\n<li data-start=\"918\" data-end=\"949\">\n<p data-start=\"920\" data-end=\"949\">Detalhe: Pingente com p\u00e9rola<\/p>\n<\/li>\n<li data-start=\"950\" data-end=\"984\">\n<p data-start=\"952\" data-end=\"984\">Estilo: Elegante e minimalista<\/p>\n<\/li>\n<li data-start=\"985\" data-end=\"1009\">\n<p data-start=\"987\" data-end=\"1009\">Acabamento: polido fino<\/p>\n<\/li>\n<li data-start=\"1010\" data-end=\"1048\">\n<p data-start=\"1012\" data-end=\"1048\">Utiliza\u00e7\u00e3o: Todos os dias e ocasi\u00f5es especiais<\/p>\n<\/li>\n<\/ul>\n","protected":false},"featured_media":26483,"comment_status":"open","ping_status":"closed","template":"","meta":[],"product_brand":[],"product_cat":[269,270,274,111],"product_tag":[],"class_list":{"0":"post-26546","1":"product","2":"type-product","3":"status-publish","4":"has-post-thumbnail","6":"product_cat-bijutaria","7":"product_cat-colares","9":"product_cat-minerais-e-joias","11":"first","12":"instock","13":"shipping-taxable","14":"purchasable","15":"product-type-simple"},"yoast_head":"<!-- This site is optimized with the Yoast SEO plugin v27.2 - https:\/\/yoast.com\/product\/yoast-seo-wordpress\/ -->\n<title>Colar com pendente de prata com uma p\u00e9rola - Mystikus<\/title>\n<meta name=\"robots\" content=\"index, follow, max-snippet:-1, max-image-preview:large, max-video-preview:-1\" \/>\n<link rel=\"canonical\" href=\"https:\/\/mystikus.com\/pt-pt\/producto\/colar-com-pendente-de-prata-com-uma-perola\/\" \/>\n<meta property=\"og:locale\" content=\"pt_PT\" \/>\n<meta property=\"og:type\" content=\"article\" \/>\n<meta property=\"og:title\" content=\"Colar com pendente de prata com uma p\u00e9rola - Mystikus\" \/>\n<meta property=\"og:description\" content=\"Carater\u00edsticas:   Material: Prata   Detalhe: Pingente com p\u00e9rola   Estilo: Elegante e minimalista   Acabamento: polido fino   Utiliza\u00e7\u00e3o: Todos os dias e ocasi\u00f5es especiais\" \/>\n<meta property=\"og:url\" content=\"https:\/\/mystikus.com\/pt-pt\/producto\/colar-com-pendente-de-prata-com-uma-perola\/\" \/>\n<meta property=\"og:site_name\" content=\"Mystikus\" \/>\n<meta property=\"og:image\" content=\"https:\/\/mystikus.com\/wp-content\/uploads\/2025\/12\/collar-2.jpg\" \/>\n\t<meta property=\"og:image:width\" content=\"1587\" \/>\n\t<meta property=\"og:image:height\" content=\"1476\" \/>\n\t<meta property=\"og:image:type\" content=\"image\/jpeg\" \/>\n<meta name=\"twitter:card\" content=\"summary_large_image\" \/>\n<meta name=\"twitter:label1\" content=\"Tempo estimado de leitura\" \/>\n\t<meta name=\"twitter:data1\" content=\"1 minuto\" \/>\n<script type=\"application\/ld+json\" class=\"yoast-schema-graph\">{\"@context\":\"https:\/\/schema.org\",\"@graph\":[{\"@type\":\"WebPage\",\"@id\":\"https:\/\/mystikus.com\/pt-pt\/producto\/colar-com-pendente-de-prata-com-uma-perola\/\",\"url\":\"https:\/\/mystikus.com\/pt-pt\/producto\/colar-com-pendente-de-prata-com-uma-perola\/\",\"name\":\"Colar com pendente de prata com uma p\u00e9rola - Mystikus\",\"isPartOf\":{\"@id\":\"https:\/\/mystikus.com\/#website\"},\"primaryImageOfPage\":{\"@id\":\"https:\/\/mystikus.com\/pt-pt\/producto\/colar-com-pendente-de-prata-com-uma-perola\/#primaryimage\"},\"image\":{\"@id\":\"https:\/\/mystikus.com\/pt-pt\/producto\/colar-com-pendente-de-prata-com-uma-perola\/#primaryimage\"},\"thumbnailUrl\":\"https:\/\/mystikus.com\/wp-content\/uploads\/2025\/12\/collar-2.jpg\",\"datePublished\":\"2025-12-22T12:40:55+00:00\",\"breadcrumb\":{\"@id\":\"https:\/\/mystikus.com\/pt-pt\/producto\/colar-com-pendente-de-prata-com-uma-perola\/#breadcrumb\"},\"inLanguage\":\"pt-PT\",\"potentialAction\":[{\"@type\":\"ReadAction\",\"target\":[\"https:\/\/mystikus.com\/pt-pt\/producto\/colar-com-pendente-de-prata-com-uma-perola\/\"]}]},{\"@type\":\"ImageObject\",\"inLanguage\":\"pt-PT\",\"@id\":\"https:\/\/mystikus.com\/pt-pt\/producto\/colar-com-pendente-de-prata-com-uma-perola\/#primaryimage\",\"url\":\"https:\/\/mystikus.com\/wp-content\/uploads\/2025\/12\/collar-2.jpg\",\"contentUrl\":\"https:\/\/mystikus.com\/wp-content\/uploads\/2025\/12\/collar-2.jpg\",\"width\":1587,\"height\":1476},{\"@type\":\"BreadcrumbList\",\"@id\":\"https:\/\/mystikus.com\/pt-pt\/producto\/colar-com-pendente-de-prata-com-uma-perola\/#breadcrumb\",\"itemListElement\":[{\"@type\":\"ListItem\",\"position\":1,\"name\":\"Portada\",\"item\":\"https:\/\/mystikus.com\/pt-pt\/inicio\/\"},{\"@type\":\"ListItem\",\"position\":2,\"name\":\"Loja\",\"item\":\"https:\/\/mystikus.com\/pt-pt\/loja\/\"},{\"@type\":\"ListItem\",\"position\":3,\"name\":\"Colar com pendente de prata com uma p\u00e9rola\"}]},{\"@type\":\"WebSite\",\"@id\":\"https:\/\/mystikus.com\/#website\",\"url\":\"https:\/\/mystikus.com\/\",\"name\":\"Mystikus\",\"description\":\"\",\"publisher\":{\"@id\":\"https:\/\/mystikus.com\/#organization\"},\"potentialAction\":[{\"@type\":\"SearchAction\",\"target\":{\"@type\":\"EntryPoint\",\"urlTemplate\":\"https:\/\/mystikus.com\/?s={search_term_string}\"},\"query-input\":{\"@type\":\"PropertyValueSpecification\",\"valueRequired\":true,\"valueName\":\"search_term_string\"}}],\"inLanguage\":\"pt-PT\"},{\"@type\":\"Organization\",\"@id\":\"https:\/\/mystikus.com\/#organization\",\"name\":\"Mystikus\",\"url\":\"https:\/\/mystikus.com\/\",\"logo\":{\"@type\":\"ImageObject\",\"inLanguage\":\"pt-PT\",\"@id\":\"https:\/\/mystikus.com\/#\/schema\/logo\/image\/\",\"url\":\"https:\/\/mystikus.com\/wp-content\/uploads\/2025\/06\/logo-instgaram-shop.jpg\",\"contentUrl\":\"https:\/\/mystikus.com\/wp-content\/uploads\/2025\/06\/logo-instgaram-shop.jpg\",\"width\":227,\"height\":227,\"caption\":\"Mystikus\"},\"image\":{\"@id\":\"https:\/\/mystikus.com\/#\/schema\/logo\/image\/\"}}]}<\/script>\n<!-- \/ Yoast SEO plugin. -->","yoast_head_json":{"title":"Colar com pendente de prata com uma p\u00e9rola - Mystikus","robots":{"index":"index","follow":"follow","max-snippet":"max-snippet:-1","max-image-preview":"max-image-preview:large","max-video-preview":"max-video-preview:-1"},"canonical":"https:\/\/mystikus.com\/pt-pt\/producto\/colar-com-pendente-de-prata-com-uma-perola\/","og_locale":"pt_PT","og_type":"article","og_title":"Colar com pendente de prata com uma p\u00e9rola - Mystikus","og_description":"Carater\u00edsticas:   Material: Prata   Detalhe: Pingente com p\u00e9rola   Estilo: Elegante e minimalista   Acabamento: polido fino   Utiliza\u00e7\u00e3o: Todos os dias e ocasi\u00f5es especiais","og_url":"https:\/\/mystikus.com\/pt-pt\/producto\/colar-com-pendente-de-prata-com-uma-perola\/","og_site_name":"Mystikus","og_image":[{"width":1587,"height":1476,"url":"https:\/\/mystikus.com\/wp-content\/uploads\/2025\/12\/collar-2.jpg","type":"image\/jpeg"}],"twitter_card":"summary_large_image","twitter_misc":{"Tempo estimado de leitura":"1 minuto"},"schema":{"@context":"https:\/\/schema.org","@graph":[{"@type":"WebPage","@id":"https:\/\/mystikus.com\/pt-pt\/producto\/colar-com-pendente-de-prata-com-uma-perola\/","url":"https:\/\/mystikus.com\/pt-pt\/producto\/colar-com-pendente-de-prata-com-uma-perola\/","name":"Colar com pendente de prata com uma p\u00e9rola - Mystikus","isPartOf":{"@id":"https:\/\/mystikus.com\/#website"},"primaryImageOfPage":{"@id":"https:\/\/mystikus.com\/pt-pt\/producto\/colar-com-pendente-de-prata-com-uma-perola\/#primaryimage"},"image":{"@id":"https:\/\/mystikus.com\/pt-pt\/producto\/colar-com-pendente-de-prata-com-uma-perola\/#primaryimage"},"thumbnailUrl":"https:\/\/mystikus.com\/wp-content\/uploads\/2025\/12\/collar-2.jpg","datePublished":"2025-12-22T12:40:55+00:00","breadcrumb":{"@id":"https:\/\/mystikus.com\/pt-pt\/producto\/colar-com-pendente-de-prata-com-uma-perola\/#breadcrumb"},"inLanguage":"pt-PT","potentialAction":[{"@type":"ReadAction","target":["https:\/\/mystikus.com\/pt-pt\/producto\/colar-com-pendente-de-prata-com-uma-perola\/"]}]},{"@type":"ImageObject","inLanguage":"pt-PT","@id":"https:\/\/mystikus.com\/pt-pt\/producto\/colar-com-pendente-de-prata-com-uma-perola\/#primaryimage","url":"https:\/\/mystikus.com\/wp-content\/uploads\/2025\/12\/collar-2.jpg","contentUrl":"https:\/\/mystikus.com\/wp-content\/uploads\/2025\/12\/collar-2.jpg","width":1587,"height":1476},{"@type":"BreadcrumbList","@id":"https:\/\/mystikus.com\/pt-pt\/producto\/colar-com-pendente-de-prata-com-uma-perola\/#breadcrumb","itemListElement":[{"@type":"ListItem","position":1,"name":"Portada","item":"https:\/\/mystikus.com\/pt-pt\/inicio\/"},{"@type":"ListItem","position":2,"name":"Loja","item":"https:\/\/mystikus.com\/pt-pt\/loja\/"},{"@type":"ListItem","position":3,"name":"Colar com pendente de prata com uma p\u00e9rola"}]},{"@type":"WebSite","@id":"https:\/\/mystikus.com\/#website","url":"https:\/\/mystikus.com\/","name":"Mystikus","description":"","publisher":{"@id":"https:\/\/mystikus.com\/#organization"},"potentialAction":[{"@type":"SearchAction","target":{"@type":"EntryPoint","urlTemplate":"https:\/\/mystikus.com\/?s={search_term_string}"},"query-input":{"@type":"PropertyValueSpecification","valueRequired":true,"valueName":"search_term_string"}}],"inLanguage":"pt-PT"},{"@type":"Organization","@id":"https:\/\/mystikus.com\/#organization","name":"Mystikus","url":"https:\/\/mystikus.com\/","logo":{"@type":"ImageObject","inLanguage":"pt-PT","@id":"https:\/\/mystikus.com\/#\/schema\/logo\/image\/","url":"https:\/\/mystikus.com\/wp-content\/uploads\/2025\/06\/logo-instgaram-shop.jpg","contentUrl":"https:\/\/mystikus.com\/wp-content\/uploads\/2025\/06\/logo-instgaram-shop.jpg","width":227,"height":227,"caption":"Mystikus"},"image":{"@id":"https:\/\/mystikus.com\/#\/schema\/logo\/image\/"}}]}},"_links":{"self":[{"href":"https:\/\/mystikus.com\/pt-pt\/wp-json\/wp\/v2\/product\/26546","targetHints":{"allow":["GET"]}}],"collection":[{"href":"https:\/\/mystikus.com\/pt-pt\/wp-json\/wp\/v2\/product"}],"about":[{"href":"https:\/\/mystikus.com\/pt-pt\/wp-json\/wp\/v2\/types\/product"}],"replies":[{"embeddable":true,"href":"https:\/\/mystikus.com\/pt-pt\/wp-json\/wp\/v2\/comments?post=26546"}],"wp:featuredmedia":[{"embeddable":true,"href":"https:\/\/mystikus.com\/pt-pt\/wp-json\/wp\/v2\/media\/26483"}],"wp:attachment":[{"href":"https:\/\/mystikus.com\/pt-pt\/wp-json\/wp\/v2\/media?parent=26546"}],"wp:term":[{"taxonomy":"product_brand","embeddable":true,"href":"https:\/\/mystikus.com\/pt-pt\/wp-json\/wp\/v2\/product_brand?post=26546"},{"taxonomy":"product_cat","embeddable":true,"href":"https:\/\/mystikus.com\/pt-pt\/wp-json\/wp\/v2\/product_cat?post=26546"},{"taxonomy":"product_tag","embeddable":true,"href":"https:\/\/mystikus.com\/pt-pt\/wp-json\/wp\/v2\/product_tag?post=26546"}],"curies":[{"name":"wp","href":"https:\/\/api.w.org\/{rel}","templated":true}]}}