{"id":26550,"date":"2025-12-22T14:53:11","date_gmt":"2025-12-22T13:53:11","guid":{"rendered":"https:\/\/mystikus.com\/producto\/colar-de-prata-com-banho-de-ouro\/"},"modified":"2025-12-22T14:53:11","modified_gmt":"2025-12-22T13:53:11","slug":"colar-de-prata-com-banho-de-ouro","status":"publish","type":"product","link":"https:\/\/mystikus.com\/pt-pt\/producto\/colar-de-prata-com-banho-de-ouro\/","title":{"rendered":"Colar de prata com banho de ouro"},"content":{"rendered":"<p data-start=\"137\" data-end=\"165\"><strong data-start=\"137\" data-end=\"165\">Descri\u00e7\u00e3o do produto<\/strong><\/p>\n<p data-start=\"167\" data-end=\"500\">Este colar contempor\u00e2neo apresenta um pendente com linhas org\u00e2nicas e um acabamento polido, trabalhado em<strong data-start=\"278\" data-end=\"309\"> prata banhada a ouro<\/strong> para um brilho quente e sofisticado. A sua forma fluida e escultural reflecte uma est\u00e9tica moderna e minimalista, ideal para quem valoriza j\u00f3ias com car\u00e1cter e design intemporal. <\/p>\n<p data-start=\"502\" data-end=\"726\">A combina\u00e7\u00e3o do tom dourado com o design elegante faz deste colar um acess\u00f3rio vers\u00e1til, perfeito tanto para o dia a dia como para ocasi\u00f5es especiais. Uma pe\u00e7a equilibrada que confere distin\u00e7\u00e3o sem excessos. <\/p>\n<p data-start=\"728\" data-end=\"794\">Uma pe\u00e7a de joalharia requintada que real\u00e7a qualquer look com subtileza e estilo.<\/p>\n<p data-start=\"796\" data-end=\"816\"><strong data-start=\"796\" data-end=\"816\">Carater\u00edsticas:<\/strong><\/p>\n<ul data-start=\"817\" data-end=\"1001\">\n<li data-start=\"817\" data-end=\"862\">\n<p data-start=\"819\" data-end=\"862\">Material:<strong data-start=\"829\" data-end=\"860\">Prata dourada<\/strong><\/p>\n<\/li>\n<li data-start=\"863\" data-end=\"901\">\n<p data-start=\"865\" data-end=\"901\">Design: Pendente com forma org\u00e2nica<\/p>\n<\/li>\n<li data-start=\"902\" data-end=\"932\">\n<p data-start=\"904\" data-end=\"932\">Estilo: Moderno e elegante<\/p>\n<\/li>\n<li data-start=\"933\" data-end=\"962\">\n<p data-start=\"935\" data-end=\"962\">Acabamento: polido brilhante<\/p>\n<\/li>\n<li data-start=\"963\" data-end=\"1001\">\n<p data-start=\"965\" data-end=\"1001\">Utiliza\u00e7\u00e3o: Todos os dias e ocasi\u00f5es especiais<\/p>\n<\/li>\n<\/ul>\n","protected":false},"excerpt":{"rendered":"<ul data-start=\"817\" data-end=\"1001\">\n<li data-start=\"817\" data-end=\"862\">\n<p data-start=\"819\" data-end=\"862\">Material:<strong data-start=\"829\" data-end=\"860\">Prata dourada<\/strong><\/p>\n<\/li>\n<li data-start=\"863\" data-end=\"901\">\n<p data-start=\"865\" data-end=\"901\">Design: Pendente com forma org\u00e2nica<\/p>\n<\/li>\n<li data-start=\"902\" data-end=\"932\">\n<p data-start=\"904\" data-end=\"932\">Estilo: Moderno e elegante<\/p>\n<\/li>\n<li data-start=\"933\" data-end=\"962\">\n<p data-start=\"935\" data-end=\"962\">Acabamento: polido brilhante<\/p>\n<\/li>\n<li data-start=\"963\" data-end=\"1001\">\n<p data-start=\"965\" data-end=\"1001\">Utiliza\u00e7\u00e3o: Todos os dias e ocasi\u00f5es especiais<\/p>\n<\/li>\n<\/ul>\n","protected":false},"featured_media":26485,"comment_status":"open","ping_status":"closed","template":"","meta":[],"product_brand":[],"product_cat":[269,274,270,111],"product_tag":[],"class_list":{"0":"post-26550","1":"product","2":"type-product","3":"status-publish","4":"has-post-thumbnail","6":"product_cat-bijutaria","7":"product_cat-colares","9":"product_cat-minerais-e-joias","11":"first","12":"instock","13":"shipping-taxable","14":"purchasable","15":"product-type-simple"},"yoast_head":"<!-- This site is optimized with the Yoast SEO plugin v27.2 - https:\/\/yoast.com\/product\/yoast-seo-wordpress\/ -->\n<title>Colar de prata com banho de ouro - Mystikus<\/title>\n<meta name=\"robots\" content=\"index, follow, max-snippet:-1, max-image-preview:large, max-video-preview:-1\" \/>\n<link rel=\"canonical\" href=\"https:\/\/mystikus.com\/pt-pt\/producto\/colar-de-prata-com-banho-de-ouro\/\" \/>\n<meta property=\"og:locale\" content=\"pt_PT\" \/>\n<meta property=\"og:type\" content=\"article\" \/>\n<meta property=\"og:title\" content=\"Colar de prata com banho de ouro - Mystikus\" \/>\n<meta property=\"og:description\" content=\"Material:Prata dourada   Design: Pendente com forma org\u00e2nica   Estilo: Moderno e elegante   Acabamento: polido brilhante   Utiliza\u00e7\u00e3o: Todos os dias e ocasi\u00f5es especiais\" \/>\n<meta property=\"og:url\" content=\"https:\/\/mystikus.com\/pt-pt\/producto\/colar-de-prata-com-banho-de-ouro\/\" \/>\n<meta property=\"og:site_name\" content=\"Mystikus\" \/>\n<meta property=\"og:image\" content=\"https:\/\/mystikus.com\/wp-content\/uploads\/2025\/12\/collar-3.jpg\" \/>\n\t<meta property=\"og:image:width\" content=\"1587\" \/>\n\t<meta property=\"og:image:height\" content=\"1476\" \/>\n\t<meta property=\"og:image:type\" content=\"image\/jpeg\" \/>\n<meta name=\"twitter:card\" content=\"summary_large_image\" \/>\n<meta name=\"twitter:label1\" content=\"Tempo estimado de leitura\" \/>\n\t<meta name=\"twitter:data1\" content=\"1 minuto\" \/>\n<script type=\"application\/ld+json\" class=\"yoast-schema-graph\">{\"@context\":\"https:\/\/schema.org\",\"@graph\":[{\"@type\":\"WebPage\",\"@id\":\"https:\/\/mystikus.com\/pt-pt\/producto\/colar-de-prata-com-banho-de-ouro\/\",\"url\":\"https:\/\/mystikus.com\/pt-pt\/producto\/colar-de-prata-com-banho-de-ouro\/\",\"name\":\"Colar de prata com banho de ouro - Mystikus\",\"isPartOf\":{\"@id\":\"https:\/\/mystikus.com\/#website\"},\"primaryImageOfPage\":{\"@id\":\"https:\/\/mystikus.com\/pt-pt\/producto\/colar-de-prata-com-banho-de-ouro\/#primaryimage\"},\"image\":{\"@id\":\"https:\/\/mystikus.com\/pt-pt\/producto\/colar-de-prata-com-banho-de-ouro\/#primaryimage\"},\"thumbnailUrl\":\"https:\/\/mystikus.com\/wp-content\/uploads\/2025\/12\/collar-3.jpg\",\"datePublished\":\"2025-12-22T13:53:11+00:00\",\"breadcrumb\":{\"@id\":\"https:\/\/mystikus.com\/pt-pt\/producto\/colar-de-prata-com-banho-de-ouro\/#breadcrumb\"},\"inLanguage\":\"pt-PT\",\"potentialAction\":[{\"@type\":\"ReadAction\",\"target\":[\"https:\/\/mystikus.com\/pt-pt\/producto\/colar-de-prata-com-banho-de-ouro\/\"]}]},{\"@type\":\"ImageObject\",\"inLanguage\":\"pt-PT\",\"@id\":\"https:\/\/mystikus.com\/pt-pt\/producto\/colar-de-prata-com-banho-de-ouro\/#primaryimage\",\"url\":\"https:\/\/mystikus.com\/wp-content\/uploads\/2025\/12\/collar-3.jpg\",\"contentUrl\":\"https:\/\/mystikus.com\/wp-content\/uploads\/2025\/12\/collar-3.jpg\",\"width\":1587,\"height\":1476},{\"@type\":\"BreadcrumbList\",\"@id\":\"https:\/\/mystikus.com\/pt-pt\/producto\/colar-de-prata-com-banho-de-ouro\/#breadcrumb\",\"itemListElement\":[{\"@type\":\"ListItem\",\"position\":1,\"name\":\"Portada\",\"item\":\"https:\/\/mystikus.com\/pt-pt\/inicio\/\"},{\"@type\":\"ListItem\",\"position\":2,\"name\":\"Loja\",\"item\":\"https:\/\/mystikus.com\/pt-pt\/loja\/\"},{\"@type\":\"ListItem\",\"position\":3,\"name\":\"Colar de prata com banho de ouro\"}]},{\"@type\":\"WebSite\",\"@id\":\"https:\/\/mystikus.com\/#website\",\"url\":\"https:\/\/mystikus.com\/\",\"name\":\"Mystikus\",\"description\":\"\",\"publisher\":{\"@id\":\"https:\/\/mystikus.com\/#organization\"},\"potentialAction\":[{\"@type\":\"SearchAction\",\"target\":{\"@type\":\"EntryPoint\",\"urlTemplate\":\"https:\/\/mystikus.com\/?s={search_term_string}\"},\"query-input\":{\"@type\":\"PropertyValueSpecification\",\"valueRequired\":true,\"valueName\":\"search_term_string\"}}],\"inLanguage\":\"pt-PT\"},{\"@type\":\"Organization\",\"@id\":\"https:\/\/mystikus.com\/#organization\",\"name\":\"Mystikus\",\"url\":\"https:\/\/mystikus.com\/\",\"logo\":{\"@type\":\"ImageObject\",\"inLanguage\":\"pt-PT\",\"@id\":\"https:\/\/mystikus.com\/#\/schema\/logo\/image\/\",\"url\":\"https:\/\/mystikus.com\/wp-content\/uploads\/2025\/06\/logo-instgaram-shop.jpg\",\"contentUrl\":\"https:\/\/mystikus.com\/wp-content\/uploads\/2025\/06\/logo-instgaram-shop.jpg\",\"width\":227,\"height\":227,\"caption\":\"Mystikus\"},\"image\":{\"@id\":\"https:\/\/mystikus.com\/#\/schema\/logo\/image\/\"}}]}<\/script>\n<!-- \/ Yoast SEO plugin. -->","yoast_head_json":{"title":"Colar de prata com banho de ouro - Mystikus","robots":{"index":"index","follow":"follow","max-snippet":"max-snippet:-1","max-image-preview":"max-image-preview:large","max-video-preview":"max-video-preview:-1"},"canonical":"https:\/\/mystikus.com\/pt-pt\/producto\/colar-de-prata-com-banho-de-ouro\/","og_locale":"pt_PT","og_type":"article","og_title":"Colar de prata com banho de ouro - Mystikus","og_description":"Material:Prata dourada   Design: Pendente com forma org\u00e2nica   Estilo: Moderno e elegante   Acabamento: polido brilhante   Utiliza\u00e7\u00e3o: Todos os dias e ocasi\u00f5es especiais","og_url":"https:\/\/mystikus.com\/pt-pt\/producto\/colar-de-prata-com-banho-de-ouro\/","og_site_name":"Mystikus","og_image":[{"width":1587,"height":1476,"url":"https:\/\/mystikus.com\/wp-content\/uploads\/2025\/12\/collar-3.jpg","type":"image\/jpeg"}],"twitter_card":"summary_large_image","twitter_misc":{"Tempo estimado de leitura":"1 minuto"},"schema":{"@context":"https:\/\/schema.org","@graph":[{"@type":"WebPage","@id":"https:\/\/mystikus.com\/pt-pt\/producto\/colar-de-prata-com-banho-de-ouro\/","url":"https:\/\/mystikus.com\/pt-pt\/producto\/colar-de-prata-com-banho-de-ouro\/","name":"Colar de prata com banho de ouro - Mystikus","isPartOf":{"@id":"https:\/\/mystikus.com\/#website"},"primaryImageOfPage":{"@id":"https:\/\/mystikus.com\/pt-pt\/producto\/colar-de-prata-com-banho-de-ouro\/#primaryimage"},"image":{"@id":"https:\/\/mystikus.com\/pt-pt\/producto\/colar-de-prata-com-banho-de-ouro\/#primaryimage"},"thumbnailUrl":"https:\/\/mystikus.com\/wp-content\/uploads\/2025\/12\/collar-3.jpg","datePublished":"2025-12-22T13:53:11+00:00","breadcrumb":{"@id":"https:\/\/mystikus.com\/pt-pt\/producto\/colar-de-prata-com-banho-de-ouro\/#breadcrumb"},"inLanguage":"pt-PT","potentialAction":[{"@type":"ReadAction","target":["https:\/\/mystikus.com\/pt-pt\/producto\/colar-de-prata-com-banho-de-ouro\/"]}]},{"@type":"ImageObject","inLanguage":"pt-PT","@id":"https:\/\/mystikus.com\/pt-pt\/producto\/colar-de-prata-com-banho-de-ouro\/#primaryimage","url":"https:\/\/mystikus.com\/wp-content\/uploads\/2025\/12\/collar-3.jpg","contentUrl":"https:\/\/mystikus.com\/wp-content\/uploads\/2025\/12\/collar-3.jpg","width":1587,"height":1476},{"@type":"BreadcrumbList","@id":"https:\/\/mystikus.com\/pt-pt\/producto\/colar-de-prata-com-banho-de-ouro\/#breadcrumb","itemListElement":[{"@type":"ListItem","position":1,"name":"Portada","item":"https:\/\/mystikus.com\/pt-pt\/inicio\/"},{"@type":"ListItem","position":2,"name":"Loja","item":"https:\/\/mystikus.com\/pt-pt\/loja\/"},{"@type":"ListItem","position":3,"name":"Colar de prata com banho de ouro"}]},{"@type":"WebSite","@id":"https:\/\/mystikus.com\/#website","url":"https:\/\/mystikus.com\/","name":"Mystikus","description":"","publisher":{"@id":"https:\/\/mystikus.com\/#organization"},"potentialAction":[{"@type":"SearchAction","target":{"@type":"EntryPoint","urlTemplate":"https:\/\/mystikus.com\/?s={search_term_string}"},"query-input":{"@type":"PropertyValueSpecification","valueRequired":true,"valueName":"search_term_string"}}],"inLanguage":"pt-PT"},{"@type":"Organization","@id":"https:\/\/mystikus.com\/#organization","name":"Mystikus","url":"https:\/\/mystikus.com\/","logo":{"@type":"ImageObject","inLanguage":"pt-PT","@id":"https:\/\/mystikus.com\/#\/schema\/logo\/image\/","url":"https:\/\/mystikus.com\/wp-content\/uploads\/2025\/06\/logo-instgaram-shop.jpg","contentUrl":"https:\/\/mystikus.com\/wp-content\/uploads\/2025\/06\/logo-instgaram-shop.jpg","width":227,"height":227,"caption":"Mystikus"},"image":{"@id":"https:\/\/mystikus.com\/#\/schema\/logo\/image\/"}}]}},"_links":{"self":[{"href":"https:\/\/mystikus.com\/pt-pt\/wp-json\/wp\/v2\/product\/26550","targetHints":{"allow":["GET"]}}],"collection":[{"href":"https:\/\/mystikus.com\/pt-pt\/wp-json\/wp\/v2\/product"}],"about":[{"href":"https:\/\/mystikus.com\/pt-pt\/wp-json\/wp\/v2\/types\/product"}],"replies":[{"embeddable":true,"href":"https:\/\/mystikus.com\/pt-pt\/wp-json\/wp\/v2\/comments?post=26550"}],"wp:featuredmedia":[{"embeddable":true,"href":"https:\/\/mystikus.com\/pt-pt\/wp-json\/wp\/v2\/media\/26485"}],"wp:attachment":[{"href":"https:\/\/mystikus.com\/pt-pt\/wp-json\/wp\/v2\/media?parent=26550"}],"wp:term":[{"taxonomy":"product_brand","embeddable":true,"href":"https:\/\/mystikus.com\/pt-pt\/wp-json\/wp\/v2\/product_brand?post=26550"},{"taxonomy":"product_cat","embeddable":true,"href":"https:\/\/mystikus.com\/pt-pt\/wp-json\/wp\/v2\/product_cat?post=26550"},{"taxonomy":"product_tag","embeddable":true,"href":"https:\/\/mystikus.com\/pt-pt\/wp-json\/wp\/v2\/product_tag?post=26550"}],"curies":[{"name":"wp","href":"https:\/\/api.w.org\/{rel}","templated":true}]}}