{"id":26560,"date":"2025-12-22T15:06:39","date_gmt":"2025-12-22T14:06:39","guid":{"rendered":"https:\/\/mystikus.com\/producto\/colar-de-prata-com-banho-de-ouro-2\/"},"modified":"2025-12-22T15:06:39","modified_gmt":"2025-12-22T14:06:39","slug":"colar-de-prata-com-banho-de-ouro-2","status":"publish","type":"product","link":"https:\/\/mystikus.com\/pt-pt\/producto\/colar-de-prata-com-banho-de-ouro-2\/","title":{"rendered":"Colar de prata com banho de ouro"},"content":{"rendered":"<p data-start=\"101\" data-end=\"129\"><strong data-start=\"101\" data-end=\"129\">Descri\u00e7\u00e3o do produto<\/strong><\/p>\n<p data-start=\"131\" data-end=\"486\">Este delicado colar destaca-se pelo seu design moderno e requintado, trabalhado em <strong data-start=\"207\" data-end=\"238\">metal prateado banhado a ouro<\/strong> e adornado com elegantes <strong data-start=\"264\" data-end=\"284\">pedras turquesa<\/strong>, que conferem frescura, cor e um car\u00e1cter distinto \u00e0 pe\u00e7a. A combina\u00e7\u00e3o de elos e pedras sofisticadas cria um equil\u00edbrio harmonioso entre o estilo contempor\u00e2neo e a eleg\u00e2ncia intemporal. <\/p>\n<p data-start=\"488\" data-end=\"753\">O seu design leve e vers\u00e1til torna-o um acess\u00f3rio ideal para o dia a dia, mantendo-se uma pe\u00e7a especial para ocasi\u00f5es mais requintadas. O contraste entre o acabamento dourado e a tonalidade vibrante do turquesa confere luminosidade e personalidade ao conjunto. <\/p>\n<p data-start=\"755\" data-end=\"864\">Um colar elegante e contempor\u00e2neo, perfeito para complementar looks modernos com um toque de cor e sofistica\u00e7\u00e3o.<\/p>\n<p data-start=\"866\" data-end=\"886\"><strong data-start=\"866\" data-end=\"886\">Carater\u00edsticas:<\/strong><\/p>\n<ul data-start=\"887\" data-end=\"1084\">\n<li data-start=\"887\" data-end=\"932\">\n<p data-start=\"889\" data-end=\"932\">Material: <strong data-start=\"899\" data-end=\"930\">Metal prateado com banho de ouro<\/strong><\/p>\n<\/li>\n<li data-start=\"933\" data-end=\"965\">\n<p data-start=\"935\" data-end=\"965\">Detalhe: <strong data-start=\"944\" data-end=\"963\">Pedra turquesa<\/strong><\/p>\n<\/li>\n<li data-start=\"966\" data-end=\"1008\">\n<p data-start=\"968\" data-end=\"1008\">Design: elos modernos com pedras<\/p>\n<\/li>\n<li data-start=\"1009\" data-end=\"1045\">\n<p data-start=\"1011\" data-end=\"1045\">Estilo: Elegante e contempor\u00e2neo<\/p>\n<\/li>\n<li data-start=\"1046\" data-end=\"1084\">\n<p data-start=\"1048\" data-end=\"1084\">Utiliza\u00e7\u00e3o: Todos os dias e ocasi\u00f5es especiais<\/p>\n<\/li>\n<\/ul>\n","protected":false},"excerpt":{"rendered":"<p data-start=\"866\" data-end=\"886\"><strong data-start=\"866\" data-end=\"886\">Carater\u00edsticas:<\/strong><\/p>\n<ul data-start=\"887\" data-end=\"1084\">\n<li data-start=\"887\" data-end=\"932\">\n<p data-start=\"889\" data-end=\"932\">Material: <strong data-start=\"899\" data-end=\"930\">Metal prateado com banho de ouro<\/strong><\/p>\n<\/li>\n<li data-start=\"933\" data-end=\"965\">\n<p data-start=\"935\" data-end=\"965\">Detalhe: <strong data-start=\"944\" data-end=\"963\">Pedra turquesa<\/strong><\/p>\n<\/li>\n<li data-start=\"966\" data-end=\"1008\">\n<p data-start=\"968\" data-end=\"1008\">Design: elos modernos com pedras<\/p>\n<\/li>\n<li data-start=\"1009\" data-end=\"1045\">\n<p data-start=\"1011\" data-end=\"1045\">Estilo: Elegante e contempor\u00e2neo<\/p>\n<\/li>\n<li data-start=\"1046\" data-end=\"1084\">\n<p data-start=\"1048\" data-end=\"1084\">Utiliza\u00e7\u00e3o: Todos os dias e ocasi\u00f5es especiais<\/p>\n<\/li>\n<\/ul>\n","protected":false},"featured_media":26488,"comment_status":"open","ping_status":"closed","template":"","meta":[],"product_brand":[],"product_cat":[269,274,270,111],"product_tag":[],"class_list":{"0":"post-26560","1":"product","2":"type-product","3":"status-publish","4":"has-post-thumbnail","6":"product_cat-bijutaria","7":"product_cat-colares","9":"product_cat-minerais-e-joias","11":"first","12":"instock","13":"shipping-taxable","14":"purchasable","15":"product-type-simple"},"yoast_head":"<!-- This site is optimized with the Yoast SEO plugin v27.2 - https:\/\/yoast.com\/product\/yoast-seo-wordpress\/ -->\n<title>Colar de prata com banho de ouro - Mystikus<\/title>\n<meta name=\"robots\" content=\"index, follow, max-snippet:-1, max-image-preview:large, max-video-preview:-1\" \/>\n<link rel=\"canonical\" href=\"https:\/\/mystikus.com\/pt-pt\/producto\/colar-de-prata-com-banho-de-ouro-2\/\" \/>\n<meta property=\"og:locale\" content=\"pt_PT\" \/>\n<meta property=\"og:type\" content=\"article\" \/>\n<meta property=\"og:title\" content=\"Colar de prata com banho de ouro - Mystikus\" \/>\n<meta property=\"og:description\" content=\"Carater\u00edsticas:   Material: Metal prateado com banho de ouro   Detalhe: Pedra turquesa   Design: elos modernos com pedras   Estilo: Elegante e contempor\u00e2neo   Utiliza\u00e7\u00e3o: Todos os dias e ocasi\u00f5es especiais\" \/>\n<meta property=\"og:url\" content=\"https:\/\/mystikus.com\/pt-pt\/producto\/colar-de-prata-com-banho-de-ouro-2\/\" \/>\n<meta property=\"og:site_name\" content=\"Mystikus\" \/>\n<meta property=\"og:image\" content=\"https:\/\/mystikus.com\/wp-content\/uploads\/2025\/12\/collar-4.jpg\" \/>\n\t<meta property=\"og:image:width\" content=\"1587\" \/>\n\t<meta property=\"og:image:height\" content=\"1476\" \/>\n\t<meta property=\"og:image:type\" content=\"image\/jpeg\" \/>\n<meta name=\"twitter:card\" content=\"summary_large_image\" \/>\n<meta name=\"twitter:label1\" content=\"Tempo estimado de leitura\" \/>\n\t<meta name=\"twitter:data1\" content=\"1 minuto\" \/>\n<script type=\"application\/ld+json\" class=\"yoast-schema-graph\">{\"@context\":\"https:\/\/schema.org\",\"@graph\":[{\"@type\":\"WebPage\",\"@id\":\"https:\/\/mystikus.com\/pt-pt\/producto\/colar-de-prata-com-banho-de-ouro-2\/\",\"url\":\"https:\/\/mystikus.com\/pt-pt\/producto\/colar-de-prata-com-banho-de-ouro-2\/\",\"name\":\"Colar de prata com banho de ouro - Mystikus\",\"isPartOf\":{\"@id\":\"https:\/\/mystikus.com\/#website\"},\"primaryImageOfPage\":{\"@id\":\"https:\/\/mystikus.com\/pt-pt\/producto\/colar-de-prata-com-banho-de-ouro-2\/#primaryimage\"},\"image\":{\"@id\":\"https:\/\/mystikus.com\/pt-pt\/producto\/colar-de-prata-com-banho-de-ouro-2\/#primaryimage\"},\"thumbnailUrl\":\"https:\/\/mystikus.com\/wp-content\/uploads\/2025\/12\/collar-4.jpg\",\"datePublished\":\"2025-12-22T14:06:39+00:00\",\"breadcrumb\":{\"@id\":\"https:\/\/mystikus.com\/pt-pt\/producto\/colar-de-prata-com-banho-de-ouro-2\/#breadcrumb\"},\"inLanguage\":\"pt-PT\",\"potentialAction\":[{\"@type\":\"ReadAction\",\"target\":[\"https:\/\/mystikus.com\/pt-pt\/producto\/colar-de-prata-com-banho-de-ouro-2\/\"]}]},{\"@type\":\"ImageObject\",\"inLanguage\":\"pt-PT\",\"@id\":\"https:\/\/mystikus.com\/pt-pt\/producto\/colar-de-prata-com-banho-de-ouro-2\/#primaryimage\",\"url\":\"https:\/\/mystikus.com\/wp-content\/uploads\/2025\/12\/collar-4.jpg\",\"contentUrl\":\"https:\/\/mystikus.com\/wp-content\/uploads\/2025\/12\/collar-4.jpg\",\"width\":1587,\"height\":1476},{\"@type\":\"BreadcrumbList\",\"@id\":\"https:\/\/mystikus.com\/pt-pt\/producto\/colar-de-prata-com-banho-de-ouro-2\/#breadcrumb\",\"itemListElement\":[{\"@type\":\"ListItem\",\"position\":1,\"name\":\"Portada\",\"item\":\"https:\/\/mystikus.com\/pt-pt\/inicio\/\"},{\"@type\":\"ListItem\",\"position\":2,\"name\":\"Loja\",\"item\":\"https:\/\/mystikus.com\/pt-pt\/loja\/\"},{\"@type\":\"ListItem\",\"position\":3,\"name\":\"Colar de prata com banho de ouro\"}]},{\"@type\":\"WebSite\",\"@id\":\"https:\/\/mystikus.com\/#website\",\"url\":\"https:\/\/mystikus.com\/\",\"name\":\"Mystikus\",\"description\":\"\",\"publisher\":{\"@id\":\"https:\/\/mystikus.com\/#organization\"},\"potentialAction\":[{\"@type\":\"SearchAction\",\"target\":{\"@type\":\"EntryPoint\",\"urlTemplate\":\"https:\/\/mystikus.com\/?s={search_term_string}\"},\"query-input\":{\"@type\":\"PropertyValueSpecification\",\"valueRequired\":true,\"valueName\":\"search_term_string\"}}],\"inLanguage\":\"pt-PT\"},{\"@type\":\"Organization\",\"@id\":\"https:\/\/mystikus.com\/#organization\",\"name\":\"Mystikus\",\"url\":\"https:\/\/mystikus.com\/\",\"logo\":{\"@type\":\"ImageObject\",\"inLanguage\":\"pt-PT\",\"@id\":\"https:\/\/mystikus.com\/#\/schema\/logo\/image\/\",\"url\":\"https:\/\/mystikus.com\/wp-content\/uploads\/2025\/06\/logo-instgaram-shop.jpg\",\"contentUrl\":\"https:\/\/mystikus.com\/wp-content\/uploads\/2025\/06\/logo-instgaram-shop.jpg\",\"width\":227,\"height\":227,\"caption\":\"Mystikus\"},\"image\":{\"@id\":\"https:\/\/mystikus.com\/#\/schema\/logo\/image\/\"}}]}<\/script>\n<!-- \/ Yoast SEO plugin. -->","yoast_head_json":{"title":"Colar de prata com banho de ouro - Mystikus","robots":{"index":"index","follow":"follow","max-snippet":"max-snippet:-1","max-image-preview":"max-image-preview:large","max-video-preview":"max-video-preview:-1"},"canonical":"https:\/\/mystikus.com\/pt-pt\/producto\/colar-de-prata-com-banho-de-ouro-2\/","og_locale":"pt_PT","og_type":"article","og_title":"Colar de prata com banho de ouro - Mystikus","og_description":"Carater\u00edsticas:   Material: Metal prateado com banho de ouro   Detalhe: Pedra turquesa   Design: elos modernos com pedras   Estilo: Elegante e contempor\u00e2neo   Utiliza\u00e7\u00e3o: Todos os dias e ocasi\u00f5es especiais","og_url":"https:\/\/mystikus.com\/pt-pt\/producto\/colar-de-prata-com-banho-de-ouro-2\/","og_site_name":"Mystikus","og_image":[{"width":1587,"height":1476,"url":"https:\/\/mystikus.com\/wp-content\/uploads\/2025\/12\/collar-4.jpg","type":"image\/jpeg"}],"twitter_card":"summary_large_image","twitter_misc":{"Tempo estimado de leitura":"1 minuto"},"schema":{"@context":"https:\/\/schema.org","@graph":[{"@type":"WebPage","@id":"https:\/\/mystikus.com\/pt-pt\/producto\/colar-de-prata-com-banho-de-ouro-2\/","url":"https:\/\/mystikus.com\/pt-pt\/producto\/colar-de-prata-com-banho-de-ouro-2\/","name":"Colar de prata com banho de ouro - Mystikus","isPartOf":{"@id":"https:\/\/mystikus.com\/#website"},"primaryImageOfPage":{"@id":"https:\/\/mystikus.com\/pt-pt\/producto\/colar-de-prata-com-banho-de-ouro-2\/#primaryimage"},"image":{"@id":"https:\/\/mystikus.com\/pt-pt\/producto\/colar-de-prata-com-banho-de-ouro-2\/#primaryimage"},"thumbnailUrl":"https:\/\/mystikus.com\/wp-content\/uploads\/2025\/12\/collar-4.jpg","datePublished":"2025-12-22T14:06:39+00:00","breadcrumb":{"@id":"https:\/\/mystikus.com\/pt-pt\/producto\/colar-de-prata-com-banho-de-ouro-2\/#breadcrumb"},"inLanguage":"pt-PT","potentialAction":[{"@type":"ReadAction","target":["https:\/\/mystikus.com\/pt-pt\/producto\/colar-de-prata-com-banho-de-ouro-2\/"]}]},{"@type":"ImageObject","inLanguage":"pt-PT","@id":"https:\/\/mystikus.com\/pt-pt\/producto\/colar-de-prata-com-banho-de-ouro-2\/#primaryimage","url":"https:\/\/mystikus.com\/wp-content\/uploads\/2025\/12\/collar-4.jpg","contentUrl":"https:\/\/mystikus.com\/wp-content\/uploads\/2025\/12\/collar-4.jpg","width":1587,"height":1476},{"@type":"BreadcrumbList","@id":"https:\/\/mystikus.com\/pt-pt\/producto\/colar-de-prata-com-banho-de-ouro-2\/#breadcrumb","itemListElement":[{"@type":"ListItem","position":1,"name":"Portada","item":"https:\/\/mystikus.com\/pt-pt\/inicio\/"},{"@type":"ListItem","position":2,"name":"Loja","item":"https:\/\/mystikus.com\/pt-pt\/loja\/"},{"@type":"ListItem","position":3,"name":"Colar de prata com banho de ouro"}]},{"@type":"WebSite","@id":"https:\/\/mystikus.com\/#website","url":"https:\/\/mystikus.com\/","name":"Mystikus","description":"","publisher":{"@id":"https:\/\/mystikus.com\/#organization"},"potentialAction":[{"@type":"SearchAction","target":{"@type":"EntryPoint","urlTemplate":"https:\/\/mystikus.com\/?s={search_term_string}"},"query-input":{"@type":"PropertyValueSpecification","valueRequired":true,"valueName":"search_term_string"}}],"inLanguage":"pt-PT"},{"@type":"Organization","@id":"https:\/\/mystikus.com\/#organization","name":"Mystikus","url":"https:\/\/mystikus.com\/","logo":{"@type":"ImageObject","inLanguage":"pt-PT","@id":"https:\/\/mystikus.com\/#\/schema\/logo\/image\/","url":"https:\/\/mystikus.com\/wp-content\/uploads\/2025\/06\/logo-instgaram-shop.jpg","contentUrl":"https:\/\/mystikus.com\/wp-content\/uploads\/2025\/06\/logo-instgaram-shop.jpg","width":227,"height":227,"caption":"Mystikus"},"image":{"@id":"https:\/\/mystikus.com\/#\/schema\/logo\/image\/"}}]}},"_links":{"self":[{"href":"https:\/\/mystikus.com\/pt-pt\/wp-json\/wp\/v2\/product\/26560","targetHints":{"allow":["GET"]}}],"collection":[{"href":"https:\/\/mystikus.com\/pt-pt\/wp-json\/wp\/v2\/product"}],"about":[{"href":"https:\/\/mystikus.com\/pt-pt\/wp-json\/wp\/v2\/types\/product"}],"replies":[{"embeddable":true,"href":"https:\/\/mystikus.com\/pt-pt\/wp-json\/wp\/v2\/comments?post=26560"}],"wp:featuredmedia":[{"embeddable":true,"href":"https:\/\/mystikus.com\/pt-pt\/wp-json\/wp\/v2\/media\/26488"}],"wp:attachment":[{"href":"https:\/\/mystikus.com\/pt-pt\/wp-json\/wp\/v2\/media?parent=26560"}],"wp:term":[{"taxonomy":"product_brand","embeddable":true,"href":"https:\/\/mystikus.com\/pt-pt\/wp-json\/wp\/v2\/product_brand?post=26560"},{"taxonomy":"product_cat","embeddable":true,"href":"https:\/\/mystikus.com\/pt-pt\/wp-json\/wp\/v2\/product_cat?post=26560"},{"taxonomy":"product_tag","embeddable":true,"href":"https:\/\/mystikus.com\/pt-pt\/wp-json\/wp\/v2\/product_tag?post=26560"}],"curies":[{"name":"wp","href":"https:\/\/api.w.org\/{rel}","templated":true}]}}