{"id":26573,"date":"2025-12-22T15:58:42","date_gmt":"2025-12-22T14:58:42","guid":{"rendered":"https:\/\/mystikus.com\/producto\/colar-de-prata-com-banho-de-ouro-4\/"},"modified":"2025-12-22T15:58:42","modified_gmt":"2025-12-22T14:58:42","slug":"colar-de-prata-com-banho-de-ouro-4","status":"publish","type":"product","link":"https:\/\/mystikus.com\/pt-pt\/producto\/colar-de-prata-com-banho-de-ouro-4\/","title":{"rendered":"Colar de prata com banho de ouro"},"content":{"rendered":"<p data-start=\"208\" data-end=\"236\"><strong data-start=\"208\" data-end=\"236\">Descri\u00e7\u00e3o do produto<\/strong><\/p>\n<p data-start=\"238\" data-end=\"491\">Este colar delicado combina um design rom\u00e2ntico e elegante, trabalhado em <strong data-start=\"312\" data-end=\"343\">prata dourada<\/strong> e adornado com um requintado pendente <strong data-start=\"392\" data-end=\"403\">em forma de cora\u00e7\u00e3o<\/strong>, real\u00e7ado com uma <strong data-start=\"422\" data-end=\"455\">pedra de acabamento iridescente<\/strong> que acrescenta um brilho suave e subtil.<\/p>\n<p data-start=\"493\" data-end=\"738\">A sua est\u00e9tica leve e feminina torna-o um acess\u00f3rio ideal para o dia a dia, trazendo um toque de do\u00e7ura e sofistica\u00e7\u00e3o sem excessos. O contraste entre o tom dourado e a luminosidade da pedra cria uma pe\u00e7a harmoniosa e intemporal. <\/p>\n<p data-start=\"740\" data-end=\"847\">Um colar delicado e encantador, perfeito para ofereceres ou para dares um toque rom\u00e2ntico a qualquer roupa.<\/p>\n<p data-start=\"849\" data-end=\"869\"><strong data-start=\"849\" data-end=\"869\">Carater\u00edsticas:<\/strong><\/p>\n<ul data-start=\"870\" data-end=\"1070\">\n<li data-start=\"870\" data-end=\"915\">\n<p data-start=\"872\" data-end=\"915\">Material: <strong data-start=\"882\" data-end=\"913\">prata banhada a ouro<\/strong><\/p>\n<\/li>\n<li data-start=\"916\" data-end=\"968\">\n<p data-start=\"918\" data-end=\"968\">Detalhe: Pendente cora\u00e7\u00e3o com pedra opala<\/p>\n<\/li>\n<li data-start=\"969\" data-end=\"1001\">\n<p data-start=\"971\" data-end=\"1001\">Estilo: Rom\u00e2ntico e elegante<\/p>\n<\/li>\n<li data-start=\"1002\" data-end=\"1031\">\n<p data-start=\"1004\" data-end=\"1031\">Acabamento: polido brilhante<\/p>\n<\/li>\n<li data-start=\"1032\" data-end=\"1070\">\n<p data-start=\"1034\" data-end=\"1070\">Utiliza\u00e7\u00e3o: Todos os dias e ocasi\u00f5es especiais<\/p>\n<\/li>\n<\/ul>\n","protected":false},"excerpt":{"rendered":"<p data-start=\"849\" data-end=\"869\"><strong data-start=\"849\" data-end=\"869\">Carater\u00edsticas:<\/strong><\/p>\n<ul data-start=\"870\" data-end=\"1070\">\n<li data-start=\"870\" data-end=\"915\">\n<p data-start=\"872\" data-end=\"915\">Material: <strong data-start=\"882\" data-end=\"913\">prata banhada a ouro<\/strong><\/p>\n<\/li>\n<li data-start=\"916\" data-end=\"968\">\n<p data-start=\"918\" data-end=\"968\">Detalhe: Pendente cora\u00e7\u00e3o com pedra opala<\/p>\n<\/li>\n<li data-start=\"969\" data-end=\"1001\">\n<p data-start=\"971\" data-end=\"1001\">Estilo: Rom\u00e2ntico e elegante<\/p>\n<\/li>\n<li data-start=\"1002\" data-end=\"1031\">\n<p data-start=\"1004\" data-end=\"1031\">Acabamento: polido brilhante<\/p>\n<\/li>\n<li data-start=\"1032\" data-end=\"1070\">\n<p data-start=\"1034\" data-end=\"1070\">Utiliza\u00e7\u00e3o: Todos os dias e ocasi\u00f5es especiais<\/p>\n<\/li>\n<\/ul>\n","protected":false},"featured_media":26502,"comment_status":"open","ping_status":"closed","template":"","meta":[],"product_brand":[],"product_cat":[269,270,274,111],"product_tag":[],"class_list":{"0":"post-26573","1":"product","2":"type-product","3":"status-publish","4":"has-post-thumbnail","6":"product_cat-bijutaria","7":"product_cat-colares","9":"product_cat-minerais-e-joias","11":"first","12":"instock","13":"shipping-taxable","14":"purchasable","15":"product-type-simple"},"yoast_head":"<!-- This site is optimized with the Yoast SEO plugin v27.2 - https:\/\/yoast.com\/product\/yoast-seo-wordpress\/ -->\n<title>Colar de prata com banho de ouro - Mystikus<\/title>\n<meta name=\"robots\" content=\"index, follow, max-snippet:-1, max-image-preview:large, max-video-preview:-1\" \/>\n<link rel=\"canonical\" href=\"https:\/\/mystikus.com\/pt-pt\/producto\/colar-de-prata-com-banho-de-ouro-4\/\" \/>\n<meta property=\"og:locale\" content=\"pt_PT\" \/>\n<meta property=\"og:type\" content=\"article\" \/>\n<meta property=\"og:title\" content=\"Colar de prata com banho de ouro - Mystikus\" \/>\n<meta property=\"og:description\" content=\"Carater\u00edsticas:   Material: prata banhada a ouro   Detalhe: Pendente cora\u00e7\u00e3o com pedra opala   Estilo: Rom\u00e2ntico e elegante   Acabamento: polido brilhante   Utiliza\u00e7\u00e3o: Todos os dias e ocasi\u00f5es especiais\" \/>\n<meta property=\"og:url\" content=\"https:\/\/mystikus.com\/pt-pt\/producto\/colar-de-prata-com-banho-de-ouro-4\/\" \/>\n<meta property=\"og:site_name\" content=\"Mystikus\" \/>\n<meta property=\"og:image\" content=\"https:\/\/mystikus.com\/wp-content\/uploads\/2025\/12\/collar-6-1.jpg\" \/>\n\t<meta property=\"og:image:width\" content=\"1587\" \/>\n\t<meta property=\"og:image:height\" content=\"1476\" \/>\n\t<meta property=\"og:image:type\" content=\"image\/jpeg\" \/>\n<meta name=\"twitter:card\" content=\"summary_large_image\" \/>\n<meta name=\"twitter:label1\" content=\"Tempo estimado de leitura\" \/>\n\t<meta name=\"twitter:data1\" content=\"1 minuto\" \/>\n<script type=\"application\/ld+json\" class=\"yoast-schema-graph\">{\"@context\":\"https:\/\/schema.org\",\"@graph\":[{\"@type\":\"WebPage\",\"@id\":\"https:\/\/mystikus.com\/pt-pt\/producto\/colar-de-prata-com-banho-de-ouro-4\/\",\"url\":\"https:\/\/mystikus.com\/pt-pt\/producto\/colar-de-prata-com-banho-de-ouro-4\/\",\"name\":\"Colar de prata com banho de ouro - Mystikus\",\"isPartOf\":{\"@id\":\"https:\/\/mystikus.com\/#website\"},\"primaryImageOfPage\":{\"@id\":\"https:\/\/mystikus.com\/pt-pt\/producto\/colar-de-prata-com-banho-de-ouro-4\/#primaryimage\"},\"image\":{\"@id\":\"https:\/\/mystikus.com\/pt-pt\/producto\/colar-de-prata-com-banho-de-ouro-4\/#primaryimage\"},\"thumbnailUrl\":\"https:\/\/mystikus.com\/wp-content\/uploads\/2025\/12\/collar-6-1.jpg\",\"datePublished\":\"2025-12-22T14:58:42+00:00\",\"breadcrumb\":{\"@id\":\"https:\/\/mystikus.com\/pt-pt\/producto\/colar-de-prata-com-banho-de-ouro-4\/#breadcrumb\"},\"inLanguage\":\"pt-PT\",\"potentialAction\":[{\"@type\":\"ReadAction\",\"target\":[\"https:\/\/mystikus.com\/pt-pt\/producto\/colar-de-prata-com-banho-de-ouro-4\/\"]}]},{\"@type\":\"ImageObject\",\"inLanguage\":\"pt-PT\",\"@id\":\"https:\/\/mystikus.com\/pt-pt\/producto\/colar-de-prata-com-banho-de-ouro-4\/#primaryimage\",\"url\":\"https:\/\/mystikus.com\/wp-content\/uploads\/2025\/12\/collar-6-1.jpg\",\"contentUrl\":\"https:\/\/mystikus.com\/wp-content\/uploads\/2025\/12\/collar-6-1.jpg\",\"width\":1587,\"height\":1476},{\"@type\":\"BreadcrumbList\",\"@id\":\"https:\/\/mystikus.com\/pt-pt\/producto\/colar-de-prata-com-banho-de-ouro-4\/#breadcrumb\",\"itemListElement\":[{\"@type\":\"ListItem\",\"position\":1,\"name\":\"Portada\",\"item\":\"https:\/\/mystikus.com\/pt-pt\/inicio\/\"},{\"@type\":\"ListItem\",\"position\":2,\"name\":\"Loja\",\"item\":\"https:\/\/mystikus.com\/pt-pt\/loja\/\"},{\"@type\":\"ListItem\",\"position\":3,\"name\":\"Colar de prata com banho de ouro\"}]},{\"@type\":\"WebSite\",\"@id\":\"https:\/\/mystikus.com\/#website\",\"url\":\"https:\/\/mystikus.com\/\",\"name\":\"Mystikus\",\"description\":\"\",\"publisher\":{\"@id\":\"https:\/\/mystikus.com\/#organization\"},\"potentialAction\":[{\"@type\":\"SearchAction\",\"target\":{\"@type\":\"EntryPoint\",\"urlTemplate\":\"https:\/\/mystikus.com\/?s={search_term_string}\"},\"query-input\":{\"@type\":\"PropertyValueSpecification\",\"valueRequired\":true,\"valueName\":\"search_term_string\"}}],\"inLanguage\":\"pt-PT\"},{\"@type\":\"Organization\",\"@id\":\"https:\/\/mystikus.com\/#organization\",\"name\":\"Mystikus\",\"url\":\"https:\/\/mystikus.com\/\",\"logo\":{\"@type\":\"ImageObject\",\"inLanguage\":\"pt-PT\",\"@id\":\"https:\/\/mystikus.com\/#\/schema\/logo\/image\/\",\"url\":\"https:\/\/mystikus.com\/wp-content\/uploads\/2025\/06\/logo-instgaram-shop.jpg\",\"contentUrl\":\"https:\/\/mystikus.com\/wp-content\/uploads\/2025\/06\/logo-instgaram-shop.jpg\",\"width\":227,\"height\":227,\"caption\":\"Mystikus\"},\"image\":{\"@id\":\"https:\/\/mystikus.com\/#\/schema\/logo\/image\/\"}}]}<\/script>\n<!-- \/ Yoast SEO plugin. -->","yoast_head_json":{"title":"Colar de prata com banho de ouro - Mystikus","robots":{"index":"index","follow":"follow","max-snippet":"max-snippet:-1","max-image-preview":"max-image-preview:large","max-video-preview":"max-video-preview:-1"},"canonical":"https:\/\/mystikus.com\/pt-pt\/producto\/colar-de-prata-com-banho-de-ouro-4\/","og_locale":"pt_PT","og_type":"article","og_title":"Colar de prata com banho de ouro - Mystikus","og_description":"Carater\u00edsticas:   Material: prata banhada a ouro   Detalhe: Pendente cora\u00e7\u00e3o com pedra opala   Estilo: Rom\u00e2ntico e elegante   Acabamento: polido brilhante   Utiliza\u00e7\u00e3o: Todos os dias e ocasi\u00f5es especiais","og_url":"https:\/\/mystikus.com\/pt-pt\/producto\/colar-de-prata-com-banho-de-ouro-4\/","og_site_name":"Mystikus","og_image":[{"width":1587,"height":1476,"url":"https:\/\/mystikus.com\/wp-content\/uploads\/2025\/12\/collar-6-1.jpg","type":"image\/jpeg"}],"twitter_card":"summary_large_image","twitter_misc":{"Tempo estimado de leitura":"1 minuto"},"schema":{"@context":"https:\/\/schema.org","@graph":[{"@type":"WebPage","@id":"https:\/\/mystikus.com\/pt-pt\/producto\/colar-de-prata-com-banho-de-ouro-4\/","url":"https:\/\/mystikus.com\/pt-pt\/producto\/colar-de-prata-com-banho-de-ouro-4\/","name":"Colar de prata com banho de ouro - Mystikus","isPartOf":{"@id":"https:\/\/mystikus.com\/#website"},"primaryImageOfPage":{"@id":"https:\/\/mystikus.com\/pt-pt\/producto\/colar-de-prata-com-banho-de-ouro-4\/#primaryimage"},"image":{"@id":"https:\/\/mystikus.com\/pt-pt\/producto\/colar-de-prata-com-banho-de-ouro-4\/#primaryimage"},"thumbnailUrl":"https:\/\/mystikus.com\/wp-content\/uploads\/2025\/12\/collar-6-1.jpg","datePublished":"2025-12-22T14:58:42+00:00","breadcrumb":{"@id":"https:\/\/mystikus.com\/pt-pt\/producto\/colar-de-prata-com-banho-de-ouro-4\/#breadcrumb"},"inLanguage":"pt-PT","potentialAction":[{"@type":"ReadAction","target":["https:\/\/mystikus.com\/pt-pt\/producto\/colar-de-prata-com-banho-de-ouro-4\/"]}]},{"@type":"ImageObject","inLanguage":"pt-PT","@id":"https:\/\/mystikus.com\/pt-pt\/producto\/colar-de-prata-com-banho-de-ouro-4\/#primaryimage","url":"https:\/\/mystikus.com\/wp-content\/uploads\/2025\/12\/collar-6-1.jpg","contentUrl":"https:\/\/mystikus.com\/wp-content\/uploads\/2025\/12\/collar-6-1.jpg","width":1587,"height":1476},{"@type":"BreadcrumbList","@id":"https:\/\/mystikus.com\/pt-pt\/producto\/colar-de-prata-com-banho-de-ouro-4\/#breadcrumb","itemListElement":[{"@type":"ListItem","position":1,"name":"Portada","item":"https:\/\/mystikus.com\/pt-pt\/inicio\/"},{"@type":"ListItem","position":2,"name":"Loja","item":"https:\/\/mystikus.com\/pt-pt\/loja\/"},{"@type":"ListItem","position":3,"name":"Colar de prata com banho de ouro"}]},{"@type":"WebSite","@id":"https:\/\/mystikus.com\/#website","url":"https:\/\/mystikus.com\/","name":"Mystikus","description":"","publisher":{"@id":"https:\/\/mystikus.com\/#organization"},"potentialAction":[{"@type":"SearchAction","target":{"@type":"EntryPoint","urlTemplate":"https:\/\/mystikus.com\/?s={search_term_string}"},"query-input":{"@type":"PropertyValueSpecification","valueRequired":true,"valueName":"search_term_string"}}],"inLanguage":"pt-PT"},{"@type":"Organization","@id":"https:\/\/mystikus.com\/#organization","name":"Mystikus","url":"https:\/\/mystikus.com\/","logo":{"@type":"ImageObject","inLanguage":"pt-PT","@id":"https:\/\/mystikus.com\/#\/schema\/logo\/image\/","url":"https:\/\/mystikus.com\/wp-content\/uploads\/2025\/06\/logo-instgaram-shop.jpg","contentUrl":"https:\/\/mystikus.com\/wp-content\/uploads\/2025\/06\/logo-instgaram-shop.jpg","width":227,"height":227,"caption":"Mystikus"},"image":{"@id":"https:\/\/mystikus.com\/#\/schema\/logo\/image\/"}}]}},"_links":{"self":[{"href":"https:\/\/mystikus.com\/pt-pt\/wp-json\/wp\/v2\/product\/26573","targetHints":{"allow":["GET"]}}],"collection":[{"href":"https:\/\/mystikus.com\/pt-pt\/wp-json\/wp\/v2\/product"}],"about":[{"href":"https:\/\/mystikus.com\/pt-pt\/wp-json\/wp\/v2\/types\/product"}],"replies":[{"embeddable":true,"href":"https:\/\/mystikus.com\/pt-pt\/wp-json\/wp\/v2\/comments?post=26573"}],"wp:featuredmedia":[{"embeddable":true,"href":"https:\/\/mystikus.com\/pt-pt\/wp-json\/wp\/v2\/media\/26502"}],"wp:attachment":[{"href":"https:\/\/mystikus.com\/pt-pt\/wp-json\/wp\/v2\/media?parent=26573"}],"wp:term":[{"taxonomy":"product_brand","embeddable":true,"href":"https:\/\/mystikus.com\/pt-pt\/wp-json\/wp\/v2\/product_brand?post=26573"},{"taxonomy":"product_cat","embeddable":true,"href":"https:\/\/mystikus.com\/pt-pt\/wp-json\/wp\/v2\/product_cat?post=26573"},{"taxonomy":"product_tag","embeddable":true,"href":"https:\/\/mystikus.com\/pt-pt\/wp-json\/wp\/v2\/product_tag?post=26573"}],"curies":[{"name":"wp","href":"https:\/\/api.w.org\/{rel}","templated":true}]}}