{"id":26593,"date":"2025-12-22T17:32:37","date_gmt":"2025-12-22T16:32:37","guid":{"rendered":"https:\/\/mystikus.com\/producto\/colar-de-prata-com-banho-de-ouro-7\/"},"modified":"2025-12-22T17:32:37","modified_gmt":"2025-12-22T16:32:37","slug":"colar-de-prata-com-banho-de-ouro-7","status":"publish","type":"product","link":"https:\/\/mystikus.com\/pt-pt\/producto\/colar-de-prata-com-banho-de-ouro-7\/","title":{"rendered":"Colar de prata com banho de ouro"},"content":{"rendered":"<p data-start=\"167\" data-end=\"195\"><strong data-start=\"167\" data-end=\"195\">Descri\u00e7\u00e3o do produto<\/strong><\/p>\n<p data-start=\"197\" data-end=\"528\">Este colar contempor\u00e2neo apresenta um pendente circular com linhas suaves, trabalhado em <strong data-start=\"297\" data-end=\"328\">prata banhada a ouro<\/strong> e decorado com elegantes <strong data-start=\"354\" data-end=\"370\">pedras de \u00f3nix<\/strong> que conferem profundidade e contraste \u00e0 pe\u00e7a. O acabamento polido e a forma envolvente criam uma pe\u00e7a de joalharia com car\u00e1cter, equilibrando modernidade e sofistica\u00e7\u00e3o. <\/p>\n<p data-start=\"530\" data-end=\"803\">A intensidade do \u00f3nix preto, combinada com o tom quente do banho de ouro, resulta num acess\u00f3rio vers\u00e1til e intemporal, ideal tanto para o dia a dia como para ocasi\u00f5es especiais. O seu design distinto torna-o numa pe\u00e7a de refer\u00eancia sem perder a eleg\u00e2ncia. <\/p>\n<p data-start=\"805\" data-end=\"912\">Um colar requintado e com personalidade, perfeito para quem procura um detalhe sofisticado e contempor\u00e2neo.<\/p>\n<p data-start=\"914\" data-end=\"934\"><strong data-start=\"914\" data-end=\"934\">Carater\u00edsticas:<\/strong><\/p>\n<ul data-start=\"935\" data-end=\"1109\">\n<li data-start=\"935\" data-end=\"980\">\n<p data-start=\"937\" data-end=\"980\">Material: <strong data-start=\"947\" data-end=\"978\"> prata banhada a ouro<\/strong><\/p>\n<\/li>\n<li data-start=\"981\" data-end=\"1009\">\n<p data-start=\"983\" data-end=\"1009\">Detalhe: <strong data-start=\"992\" data-end=\"1007\">Pedra de \u00f3nix<\/strong><\/p>\n<\/li>\n<li data-start=\"1010\" data-end=\"1039\">\n<p data-start=\"1012\" data-end=\"1039\">Design: Pendente circular<\/p>\n<\/li>\n<li data-start=\"1040\" data-end=\"1070\">\n<p data-start=\"1042\" data-end=\"1070\">Estilo: Moderno e elegante<\/p>\n<\/li>\n<li data-start=\"1071\" data-end=\"1109\">\n<p data-start=\"1073\" data-end=\"1109\">Utiliza\u00e7\u00e3o: Todos os dias e ocasi\u00f5es especiais<\/p>\n<\/li>\n<\/ul>\n","protected":false},"excerpt":{"rendered":"<p data-start=\"914\" data-end=\"934\"><strong data-start=\"914\" data-end=\"934\">Carater\u00edsticas:<\/strong><\/p>\n<ul data-start=\"935\" data-end=\"1109\">\n<li data-start=\"935\" data-end=\"980\">\n<p data-start=\"937\" data-end=\"980\">Material: <strong data-start=\"947\" data-end=\"978\"> prata banhada a ouro<\/strong><\/p>\n<\/li>\n<li data-start=\"981\" data-end=\"1009\">\n<p data-start=\"983\" data-end=\"1009\">Detalhe: <strong data-start=\"992\" data-end=\"1007\">Pedra de \u00f3nix<\/strong><\/p>\n<\/li>\n<li data-start=\"1010\" data-end=\"1039\">\n<p data-start=\"1012\" data-end=\"1039\">Design: Pendente circular<\/p>\n<\/li>\n<li data-start=\"1040\" data-end=\"1070\">\n<p data-start=\"1042\" data-end=\"1070\">Estilo: Moderno e elegante<\/p>\n<\/li>\n<li data-start=\"1071\" data-end=\"1109\">\n<p data-start=\"1073\" data-end=\"1109\">Utiliza\u00e7\u00e3o: Todos os dias e ocasi\u00f5es especiais<\/p>\n<\/li>\n<\/ul>\n","protected":false},"featured_media":26508,"comment_status":"open","ping_status":"closed","template":"","meta":[],"product_brand":[],"product_cat":[269,270,274,111],"product_tag":[],"class_list":{"0":"post-26593","1":"product","2":"type-product","3":"status-publish","4":"has-post-thumbnail","6":"product_cat-bijutaria","7":"product_cat-colares","9":"product_cat-minerais-e-joias","11":"first","12":"instock","13":"shipping-taxable","14":"purchasable","15":"product-type-simple"},"yoast_head":"<!-- This site is optimized with the Yoast SEO plugin v27.2 - https:\/\/yoast.com\/product\/yoast-seo-wordpress\/ -->\n<title>Colar de prata com banho de ouro - Mystikus<\/title>\n<meta name=\"robots\" content=\"index, follow, max-snippet:-1, max-image-preview:large, max-video-preview:-1\" \/>\n<link rel=\"canonical\" href=\"https:\/\/mystikus.com\/pt-pt\/producto\/colar-de-prata-com-banho-de-ouro-7\/\" \/>\n<meta property=\"og:locale\" content=\"pt_PT\" \/>\n<meta property=\"og:type\" content=\"article\" \/>\n<meta property=\"og:title\" content=\"Colar de prata com banho de ouro - Mystikus\" \/>\n<meta property=\"og:description\" content=\"Carater\u00edsticas:   Material: prata banhada a ouro   Detalhe: Pedra de \u00f3nix   Design: Pendente circular   Estilo: Moderno e elegante   Utiliza\u00e7\u00e3o: Todos os dias e ocasi\u00f5es especiais\" \/>\n<meta property=\"og:url\" content=\"https:\/\/mystikus.com\/pt-pt\/producto\/colar-de-prata-com-banho-de-ouro-7\/\" \/>\n<meta property=\"og:site_name\" content=\"Mystikus\" \/>\n<meta property=\"og:image\" content=\"https:\/\/mystikus.com\/wp-content\/uploads\/2025\/12\/collar-9.jpg\" \/>\n\t<meta property=\"og:image:width\" content=\"1587\" \/>\n\t<meta property=\"og:image:height\" content=\"1476\" \/>\n\t<meta property=\"og:image:type\" content=\"image\/jpeg\" \/>\n<meta name=\"twitter:card\" content=\"summary_large_image\" \/>\n<meta name=\"twitter:label1\" content=\"Tempo estimado de leitura\" \/>\n\t<meta name=\"twitter:data1\" content=\"1 minuto\" \/>\n<script type=\"application\/ld+json\" class=\"yoast-schema-graph\">{\"@context\":\"https:\/\/schema.org\",\"@graph\":[{\"@type\":\"WebPage\",\"@id\":\"https:\/\/mystikus.com\/pt-pt\/producto\/colar-de-prata-com-banho-de-ouro-7\/\",\"url\":\"https:\/\/mystikus.com\/pt-pt\/producto\/colar-de-prata-com-banho-de-ouro-7\/\",\"name\":\"Colar de prata com banho de ouro - Mystikus\",\"isPartOf\":{\"@id\":\"https:\/\/mystikus.com\/#website\"},\"primaryImageOfPage\":{\"@id\":\"https:\/\/mystikus.com\/pt-pt\/producto\/colar-de-prata-com-banho-de-ouro-7\/#primaryimage\"},\"image\":{\"@id\":\"https:\/\/mystikus.com\/pt-pt\/producto\/colar-de-prata-com-banho-de-ouro-7\/#primaryimage\"},\"thumbnailUrl\":\"https:\/\/mystikus.com\/wp-content\/uploads\/2025\/12\/collar-9.jpg\",\"datePublished\":\"2025-12-22T16:32:37+00:00\",\"breadcrumb\":{\"@id\":\"https:\/\/mystikus.com\/pt-pt\/producto\/colar-de-prata-com-banho-de-ouro-7\/#breadcrumb\"},\"inLanguage\":\"pt-PT\",\"potentialAction\":[{\"@type\":\"ReadAction\",\"target\":[\"https:\/\/mystikus.com\/pt-pt\/producto\/colar-de-prata-com-banho-de-ouro-7\/\"]}]},{\"@type\":\"ImageObject\",\"inLanguage\":\"pt-PT\",\"@id\":\"https:\/\/mystikus.com\/pt-pt\/producto\/colar-de-prata-com-banho-de-ouro-7\/#primaryimage\",\"url\":\"https:\/\/mystikus.com\/wp-content\/uploads\/2025\/12\/collar-9.jpg\",\"contentUrl\":\"https:\/\/mystikus.com\/wp-content\/uploads\/2025\/12\/collar-9.jpg\",\"width\":1587,\"height\":1476},{\"@type\":\"BreadcrumbList\",\"@id\":\"https:\/\/mystikus.com\/pt-pt\/producto\/colar-de-prata-com-banho-de-ouro-7\/#breadcrumb\",\"itemListElement\":[{\"@type\":\"ListItem\",\"position\":1,\"name\":\"Portada\",\"item\":\"https:\/\/mystikus.com\/pt-pt\/inicio\/\"},{\"@type\":\"ListItem\",\"position\":2,\"name\":\"Loja\",\"item\":\"https:\/\/mystikus.com\/pt-pt\/loja\/\"},{\"@type\":\"ListItem\",\"position\":3,\"name\":\"Colar de prata com banho de ouro\"}]},{\"@type\":\"WebSite\",\"@id\":\"https:\/\/mystikus.com\/#website\",\"url\":\"https:\/\/mystikus.com\/\",\"name\":\"Mystikus\",\"description\":\"\",\"publisher\":{\"@id\":\"https:\/\/mystikus.com\/#organization\"},\"potentialAction\":[{\"@type\":\"SearchAction\",\"target\":{\"@type\":\"EntryPoint\",\"urlTemplate\":\"https:\/\/mystikus.com\/?s={search_term_string}\"},\"query-input\":{\"@type\":\"PropertyValueSpecification\",\"valueRequired\":true,\"valueName\":\"search_term_string\"}}],\"inLanguage\":\"pt-PT\"},{\"@type\":\"Organization\",\"@id\":\"https:\/\/mystikus.com\/#organization\",\"name\":\"Mystikus\",\"url\":\"https:\/\/mystikus.com\/\",\"logo\":{\"@type\":\"ImageObject\",\"inLanguage\":\"pt-PT\",\"@id\":\"https:\/\/mystikus.com\/#\/schema\/logo\/image\/\",\"url\":\"https:\/\/mystikus.com\/wp-content\/uploads\/2025\/06\/logo-instgaram-shop.jpg\",\"contentUrl\":\"https:\/\/mystikus.com\/wp-content\/uploads\/2025\/06\/logo-instgaram-shop.jpg\",\"width\":227,\"height\":227,\"caption\":\"Mystikus\"},\"image\":{\"@id\":\"https:\/\/mystikus.com\/#\/schema\/logo\/image\/\"}}]}<\/script>\n<!-- \/ Yoast SEO plugin. -->","yoast_head_json":{"title":"Colar de prata com banho de ouro - Mystikus","robots":{"index":"index","follow":"follow","max-snippet":"max-snippet:-1","max-image-preview":"max-image-preview:large","max-video-preview":"max-video-preview:-1"},"canonical":"https:\/\/mystikus.com\/pt-pt\/producto\/colar-de-prata-com-banho-de-ouro-7\/","og_locale":"pt_PT","og_type":"article","og_title":"Colar de prata com banho de ouro - Mystikus","og_description":"Carater\u00edsticas:   Material: prata banhada a ouro   Detalhe: Pedra de \u00f3nix   Design: Pendente circular   Estilo: Moderno e elegante   Utiliza\u00e7\u00e3o: Todos os dias e ocasi\u00f5es especiais","og_url":"https:\/\/mystikus.com\/pt-pt\/producto\/colar-de-prata-com-banho-de-ouro-7\/","og_site_name":"Mystikus","og_image":[{"width":1587,"height":1476,"url":"https:\/\/mystikus.com\/wp-content\/uploads\/2025\/12\/collar-9.jpg","type":"image\/jpeg"}],"twitter_card":"summary_large_image","twitter_misc":{"Tempo estimado de leitura":"1 minuto"},"schema":{"@context":"https:\/\/schema.org","@graph":[{"@type":"WebPage","@id":"https:\/\/mystikus.com\/pt-pt\/producto\/colar-de-prata-com-banho-de-ouro-7\/","url":"https:\/\/mystikus.com\/pt-pt\/producto\/colar-de-prata-com-banho-de-ouro-7\/","name":"Colar de prata com banho de ouro - Mystikus","isPartOf":{"@id":"https:\/\/mystikus.com\/#website"},"primaryImageOfPage":{"@id":"https:\/\/mystikus.com\/pt-pt\/producto\/colar-de-prata-com-banho-de-ouro-7\/#primaryimage"},"image":{"@id":"https:\/\/mystikus.com\/pt-pt\/producto\/colar-de-prata-com-banho-de-ouro-7\/#primaryimage"},"thumbnailUrl":"https:\/\/mystikus.com\/wp-content\/uploads\/2025\/12\/collar-9.jpg","datePublished":"2025-12-22T16:32:37+00:00","breadcrumb":{"@id":"https:\/\/mystikus.com\/pt-pt\/producto\/colar-de-prata-com-banho-de-ouro-7\/#breadcrumb"},"inLanguage":"pt-PT","potentialAction":[{"@type":"ReadAction","target":["https:\/\/mystikus.com\/pt-pt\/producto\/colar-de-prata-com-banho-de-ouro-7\/"]}]},{"@type":"ImageObject","inLanguage":"pt-PT","@id":"https:\/\/mystikus.com\/pt-pt\/producto\/colar-de-prata-com-banho-de-ouro-7\/#primaryimage","url":"https:\/\/mystikus.com\/wp-content\/uploads\/2025\/12\/collar-9.jpg","contentUrl":"https:\/\/mystikus.com\/wp-content\/uploads\/2025\/12\/collar-9.jpg","width":1587,"height":1476},{"@type":"BreadcrumbList","@id":"https:\/\/mystikus.com\/pt-pt\/producto\/colar-de-prata-com-banho-de-ouro-7\/#breadcrumb","itemListElement":[{"@type":"ListItem","position":1,"name":"Portada","item":"https:\/\/mystikus.com\/pt-pt\/inicio\/"},{"@type":"ListItem","position":2,"name":"Loja","item":"https:\/\/mystikus.com\/pt-pt\/loja\/"},{"@type":"ListItem","position":3,"name":"Colar de prata com banho de ouro"}]},{"@type":"WebSite","@id":"https:\/\/mystikus.com\/#website","url":"https:\/\/mystikus.com\/","name":"Mystikus","description":"","publisher":{"@id":"https:\/\/mystikus.com\/#organization"},"potentialAction":[{"@type":"SearchAction","target":{"@type":"EntryPoint","urlTemplate":"https:\/\/mystikus.com\/?s={search_term_string}"},"query-input":{"@type":"PropertyValueSpecification","valueRequired":true,"valueName":"search_term_string"}}],"inLanguage":"pt-PT"},{"@type":"Organization","@id":"https:\/\/mystikus.com\/#organization","name":"Mystikus","url":"https:\/\/mystikus.com\/","logo":{"@type":"ImageObject","inLanguage":"pt-PT","@id":"https:\/\/mystikus.com\/#\/schema\/logo\/image\/","url":"https:\/\/mystikus.com\/wp-content\/uploads\/2025\/06\/logo-instgaram-shop.jpg","contentUrl":"https:\/\/mystikus.com\/wp-content\/uploads\/2025\/06\/logo-instgaram-shop.jpg","width":227,"height":227,"caption":"Mystikus"},"image":{"@id":"https:\/\/mystikus.com\/#\/schema\/logo\/image\/"}}]}},"_links":{"self":[{"href":"https:\/\/mystikus.com\/pt-pt\/wp-json\/wp\/v2\/product\/26593","targetHints":{"allow":["GET"]}}],"collection":[{"href":"https:\/\/mystikus.com\/pt-pt\/wp-json\/wp\/v2\/product"}],"about":[{"href":"https:\/\/mystikus.com\/pt-pt\/wp-json\/wp\/v2\/types\/product"}],"replies":[{"embeddable":true,"href":"https:\/\/mystikus.com\/pt-pt\/wp-json\/wp\/v2\/comments?post=26593"}],"wp:featuredmedia":[{"embeddable":true,"href":"https:\/\/mystikus.com\/pt-pt\/wp-json\/wp\/v2\/media\/26508"}],"wp:attachment":[{"href":"https:\/\/mystikus.com\/pt-pt\/wp-json\/wp\/v2\/media?parent=26593"}],"wp:term":[{"taxonomy":"product_brand","embeddable":true,"href":"https:\/\/mystikus.com\/pt-pt\/wp-json\/wp\/v2\/product_brand?post=26593"},{"taxonomy":"product_cat","embeddable":true,"href":"https:\/\/mystikus.com\/pt-pt\/wp-json\/wp\/v2\/product_cat?post=26593"},{"taxonomy":"product_tag","embeddable":true,"href":"https:\/\/mystikus.com\/pt-pt\/wp-json\/wp\/v2\/product_tag?post=26593"}],"curies":[{"name":"wp","href":"https:\/\/api.w.org\/{rel}","templated":true}]}}