{"id":26610,"date":"2025-12-22T17:45:30","date_gmt":"2025-12-22T16:45:30","guid":{"rendered":"https:\/\/mystikus.com\/producto\/colar-de-prata-com-banho-de-ouro-10\/"},"modified":"2025-12-22T17:45:30","modified_gmt":"2025-12-22T16:45:30","slug":"colar-de-prata-com-banho-de-ouro-10","status":"publish","type":"product","link":"https:\/\/mystikus.com\/pt-pt\/producto\/colar-de-prata-com-banho-de-ouro-10\/","title":{"rendered":"Colar de prata com banho de ouro"},"content":{"rendered":"<hr data-start=\"173\" data-end=\"176\">\n<p data-start=\"178\" data-end=\"206\"><strong data-start=\"178\" data-end=\"206\">Descri\u00e7\u00e3o do produto<\/strong><\/p>\n<p data-start=\"208\" data-end=\"470\">Este colar delicado apresenta um design elegante e feminino, trabalhado em <strong data-start=\"282\" data-end=\"313\">prata banhada a ouro<\/strong> e adornado com um pendente requintado que combina uma <strong data-start=\"366\" data-end=\"375\">p\u00e9rola<\/strong> com um acabamento suave e luminoso e uma <strong data-start=\"412\" data-end=\"424\">zirc\u00f3nia<\/strong> inferior para um toque subtil de brilho.<\/p>\n<p data-start=\"472\" data-end=\"712\">A harmonia entre a delicadeza da p\u00e9rola e o brilho discreto da zirc\u00f3nia cria uma pe\u00e7a de joalharia intemporal e sofisticada. O seu design leve torna-o um acess\u00f3rio vers\u00e1til, ideal tanto para o dia a dia como para ocasi\u00f5es especiais. <\/p>\n<p data-start=\"714\" data-end=\"826\">Um colar elegante e delicado, perfeito para quem procura uma pe\u00e7a de joalharia cl\u00e1ssica com um detalhe luminoso e requintado.<\/p>\n<p data-start=\"828\" data-end=\"848\"><strong data-start=\"828\" data-end=\"848\">Carater\u00edsticas:<\/strong><\/p>\n<ul data-start=\"849\" data-end=\"1029\">\n<li data-start=\"849\" data-end=\"894\">\n<p data-start=\"851\" data-end=\"894\">Material:<strong data-start=\"861\" data-end=\"892\"> prata banhada a ouro<\/strong><\/p>\n<\/li>\n<li data-start=\"895\" data-end=\"928\">\n<p data-start=\"897\" data-end=\"928\">Detalhe: <strong data-start=\"906\" data-end=\"926\">P\u00e9rola e zirc\u00f3nio<\/strong><\/p>\n<\/li>\n<li data-start=\"929\" data-end=\"958\">\n<p data-start=\"931\" data-end=\"958\">Design: Pendente delicado<\/p>\n<\/li>\n<li data-start=\"959\" data-end=\"990\">\n<p data-start=\"961\" data-end=\"990\">Estilo: Elegante e feminino<\/p>\n<\/li>\n<li data-start=\"991\" data-end=\"1029\">\n<p data-start=\"993\" data-end=\"1029\">Utiliza\u00e7\u00e3o: Todos os dias e ocasi\u00f5es especiais<\/p>\n<\/li>\n<\/ul>\n","protected":false},"excerpt":{"rendered":"<p data-start=\"828\" data-end=\"848\"><strong data-start=\"828\" data-end=\"848\">Carater\u00edsticas:<\/strong><\/p>\n<ul data-start=\"849\" data-end=\"1029\">\n<li data-start=\"849\" data-end=\"894\">\n<p data-start=\"851\" data-end=\"894\">Material:<strong data-start=\"861\" data-end=\"892\"> prata banhada a ouro<\/strong><\/p>\n<\/li>\n<li data-start=\"895\" data-end=\"928\">\n<p data-start=\"897\" data-end=\"928\">Detalhe: <strong data-start=\"906\" data-end=\"926\">P\u00e9rola e zirc\u00f3nio<\/strong><\/p>\n<\/li>\n<li data-start=\"929\" data-end=\"958\">\n<p data-start=\"931\" data-end=\"958\">Design: Pendente delicado<\/p>\n<\/li>\n<li data-start=\"959\" data-end=\"990\">\n<p data-start=\"961\" data-end=\"990\">Estilo: Elegante e feminino<\/p>\n<\/li>\n<li data-start=\"991\" data-end=\"1029\">\n<p data-start=\"993\" data-end=\"1029\">Utiliza\u00e7\u00e3o: Todos os dias e ocasi\u00f5es especiais<\/p>\n<\/li>\n<\/ul>\n","protected":false},"featured_media":26516,"comment_status":"open","ping_status":"closed","template":"","meta":[],"product_brand":[],"product_cat":[269,270,274,111],"product_tag":[],"class_list":{"0":"post-26610","1":"product","2":"type-product","3":"status-publish","4":"has-post-thumbnail","6":"product_cat-bijutaria","7":"product_cat-colares","9":"product_cat-minerais-e-joias","11":"first","12":"instock","13":"shipping-taxable","14":"purchasable","15":"product-type-simple"},"yoast_head":"<!-- This site is optimized with the Yoast SEO plugin v27.2 - https:\/\/yoast.com\/product\/yoast-seo-wordpress\/ -->\n<title>Colar de prata com banho de ouro - Mystikus<\/title>\n<meta name=\"robots\" content=\"index, follow, max-snippet:-1, max-image-preview:large, max-video-preview:-1\" \/>\n<link rel=\"canonical\" href=\"https:\/\/mystikus.com\/pt-pt\/producto\/colar-de-prata-com-banho-de-ouro-10\/\" \/>\n<meta property=\"og:locale\" content=\"pt_PT\" \/>\n<meta property=\"og:type\" content=\"article\" \/>\n<meta property=\"og:title\" content=\"Colar de prata com banho de ouro - Mystikus\" \/>\n<meta property=\"og:description\" content=\"Carater\u00edsticas:   Material: prata banhada a ouro   Detalhe: P\u00e9rola e zirc\u00f3nio   Design: Pendente delicado   Estilo: Elegante e feminino   Utiliza\u00e7\u00e3o: Todos os dias e ocasi\u00f5es especiais\" \/>\n<meta property=\"og:url\" content=\"https:\/\/mystikus.com\/pt-pt\/producto\/colar-de-prata-com-banho-de-ouro-10\/\" \/>\n<meta property=\"og:site_name\" content=\"Mystikus\" \/>\n<meta property=\"og:image\" content=\"https:\/\/mystikus.com\/wp-content\/uploads\/2025\/12\/collar-12.jpg\" \/>\n\t<meta property=\"og:image:width\" content=\"1587\" \/>\n\t<meta property=\"og:image:height\" content=\"1476\" \/>\n\t<meta property=\"og:image:type\" content=\"image\/jpeg\" \/>\n<meta name=\"twitter:card\" content=\"summary_large_image\" \/>\n<meta name=\"twitter:label1\" content=\"Tempo estimado de leitura\" \/>\n\t<meta name=\"twitter:data1\" content=\"1 minuto\" \/>\n<script type=\"application\/ld+json\" class=\"yoast-schema-graph\">{\"@context\":\"https:\/\/schema.org\",\"@graph\":[{\"@type\":\"WebPage\",\"@id\":\"https:\/\/mystikus.com\/pt-pt\/producto\/colar-de-prata-com-banho-de-ouro-10\/\",\"url\":\"https:\/\/mystikus.com\/pt-pt\/producto\/colar-de-prata-com-banho-de-ouro-10\/\",\"name\":\"Colar de prata com banho de ouro - Mystikus\",\"isPartOf\":{\"@id\":\"https:\/\/mystikus.com\/#website\"},\"primaryImageOfPage\":{\"@id\":\"https:\/\/mystikus.com\/pt-pt\/producto\/colar-de-prata-com-banho-de-ouro-10\/#primaryimage\"},\"image\":{\"@id\":\"https:\/\/mystikus.com\/pt-pt\/producto\/colar-de-prata-com-banho-de-ouro-10\/#primaryimage\"},\"thumbnailUrl\":\"https:\/\/mystikus.com\/wp-content\/uploads\/2025\/12\/collar-12.jpg\",\"datePublished\":\"2025-12-22T16:45:30+00:00\",\"breadcrumb\":{\"@id\":\"https:\/\/mystikus.com\/pt-pt\/producto\/colar-de-prata-com-banho-de-ouro-10\/#breadcrumb\"},\"inLanguage\":\"pt-PT\",\"potentialAction\":[{\"@type\":\"ReadAction\",\"target\":[\"https:\/\/mystikus.com\/pt-pt\/producto\/colar-de-prata-com-banho-de-ouro-10\/\"]}]},{\"@type\":\"ImageObject\",\"inLanguage\":\"pt-PT\",\"@id\":\"https:\/\/mystikus.com\/pt-pt\/producto\/colar-de-prata-com-banho-de-ouro-10\/#primaryimage\",\"url\":\"https:\/\/mystikus.com\/wp-content\/uploads\/2025\/12\/collar-12.jpg\",\"contentUrl\":\"https:\/\/mystikus.com\/wp-content\/uploads\/2025\/12\/collar-12.jpg\",\"width\":1587,\"height\":1476},{\"@type\":\"BreadcrumbList\",\"@id\":\"https:\/\/mystikus.com\/pt-pt\/producto\/colar-de-prata-com-banho-de-ouro-10\/#breadcrumb\",\"itemListElement\":[{\"@type\":\"ListItem\",\"position\":1,\"name\":\"Portada\",\"item\":\"https:\/\/mystikus.com\/pt-pt\/inicio\/\"},{\"@type\":\"ListItem\",\"position\":2,\"name\":\"Loja\",\"item\":\"https:\/\/mystikus.com\/pt-pt\/loja\/\"},{\"@type\":\"ListItem\",\"position\":3,\"name\":\"Colar de prata com banho de ouro\"}]},{\"@type\":\"WebSite\",\"@id\":\"https:\/\/mystikus.com\/#website\",\"url\":\"https:\/\/mystikus.com\/\",\"name\":\"Mystikus\",\"description\":\"\",\"publisher\":{\"@id\":\"https:\/\/mystikus.com\/#organization\"},\"potentialAction\":[{\"@type\":\"SearchAction\",\"target\":{\"@type\":\"EntryPoint\",\"urlTemplate\":\"https:\/\/mystikus.com\/?s={search_term_string}\"},\"query-input\":{\"@type\":\"PropertyValueSpecification\",\"valueRequired\":true,\"valueName\":\"search_term_string\"}}],\"inLanguage\":\"pt-PT\"},{\"@type\":\"Organization\",\"@id\":\"https:\/\/mystikus.com\/#organization\",\"name\":\"Mystikus\",\"url\":\"https:\/\/mystikus.com\/\",\"logo\":{\"@type\":\"ImageObject\",\"inLanguage\":\"pt-PT\",\"@id\":\"https:\/\/mystikus.com\/#\/schema\/logo\/image\/\",\"url\":\"https:\/\/mystikus.com\/wp-content\/uploads\/2025\/06\/logo-instgaram-shop.jpg\",\"contentUrl\":\"https:\/\/mystikus.com\/wp-content\/uploads\/2025\/06\/logo-instgaram-shop.jpg\",\"width\":227,\"height\":227,\"caption\":\"Mystikus\"},\"image\":{\"@id\":\"https:\/\/mystikus.com\/#\/schema\/logo\/image\/\"}}]}<\/script>\n<!-- \/ Yoast SEO plugin. -->","yoast_head_json":{"title":"Colar de prata com banho de ouro - Mystikus","robots":{"index":"index","follow":"follow","max-snippet":"max-snippet:-1","max-image-preview":"max-image-preview:large","max-video-preview":"max-video-preview:-1"},"canonical":"https:\/\/mystikus.com\/pt-pt\/producto\/colar-de-prata-com-banho-de-ouro-10\/","og_locale":"pt_PT","og_type":"article","og_title":"Colar de prata com banho de ouro - Mystikus","og_description":"Carater\u00edsticas:   Material: prata banhada a ouro   Detalhe: P\u00e9rola e zirc\u00f3nio   Design: Pendente delicado   Estilo: Elegante e feminino   Utiliza\u00e7\u00e3o: Todos os dias e ocasi\u00f5es especiais","og_url":"https:\/\/mystikus.com\/pt-pt\/producto\/colar-de-prata-com-banho-de-ouro-10\/","og_site_name":"Mystikus","og_image":[{"width":1587,"height":1476,"url":"https:\/\/mystikus.com\/wp-content\/uploads\/2025\/12\/collar-12.jpg","type":"image\/jpeg"}],"twitter_card":"summary_large_image","twitter_misc":{"Tempo estimado de leitura":"1 minuto"},"schema":{"@context":"https:\/\/schema.org","@graph":[{"@type":"WebPage","@id":"https:\/\/mystikus.com\/pt-pt\/producto\/colar-de-prata-com-banho-de-ouro-10\/","url":"https:\/\/mystikus.com\/pt-pt\/producto\/colar-de-prata-com-banho-de-ouro-10\/","name":"Colar de prata com banho de ouro - Mystikus","isPartOf":{"@id":"https:\/\/mystikus.com\/#website"},"primaryImageOfPage":{"@id":"https:\/\/mystikus.com\/pt-pt\/producto\/colar-de-prata-com-banho-de-ouro-10\/#primaryimage"},"image":{"@id":"https:\/\/mystikus.com\/pt-pt\/producto\/colar-de-prata-com-banho-de-ouro-10\/#primaryimage"},"thumbnailUrl":"https:\/\/mystikus.com\/wp-content\/uploads\/2025\/12\/collar-12.jpg","datePublished":"2025-12-22T16:45:30+00:00","breadcrumb":{"@id":"https:\/\/mystikus.com\/pt-pt\/producto\/colar-de-prata-com-banho-de-ouro-10\/#breadcrumb"},"inLanguage":"pt-PT","potentialAction":[{"@type":"ReadAction","target":["https:\/\/mystikus.com\/pt-pt\/producto\/colar-de-prata-com-banho-de-ouro-10\/"]}]},{"@type":"ImageObject","inLanguage":"pt-PT","@id":"https:\/\/mystikus.com\/pt-pt\/producto\/colar-de-prata-com-banho-de-ouro-10\/#primaryimage","url":"https:\/\/mystikus.com\/wp-content\/uploads\/2025\/12\/collar-12.jpg","contentUrl":"https:\/\/mystikus.com\/wp-content\/uploads\/2025\/12\/collar-12.jpg","width":1587,"height":1476},{"@type":"BreadcrumbList","@id":"https:\/\/mystikus.com\/pt-pt\/producto\/colar-de-prata-com-banho-de-ouro-10\/#breadcrumb","itemListElement":[{"@type":"ListItem","position":1,"name":"Portada","item":"https:\/\/mystikus.com\/pt-pt\/inicio\/"},{"@type":"ListItem","position":2,"name":"Loja","item":"https:\/\/mystikus.com\/pt-pt\/loja\/"},{"@type":"ListItem","position":3,"name":"Colar de prata com banho de ouro"}]},{"@type":"WebSite","@id":"https:\/\/mystikus.com\/#website","url":"https:\/\/mystikus.com\/","name":"Mystikus","description":"","publisher":{"@id":"https:\/\/mystikus.com\/#organization"},"potentialAction":[{"@type":"SearchAction","target":{"@type":"EntryPoint","urlTemplate":"https:\/\/mystikus.com\/?s={search_term_string}"},"query-input":{"@type":"PropertyValueSpecification","valueRequired":true,"valueName":"search_term_string"}}],"inLanguage":"pt-PT"},{"@type":"Organization","@id":"https:\/\/mystikus.com\/#organization","name":"Mystikus","url":"https:\/\/mystikus.com\/","logo":{"@type":"ImageObject","inLanguage":"pt-PT","@id":"https:\/\/mystikus.com\/#\/schema\/logo\/image\/","url":"https:\/\/mystikus.com\/wp-content\/uploads\/2025\/06\/logo-instgaram-shop.jpg","contentUrl":"https:\/\/mystikus.com\/wp-content\/uploads\/2025\/06\/logo-instgaram-shop.jpg","width":227,"height":227,"caption":"Mystikus"},"image":{"@id":"https:\/\/mystikus.com\/#\/schema\/logo\/image\/"}}]}},"_links":{"self":[{"href":"https:\/\/mystikus.com\/pt-pt\/wp-json\/wp\/v2\/product\/26610","targetHints":{"allow":["GET"]}}],"collection":[{"href":"https:\/\/mystikus.com\/pt-pt\/wp-json\/wp\/v2\/product"}],"about":[{"href":"https:\/\/mystikus.com\/pt-pt\/wp-json\/wp\/v2\/types\/product"}],"replies":[{"embeddable":true,"href":"https:\/\/mystikus.com\/pt-pt\/wp-json\/wp\/v2\/comments?post=26610"}],"wp:featuredmedia":[{"embeddable":true,"href":"https:\/\/mystikus.com\/pt-pt\/wp-json\/wp\/v2\/media\/26516"}],"wp:attachment":[{"href":"https:\/\/mystikus.com\/pt-pt\/wp-json\/wp\/v2\/media?parent=26610"}],"wp:term":[{"taxonomy":"product_brand","embeddable":true,"href":"https:\/\/mystikus.com\/pt-pt\/wp-json\/wp\/v2\/product_brand?post=26610"},{"taxonomy":"product_cat","embeddable":true,"href":"https:\/\/mystikus.com\/pt-pt\/wp-json\/wp\/v2\/product_cat?post=26610"},{"taxonomy":"product_tag","embeddable":true,"href":"https:\/\/mystikus.com\/pt-pt\/wp-json\/wp\/v2\/product_tag?post=26610"}],"curies":[{"name":"wp","href":"https:\/\/api.w.org\/{rel}","templated":true}]}}