{"id":26882,"date":"2026-02-06T16:46:03","date_gmt":"2026-02-06T15:46:03","guid":{"rendered":"https:\/\/mystikus.com\/producto\/cartas-de-tarot-douradas\/"},"modified":"2026-02-06T16:55:21","modified_gmt":"2026-02-06T15:55:21","slug":"cartas-de-tarot-douradas","status":"publish","type":"product","link":"https:\/\/mystikus.com\/pt-pt\/producto\/cartas-de-tarot-douradas\/","title":{"rendered":"Cartas de Tarot Douradas"},"content":{"rendered":"<p><strong>Uma fus\u00e3o impressionante de tradi\u00e7\u00e3o e opul\u00eancia.<\/strong><br \/>\nEste <strong>baralho de Tarot Dourado<\/strong> traz uma nova dimens\u00e3o radiante \u00e0s leituras com o seu deslumbrante design <strong>em folha de ouro<\/strong>. Cada carta reflecte a luz de forma maravilhosa, criando um baralho que parece ao mesmo tempo m\u00edstico e sofisticado. <\/p>\n<p>&nbsp;<\/p>\n","protected":false},"excerpt":{"rendered":"<p><strong>Uma fus\u00e3o impressionante de tradi\u00e7\u00e3o e opul\u00eancia.<\/strong><br \/>\nEste <strong>baralho de Tarot Dourado<\/strong> traz uma nova dimens\u00e3o radiante \u00e0s leituras com o seu deslumbrante design <strong>em folha de ouro<\/strong>. Cada carta reflecte a luz de forma maravilhosa, criando um baralho que parece ao mesmo tempo m\u00edstico e sofisticado. <\/p>\n<p>&nbsp;<\/p>\n","protected":false},"featured_media":27064,"comment_status":"open","ping_status":"closed","template":"","meta":[],"product_brand":[],"product_cat":[178,209],"product_tag":[],"class_list":{"0":"post-26882","1":"product","2":"type-product","3":"status-publish","4":"has-post-thumbnail","6":"product_cat-adivinhacao","7":"product_cat-tarots","9":"first","10":"outofstock","11":"shipping-taxable","12":"purchasable","13":"product-type-simple"},"yoast_head":"<!-- This site is optimized with the Yoast SEO plugin v27.2 - https:\/\/yoast.com\/product\/yoast-seo-wordpress\/ -->\n<title>Cartas de Tarot Douradas - Mystikus<\/title>\n<meta name=\"robots\" content=\"index, follow, max-snippet:-1, max-image-preview:large, max-video-preview:-1\" \/>\n<link rel=\"canonical\" href=\"https:\/\/mystikus.com\/pt-pt\/producto\/cartas-de-tarot-douradas\/\" \/>\n<meta property=\"og:locale\" content=\"pt_PT\" \/>\n<meta property=\"og:type\" content=\"article\" \/>\n<meta property=\"og:title\" content=\"Cartas de Tarot Douradas - Mystikus\" \/>\n<meta property=\"og:description\" content=\"Uma fus\u00e3o impressionante de tradi\u00e7\u00e3o e opul\u00eancia. Este baralho de Tarot Dourado traz uma nova dimens\u00e3o radiante \u00e0s leituras com o seu deslumbrante design em folha de ouro. Cada carta reflecte a luz de forma maravilhosa, criando um baralho que parece ao mesmo tempo m\u00edstico e sofisticado.  &nbsp;\" \/>\n<meta property=\"og:url\" content=\"https:\/\/mystikus.com\/pt-pt\/producto\/cartas-de-tarot-douradas\/\" \/>\n<meta property=\"og:site_name\" content=\"Mystikus\" \/>\n<meta property=\"article:modified_time\" content=\"2026-02-06T15:55:21+00:00\" \/>\n<meta property=\"og:image\" content=\"https:\/\/mystikus.com\/wp-content\/uploads\/2026\/02\/bG9jYWw6Ly9tZWRpYS8xRy80RS82MFIzMEMxSDc0UjM0RTFHLzlhM2E3MDg1LmpwZWc.jpg\" \/>\n\t<meta property=\"og:image:width\" content=\"2000\" \/>\n\t<meta property=\"og:image:height\" content=\"2000\" \/>\n\t<meta property=\"og:image:type\" content=\"image\/jpeg\" \/>\n<meta name=\"twitter:card\" content=\"summary_large_image\" \/>\n<script type=\"application\/ld+json\" class=\"yoast-schema-graph\">{\"@context\":\"https:\/\/schema.org\",\"@graph\":[{\"@type\":\"WebPage\",\"@id\":\"https:\/\/mystikus.com\/pt-pt\/producto\/cartas-de-tarot-douradas\/\",\"url\":\"https:\/\/mystikus.com\/pt-pt\/producto\/cartas-de-tarot-douradas\/\",\"name\":\"Cartas de Tarot Douradas - Mystikus\",\"isPartOf\":{\"@id\":\"https:\/\/mystikus.com\/#website\"},\"primaryImageOfPage\":{\"@id\":\"https:\/\/mystikus.com\/pt-pt\/producto\/cartas-de-tarot-douradas\/#primaryimage\"},\"image\":{\"@id\":\"https:\/\/mystikus.com\/pt-pt\/producto\/cartas-de-tarot-douradas\/#primaryimage\"},\"thumbnailUrl\":\"https:\/\/mystikus.com\/wp-content\/uploads\/2026\/02\/bG9jYWw6Ly9tZWRpYS8xRy80RS82MFIzMEMxSDc0UjM0RTFHLzlhM2E3MDg1LmpwZWc.jpg\",\"datePublished\":\"2026-02-06T15:46:03+00:00\",\"dateModified\":\"2026-02-06T15:55:21+00:00\",\"breadcrumb\":{\"@id\":\"https:\/\/mystikus.com\/pt-pt\/producto\/cartas-de-tarot-douradas\/#breadcrumb\"},\"inLanguage\":\"pt-PT\",\"potentialAction\":[{\"@type\":\"ReadAction\",\"target\":[\"https:\/\/mystikus.com\/pt-pt\/producto\/cartas-de-tarot-douradas\/\"]}]},{\"@type\":\"ImageObject\",\"inLanguage\":\"pt-PT\",\"@id\":\"https:\/\/mystikus.com\/pt-pt\/producto\/cartas-de-tarot-douradas\/#primaryimage\",\"url\":\"https:\/\/mystikus.com\/wp-content\/uploads\/2026\/02\/bG9jYWw6Ly9tZWRpYS8xRy80RS82MFIzMEMxSDc0UjM0RTFHLzlhM2E3MDg1LmpwZWc.jpg\",\"contentUrl\":\"https:\/\/mystikus.com\/wp-content\/uploads\/2026\/02\/bG9jYWw6Ly9tZWRpYS8xRy80RS82MFIzMEMxSDc0UjM0RTFHLzlhM2E3MDg1LmpwZWc.jpg\",\"width\":2000,\"height\":2000},{\"@type\":\"BreadcrumbList\",\"@id\":\"https:\/\/mystikus.com\/pt-pt\/producto\/cartas-de-tarot-douradas\/#breadcrumb\",\"itemListElement\":[{\"@type\":\"ListItem\",\"position\":1,\"name\":\"Portada\",\"item\":\"https:\/\/mystikus.com\/pt-pt\/inicio\/\"},{\"@type\":\"ListItem\",\"position\":2,\"name\":\"Loja\",\"item\":\"https:\/\/mystikus.com\/pt-pt\/loja\/\"},{\"@type\":\"ListItem\",\"position\":3,\"name\":\"Cartas de Tarot Douradas\"}]},{\"@type\":\"WebSite\",\"@id\":\"https:\/\/mystikus.com\/#website\",\"url\":\"https:\/\/mystikus.com\/\",\"name\":\"Mystikus\",\"description\":\"\",\"publisher\":{\"@id\":\"https:\/\/mystikus.com\/#organization\"},\"potentialAction\":[{\"@type\":\"SearchAction\",\"target\":{\"@type\":\"EntryPoint\",\"urlTemplate\":\"https:\/\/mystikus.com\/?s={search_term_string}\"},\"query-input\":{\"@type\":\"PropertyValueSpecification\",\"valueRequired\":true,\"valueName\":\"search_term_string\"}}],\"inLanguage\":\"pt-PT\"},{\"@type\":\"Organization\",\"@id\":\"https:\/\/mystikus.com\/#organization\",\"name\":\"Mystikus\",\"url\":\"https:\/\/mystikus.com\/\",\"logo\":{\"@type\":\"ImageObject\",\"inLanguage\":\"pt-PT\",\"@id\":\"https:\/\/mystikus.com\/#\/schema\/logo\/image\/\",\"url\":\"https:\/\/mystikus.com\/wp-content\/uploads\/2025\/06\/logo-instgaram-shop.jpg\",\"contentUrl\":\"https:\/\/mystikus.com\/wp-content\/uploads\/2025\/06\/logo-instgaram-shop.jpg\",\"width\":227,\"height\":227,\"caption\":\"Mystikus\"},\"image\":{\"@id\":\"https:\/\/mystikus.com\/#\/schema\/logo\/image\/\"}}]}<\/script>\n<!-- \/ Yoast SEO plugin. -->","yoast_head_json":{"title":"Cartas de Tarot Douradas - Mystikus","robots":{"index":"index","follow":"follow","max-snippet":"max-snippet:-1","max-image-preview":"max-image-preview:large","max-video-preview":"max-video-preview:-1"},"canonical":"https:\/\/mystikus.com\/pt-pt\/producto\/cartas-de-tarot-douradas\/","og_locale":"pt_PT","og_type":"article","og_title":"Cartas de Tarot Douradas - Mystikus","og_description":"Uma fus\u00e3o impressionante de tradi\u00e7\u00e3o e opul\u00eancia. Este baralho de Tarot Dourado traz uma nova dimens\u00e3o radiante \u00e0s leituras com o seu deslumbrante design em folha de ouro. Cada carta reflecte a luz de forma maravilhosa, criando um baralho que parece ao mesmo tempo m\u00edstico e sofisticado.  &nbsp;","og_url":"https:\/\/mystikus.com\/pt-pt\/producto\/cartas-de-tarot-douradas\/","og_site_name":"Mystikus","article_modified_time":"2026-02-06T15:55:21+00:00","og_image":[{"width":2000,"height":2000,"url":"https:\/\/mystikus.com\/wp-content\/uploads\/2026\/02\/bG9jYWw6Ly9tZWRpYS8xRy80RS82MFIzMEMxSDc0UjM0RTFHLzlhM2E3MDg1LmpwZWc.jpg","type":"image\/jpeg"}],"twitter_card":"summary_large_image","schema":{"@context":"https:\/\/schema.org","@graph":[{"@type":"WebPage","@id":"https:\/\/mystikus.com\/pt-pt\/producto\/cartas-de-tarot-douradas\/","url":"https:\/\/mystikus.com\/pt-pt\/producto\/cartas-de-tarot-douradas\/","name":"Cartas de Tarot Douradas - Mystikus","isPartOf":{"@id":"https:\/\/mystikus.com\/#website"},"primaryImageOfPage":{"@id":"https:\/\/mystikus.com\/pt-pt\/producto\/cartas-de-tarot-douradas\/#primaryimage"},"image":{"@id":"https:\/\/mystikus.com\/pt-pt\/producto\/cartas-de-tarot-douradas\/#primaryimage"},"thumbnailUrl":"https:\/\/mystikus.com\/wp-content\/uploads\/2026\/02\/bG9jYWw6Ly9tZWRpYS8xRy80RS82MFIzMEMxSDc0UjM0RTFHLzlhM2E3MDg1LmpwZWc.jpg","datePublished":"2026-02-06T15:46:03+00:00","dateModified":"2026-02-06T15:55:21+00:00","breadcrumb":{"@id":"https:\/\/mystikus.com\/pt-pt\/producto\/cartas-de-tarot-douradas\/#breadcrumb"},"inLanguage":"pt-PT","potentialAction":[{"@type":"ReadAction","target":["https:\/\/mystikus.com\/pt-pt\/producto\/cartas-de-tarot-douradas\/"]}]},{"@type":"ImageObject","inLanguage":"pt-PT","@id":"https:\/\/mystikus.com\/pt-pt\/producto\/cartas-de-tarot-douradas\/#primaryimage","url":"https:\/\/mystikus.com\/wp-content\/uploads\/2026\/02\/bG9jYWw6Ly9tZWRpYS8xRy80RS82MFIzMEMxSDc0UjM0RTFHLzlhM2E3MDg1LmpwZWc.jpg","contentUrl":"https:\/\/mystikus.com\/wp-content\/uploads\/2026\/02\/bG9jYWw6Ly9tZWRpYS8xRy80RS82MFIzMEMxSDc0UjM0RTFHLzlhM2E3MDg1LmpwZWc.jpg","width":2000,"height":2000},{"@type":"BreadcrumbList","@id":"https:\/\/mystikus.com\/pt-pt\/producto\/cartas-de-tarot-douradas\/#breadcrumb","itemListElement":[{"@type":"ListItem","position":1,"name":"Portada","item":"https:\/\/mystikus.com\/pt-pt\/inicio\/"},{"@type":"ListItem","position":2,"name":"Loja","item":"https:\/\/mystikus.com\/pt-pt\/loja\/"},{"@type":"ListItem","position":3,"name":"Cartas de Tarot Douradas"}]},{"@type":"WebSite","@id":"https:\/\/mystikus.com\/#website","url":"https:\/\/mystikus.com\/","name":"Mystikus","description":"","publisher":{"@id":"https:\/\/mystikus.com\/#organization"},"potentialAction":[{"@type":"SearchAction","target":{"@type":"EntryPoint","urlTemplate":"https:\/\/mystikus.com\/?s={search_term_string}"},"query-input":{"@type":"PropertyValueSpecification","valueRequired":true,"valueName":"search_term_string"}}],"inLanguage":"pt-PT"},{"@type":"Organization","@id":"https:\/\/mystikus.com\/#organization","name":"Mystikus","url":"https:\/\/mystikus.com\/","logo":{"@type":"ImageObject","inLanguage":"pt-PT","@id":"https:\/\/mystikus.com\/#\/schema\/logo\/image\/","url":"https:\/\/mystikus.com\/wp-content\/uploads\/2025\/06\/logo-instgaram-shop.jpg","contentUrl":"https:\/\/mystikus.com\/wp-content\/uploads\/2025\/06\/logo-instgaram-shop.jpg","width":227,"height":227,"caption":"Mystikus"},"image":{"@id":"https:\/\/mystikus.com\/#\/schema\/logo\/image\/"}}]}},"_links":{"self":[{"href":"https:\/\/mystikus.com\/pt-pt\/wp-json\/wp\/v2\/product\/26882","targetHints":{"allow":["GET"]}}],"collection":[{"href":"https:\/\/mystikus.com\/pt-pt\/wp-json\/wp\/v2\/product"}],"about":[{"href":"https:\/\/mystikus.com\/pt-pt\/wp-json\/wp\/v2\/types\/product"}],"replies":[{"embeddable":true,"href":"https:\/\/mystikus.com\/pt-pt\/wp-json\/wp\/v2\/comments?post=26882"}],"wp:featuredmedia":[{"embeddable":true,"href":"https:\/\/mystikus.com\/pt-pt\/wp-json\/wp\/v2\/media\/27064"}],"wp:attachment":[{"href":"https:\/\/mystikus.com\/pt-pt\/wp-json\/wp\/v2\/media?parent=26882"}],"wp:term":[{"taxonomy":"product_brand","embeddable":true,"href":"https:\/\/mystikus.com\/pt-pt\/wp-json\/wp\/v2\/product_brand?post=26882"},{"taxonomy":"product_cat","embeddable":true,"href":"https:\/\/mystikus.com\/pt-pt\/wp-json\/wp\/v2\/product_cat?post=26882"},{"taxonomy":"product_tag","embeddable":true,"href":"https:\/\/mystikus.com\/pt-pt\/wp-json\/wp\/v2\/product_tag?post=26882"}],"curies":[{"name":"wp","href":"https:\/\/api.w.org\/{rel}","templated":true}]}}