{"id":26891,"date":"2026-02-06T16:46:11","date_gmt":"2026-02-06T15:46:11","guid":{"rendered":"https:\/\/mystikus.com\/producto\/cartas-de-tarot-com-livro-guia-arcanos-tradicionais\/"},"modified":"2026-02-06T16:53:43","modified_gmt":"2026-02-06T15:53:43","slug":"cartas-de-tarot-com-livro-guia-arcanos-tradicionais","status":"publish","type":"product","link":"https:\/\/mystikus.com\/pt-pt\/producto\/cartas-de-tarot-com-livro-guia-arcanos-tradicionais\/","title":{"rendered":"Cartas de Tarot com Livro Guia \u2013 Arcanos Tradicionais"},"content":{"rendered":"<p><strong>Um baralho de tarot intemporal enraizado na tradi\u00e7\u00e3o.<\/strong><br \/>\nO <strong>conjunto de tarot dos Arcanos Tradicionais<\/strong> mant\u00e9m-se fiel ao simbolismo cl\u00e1ssico e \u00e0s imagens utilizadas pelos leitores de tarot durante gera\u00e7\u00f5es. Este baralho <strong>de 78 cartas<\/strong>, acompanhado de um <strong>guia<\/strong>, \u00e9 ideal tanto para praticantes experientes como para principiantes que desejam aprofundar os seus conhecimentos sobre o tarot. <\/p>\n<p>&nbsp;<\/p>\n","protected":false},"excerpt":{"rendered":"<p><strong>Um baralho de tarot intemporal enraizado na tradi\u00e7\u00e3o.<\/strong><br \/>\nO <strong>conjunto de tarot dos Arcanos Tradicionais<\/strong> mant\u00e9m-se fiel ao simbolismo cl\u00e1ssico e \u00e0s imagens utilizadas pelos leitores de tarot durante gera\u00e7\u00f5es. Este baralho <strong>de 78 cartas<\/strong>, acompanhado por um <strong>guia<\/strong>, \u00e9 ideal tanto para praticantes experientes como para principiantes que desejam aprofundar os seus conhecimentos sobre o tarot. <\/p>\n<p>&nbsp;<\/p>\n","protected":false},"featured_media":27055,"comment_status":"open","ping_status":"closed","template":"","meta":[],"product_brand":[],"product_cat":[178,209],"product_tag":[],"class_list":{"0":"post-26891","1":"product","2":"type-product","3":"status-publish","4":"has-post-thumbnail","6":"product_cat-adivinhacao","7":"product_cat-tarots","9":"first","10":"outofstock","11":"shipping-taxable","12":"purchasable","13":"product-type-simple"},"yoast_head":"<!-- This site is optimized with the Yoast SEO plugin v27.2 - https:\/\/yoast.com\/product\/yoast-seo-wordpress\/ -->\n<title>Cartas de Tarot com Livro Guia - Arcanos Tradicionais - Mystikus<\/title>\n<meta name=\"robots\" content=\"index, follow, max-snippet:-1, max-image-preview:large, max-video-preview:-1\" \/>\n<link rel=\"canonical\" href=\"https:\/\/mystikus.com\/pt-pt\/producto\/cartas-de-tarot-com-livro-guia-arcanos-tradicionais\/\" \/>\n<meta property=\"og:locale\" content=\"pt_PT\" \/>\n<meta property=\"og:type\" content=\"article\" \/>\n<meta property=\"og:title\" content=\"Cartas de Tarot com Livro Guia - Arcanos Tradicionais - Mystikus\" \/>\n<meta property=\"og:description\" content=\"Um baralho de tarot intemporal enraizado na tradi\u00e7\u00e3o. O conjunto de tarot dos Arcanos Tradicionais mant\u00e9m-se fiel ao simbolismo cl\u00e1ssico e \u00e0s imagens utilizadas pelos leitores de tarot durante gera\u00e7\u00f5es. Este baralho de 78 cartas, acompanhado por um guia, \u00e9 ideal tanto para praticantes experientes como para principiantes que desejam aprofundar os seus conhecimentos sobre o tarot.  &nbsp;\" \/>\n<meta property=\"og:url\" content=\"https:\/\/mystikus.com\/pt-pt\/producto\/cartas-de-tarot-com-livro-guia-arcanos-tradicionais\/\" \/>\n<meta property=\"og:site_name\" content=\"Mystikus\" \/>\n<meta property=\"article:modified_time\" content=\"2026-02-06T15:53:43+00:00\" \/>\n<meta property=\"og:image\" content=\"https:\/\/mystikus.com\/wp-content\/uploads\/2026\/02\/bG9jYWw6Ly9tZWRpYS8xSi80RS82MFIzMEMxSDc0UjM0RTFKLzU2NGJkNDRiLmpwZWc.jpg\" \/>\n\t<meta property=\"og:image:width\" content=\"2000\" \/>\n\t<meta property=\"og:image:height\" content=\"2000\" \/>\n\t<meta property=\"og:image:type\" content=\"image\/jpeg\" \/>\n<meta name=\"twitter:card\" content=\"summary_large_image\" \/>\n<script type=\"application\/ld+json\" class=\"yoast-schema-graph\">{\"@context\":\"https:\/\/schema.org\",\"@graph\":[{\"@type\":\"WebPage\",\"@id\":\"https:\/\/mystikus.com\/pt-pt\/producto\/cartas-de-tarot-com-livro-guia-arcanos-tradicionais\/\",\"url\":\"https:\/\/mystikus.com\/pt-pt\/producto\/cartas-de-tarot-com-livro-guia-arcanos-tradicionais\/\",\"name\":\"Cartas de Tarot com Livro Guia - Arcanos Tradicionais - Mystikus\",\"isPartOf\":{\"@id\":\"https:\/\/mystikus.com\/#website\"},\"primaryImageOfPage\":{\"@id\":\"https:\/\/mystikus.com\/pt-pt\/producto\/cartas-de-tarot-com-livro-guia-arcanos-tradicionais\/#primaryimage\"},\"image\":{\"@id\":\"https:\/\/mystikus.com\/pt-pt\/producto\/cartas-de-tarot-com-livro-guia-arcanos-tradicionais\/#primaryimage\"},\"thumbnailUrl\":\"https:\/\/mystikus.com\/wp-content\/uploads\/2026\/02\/bG9jYWw6Ly9tZWRpYS8xSi80RS82MFIzMEMxSDc0UjM0RTFKLzU2NGJkNDRiLmpwZWc.jpg\",\"datePublished\":\"2026-02-06T15:46:11+00:00\",\"dateModified\":\"2026-02-06T15:53:43+00:00\",\"breadcrumb\":{\"@id\":\"https:\/\/mystikus.com\/pt-pt\/producto\/cartas-de-tarot-com-livro-guia-arcanos-tradicionais\/#breadcrumb\"},\"inLanguage\":\"pt-PT\",\"potentialAction\":[{\"@type\":\"ReadAction\",\"target\":[\"https:\/\/mystikus.com\/pt-pt\/producto\/cartas-de-tarot-com-livro-guia-arcanos-tradicionais\/\"]}]},{\"@type\":\"ImageObject\",\"inLanguage\":\"pt-PT\",\"@id\":\"https:\/\/mystikus.com\/pt-pt\/producto\/cartas-de-tarot-com-livro-guia-arcanos-tradicionais\/#primaryimage\",\"url\":\"https:\/\/mystikus.com\/wp-content\/uploads\/2026\/02\/bG9jYWw6Ly9tZWRpYS8xSi80RS82MFIzMEMxSDc0UjM0RTFKLzU2NGJkNDRiLmpwZWc.jpg\",\"contentUrl\":\"https:\/\/mystikus.com\/wp-content\/uploads\/2026\/02\/bG9jYWw6Ly9tZWRpYS8xSi80RS82MFIzMEMxSDc0UjM0RTFKLzU2NGJkNDRiLmpwZWc.jpg\",\"width\":2000,\"height\":2000},{\"@type\":\"BreadcrumbList\",\"@id\":\"https:\/\/mystikus.com\/pt-pt\/producto\/cartas-de-tarot-com-livro-guia-arcanos-tradicionais\/#breadcrumb\",\"itemListElement\":[{\"@type\":\"ListItem\",\"position\":1,\"name\":\"Portada\",\"item\":\"https:\/\/mystikus.com\/pt-pt\/inicio\/\"},{\"@type\":\"ListItem\",\"position\":2,\"name\":\"Loja\",\"item\":\"https:\/\/mystikus.com\/pt-pt\/loja\/\"},{\"@type\":\"ListItem\",\"position\":3,\"name\":\"Cartas de Tarot com Livro Guia \u2013 Arcanos Tradicionais\"}]},{\"@type\":\"WebSite\",\"@id\":\"https:\/\/mystikus.com\/#website\",\"url\":\"https:\/\/mystikus.com\/\",\"name\":\"Mystikus\",\"description\":\"\",\"publisher\":{\"@id\":\"https:\/\/mystikus.com\/#organization\"},\"potentialAction\":[{\"@type\":\"SearchAction\",\"target\":{\"@type\":\"EntryPoint\",\"urlTemplate\":\"https:\/\/mystikus.com\/?s={search_term_string}\"},\"query-input\":{\"@type\":\"PropertyValueSpecification\",\"valueRequired\":true,\"valueName\":\"search_term_string\"}}],\"inLanguage\":\"pt-PT\"},{\"@type\":\"Organization\",\"@id\":\"https:\/\/mystikus.com\/#organization\",\"name\":\"Mystikus\",\"url\":\"https:\/\/mystikus.com\/\",\"logo\":{\"@type\":\"ImageObject\",\"inLanguage\":\"pt-PT\",\"@id\":\"https:\/\/mystikus.com\/#\/schema\/logo\/image\/\",\"url\":\"https:\/\/mystikus.com\/wp-content\/uploads\/2025\/06\/logo-instgaram-shop.jpg\",\"contentUrl\":\"https:\/\/mystikus.com\/wp-content\/uploads\/2025\/06\/logo-instgaram-shop.jpg\",\"width\":227,\"height\":227,\"caption\":\"Mystikus\"},\"image\":{\"@id\":\"https:\/\/mystikus.com\/#\/schema\/logo\/image\/\"}}]}<\/script>\n<!-- \/ Yoast SEO plugin. -->","yoast_head_json":{"title":"Cartas de Tarot com Livro Guia - Arcanos Tradicionais - Mystikus","robots":{"index":"index","follow":"follow","max-snippet":"max-snippet:-1","max-image-preview":"max-image-preview:large","max-video-preview":"max-video-preview:-1"},"canonical":"https:\/\/mystikus.com\/pt-pt\/producto\/cartas-de-tarot-com-livro-guia-arcanos-tradicionais\/","og_locale":"pt_PT","og_type":"article","og_title":"Cartas de Tarot com Livro Guia - Arcanos Tradicionais - Mystikus","og_description":"Um baralho de tarot intemporal enraizado na tradi\u00e7\u00e3o. O conjunto de tarot dos Arcanos Tradicionais mant\u00e9m-se fiel ao simbolismo cl\u00e1ssico e \u00e0s imagens utilizadas pelos leitores de tarot durante gera\u00e7\u00f5es. Este baralho de 78 cartas, acompanhado por um guia, \u00e9 ideal tanto para praticantes experientes como para principiantes que desejam aprofundar os seus conhecimentos sobre o tarot.  &nbsp;","og_url":"https:\/\/mystikus.com\/pt-pt\/producto\/cartas-de-tarot-com-livro-guia-arcanos-tradicionais\/","og_site_name":"Mystikus","article_modified_time":"2026-02-06T15:53:43+00:00","og_image":[{"width":2000,"height":2000,"url":"https:\/\/mystikus.com\/wp-content\/uploads\/2026\/02\/bG9jYWw6Ly9tZWRpYS8xSi80RS82MFIzMEMxSDc0UjM0RTFKLzU2NGJkNDRiLmpwZWc.jpg","type":"image\/jpeg"}],"twitter_card":"summary_large_image","schema":{"@context":"https:\/\/schema.org","@graph":[{"@type":"WebPage","@id":"https:\/\/mystikus.com\/pt-pt\/producto\/cartas-de-tarot-com-livro-guia-arcanos-tradicionais\/","url":"https:\/\/mystikus.com\/pt-pt\/producto\/cartas-de-tarot-com-livro-guia-arcanos-tradicionais\/","name":"Cartas de Tarot com Livro Guia - Arcanos Tradicionais - Mystikus","isPartOf":{"@id":"https:\/\/mystikus.com\/#website"},"primaryImageOfPage":{"@id":"https:\/\/mystikus.com\/pt-pt\/producto\/cartas-de-tarot-com-livro-guia-arcanos-tradicionais\/#primaryimage"},"image":{"@id":"https:\/\/mystikus.com\/pt-pt\/producto\/cartas-de-tarot-com-livro-guia-arcanos-tradicionais\/#primaryimage"},"thumbnailUrl":"https:\/\/mystikus.com\/wp-content\/uploads\/2026\/02\/bG9jYWw6Ly9tZWRpYS8xSi80RS82MFIzMEMxSDc0UjM0RTFKLzU2NGJkNDRiLmpwZWc.jpg","datePublished":"2026-02-06T15:46:11+00:00","dateModified":"2026-02-06T15:53:43+00:00","breadcrumb":{"@id":"https:\/\/mystikus.com\/pt-pt\/producto\/cartas-de-tarot-com-livro-guia-arcanos-tradicionais\/#breadcrumb"},"inLanguage":"pt-PT","potentialAction":[{"@type":"ReadAction","target":["https:\/\/mystikus.com\/pt-pt\/producto\/cartas-de-tarot-com-livro-guia-arcanos-tradicionais\/"]}]},{"@type":"ImageObject","inLanguage":"pt-PT","@id":"https:\/\/mystikus.com\/pt-pt\/producto\/cartas-de-tarot-com-livro-guia-arcanos-tradicionais\/#primaryimage","url":"https:\/\/mystikus.com\/wp-content\/uploads\/2026\/02\/bG9jYWw6Ly9tZWRpYS8xSi80RS82MFIzMEMxSDc0UjM0RTFKLzU2NGJkNDRiLmpwZWc.jpg","contentUrl":"https:\/\/mystikus.com\/wp-content\/uploads\/2026\/02\/bG9jYWw6Ly9tZWRpYS8xSi80RS82MFIzMEMxSDc0UjM0RTFKLzU2NGJkNDRiLmpwZWc.jpg","width":2000,"height":2000},{"@type":"BreadcrumbList","@id":"https:\/\/mystikus.com\/pt-pt\/producto\/cartas-de-tarot-com-livro-guia-arcanos-tradicionais\/#breadcrumb","itemListElement":[{"@type":"ListItem","position":1,"name":"Portada","item":"https:\/\/mystikus.com\/pt-pt\/inicio\/"},{"@type":"ListItem","position":2,"name":"Loja","item":"https:\/\/mystikus.com\/pt-pt\/loja\/"},{"@type":"ListItem","position":3,"name":"Cartas de Tarot com Livro Guia \u2013 Arcanos Tradicionais"}]},{"@type":"WebSite","@id":"https:\/\/mystikus.com\/#website","url":"https:\/\/mystikus.com\/","name":"Mystikus","description":"","publisher":{"@id":"https:\/\/mystikus.com\/#organization"},"potentialAction":[{"@type":"SearchAction","target":{"@type":"EntryPoint","urlTemplate":"https:\/\/mystikus.com\/?s={search_term_string}"},"query-input":{"@type":"PropertyValueSpecification","valueRequired":true,"valueName":"search_term_string"}}],"inLanguage":"pt-PT"},{"@type":"Organization","@id":"https:\/\/mystikus.com\/#organization","name":"Mystikus","url":"https:\/\/mystikus.com\/","logo":{"@type":"ImageObject","inLanguage":"pt-PT","@id":"https:\/\/mystikus.com\/#\/schema\/logo\/image\/","url":"https:\/\/mystikus.com\/wp-content\/uploads\/2025\/06\/logo-instgaram-shop.jpg","contentUrl":"https:\/\/mystikus.com\/wp-content\/uploads\/2025\/06\/logo-instgaram-shop.jpg","width":227,"height":227,"caption":"Mystikus"},"image":{"@id":"https:\/\/mystikus.com\/#\/schema\/logo\/image\/"}}]}},"_links":{"self":[{"href":"https:\/\/mystikus.com\/pt-pt\/wp-json\/wp\/v2\/product\/26891","targetHints":{"allow":["GET"]}}],"collection":[{"href":"https:\/\/mystikus.com\/pt-pt\/wp-json\/wp\/v2\/product"}],"about":[{"href":"https:\/\/mystikus.com\/pt-pt\/wp-json\/wp\/v2\/types\/product"}],"replies":[{"embeddable":true,"href":"https:\/\/mystikus.com\/pt-pt\/wp-json\/wp\/v2\/comments?post=26891"}],"wp:featuredmedia":[{"embeddable":true,"href":"https:\/\/mystikus.com\/pt-pt\/wp-json\/wp\/v2\/media\/27055"}],"wp:attachment":[{"href":"https:\/\/mystikus.com\/pt-pt\/wp-json\/wp\/v2\/media?parent=26891"}],"wp:term":[{"taxonomy":"product_brand","embeddable":true,"href":"https:\/\/mystikus.com\/pt-pt\/wp-json\/wp\/v2\/product_brand?post=26891"},{"taxonomy":"product_cat","embeddable":true,"href":"https:\/\/mystikus.com\/pt-pt\/wp-json\/wp\/v2\/product_cat?post=26891"},{"taxonomy":"product_tag","embeddable":true,"href":"https:\/\/mystikus.com\/pt-pt\/wp-json\/wp\/v2\/product_tag?post=26891"}],"curies":[{"name":"wp","href":"https:\/\/api.w.org\/{rel}","templated":true}]}}