{"id":26904,"date":"2026-02-06T16:44:56","date_gmt":"2026-02-06T15:44:56","guid":{"rendered":"https:\/\/mystikus.com\/producto\/conjunto-de-cartas-de-tarot-com-folha-azul-face-da-lua-com-folheto\/"},"modified":"2026-02-06T16:59:05","modified_gmt":"2026-02-06T15:59:05","slug":"conjunto-de-cartas-de-tarot-com-folha-azul-face-da-lua-com-folheto","status":"publish","type":"product","link":"https:\/\/mystikus.com\/pt-pt\/producto\/conjunto-de-cartas-de-tarot-com-folha-azul-face-da-lua-com-folheto\/","title":{"rendered":"Conjunto de cartas de tarot com folha azul \u2013 Face da Lua \u2013 com folheto"},"content":{"rendered":"<p><strong>Celestial, sereno e visualmente cativante, o conjunto de tar\u00f4 Moon Face \u00e9 inspirado no simbolismo lunar e em imagens c\u00f3smicas.<\/strong><span style=\"font-family: Raleway, sans-serif; font-size: 15px;\"> O conjunto de tarot Moon Face \u00e9 inspirado no simbolismo lunar e em imagens c\u00f3smicas. A folha de alum\u00ednio azul brilha contra um design repleto de estrelas, dando a este baralho uma presen\u00e7a serena e m\u00e1gica.<\/span><\/p>\n<p>&nbsp;<\/p>\n","protected":false},"excerpt":{"rendered":"<p><strong>Celestial, sereno e visualmente cativante, o conjunto de tar\u00f4 Moon Face \u00e9 inspirado no simbolismo lunar e em imagens c\u00f3smicas.<\/strong><span style=\"font-family: Raleway, sans-serif; font-size: 15px;\"> O conjunto de tarot Moon Face \u00e9 inspirado no simbolismo lunar e em imagens c\u00f3smicas. A folha de alum\u00ednio azul brilha contra um design repleto de estrelas, dando a este baralho uma presen\u00e7a serena e m\u00e1gica.<\/span><\/p>\n<p>&nbsp;<\/p>\n","protected":false},"featured_media":27106,"comment_status":"open","ping_status":"closed","template":"","meta":[],"product_brand":[],"product_cat":[178,209],"product_tag":[],"class_list":{"0":"post-26904","1":"product","2":"type-product","3":"status-publish","4":"has-post-thumbnail","6":"product_cat-adivinhacao","7":"product_cat-tarots","9":"first","10":"instock","11":"shipping-taxable","12":"purchasable","13":"product-type-simple"},"yoast_head":"<!-- This site is optimized with the Yoast SEO plugin v27.2 - https:\/\/yoast.com\/product\/yoast-seo-wordpress\/ -->\n<title>Conjunto de cartas de tarot com folha azul - Face da Lua - com folheto - Mystikus<\/title>\n<meta name=\"robots\" content=\"index, follow, max-snippet:-1, max-image-preview:large, max-video-preview:-1\" \/>\n<link rel=\"canonical\" href=\"https:\/\/mystikus.com\/pt-pt\/producto\/conjunto-de-cartas-de-tarot-com-folha-azul-face-da-lua-com-folheto\/\" \/>\n<meta property=\"og:locale\" content=\"pt_PT\" \/>\n<meta property=\"og:type\" content=\"article\" \/>\n<meta property=\"og:title\" content=\"Conjunto de cartas de tarot com folha azul - Face da Lua - com folheto - Mystikus\" \/>\n<meta property=\"og:description\" content=\"Celestial, sereno e visualmente cativante, o conjunto de tar\u00f4 Moon Face \u00e9 inspirado no simbolismo lunar e em imagens c\u00f3smicas. O conjunto de tarot Moon Face \u00e9 inspirado no simbolismo lunar e em imagens c\u00f3smicas. A folha de alum\u00ednio azul brilha contra um design repleto de estrelas, dando a este baralho uma presen\u00e7a serena e m\u00e1gica. &nbsp;\" \/>\n<meta property=\"og:url\" content=\"https:\/\/mystikus.com\/pt-pt\/producto\/conjunto-de-cartas-de-tarot-com-folha-azul-face-da-lua-com-folheto\/\" \/>\n<meta property=\"og:site_name\" content=\"Mystikus\" \/>\n<meta property=\"article:modified_time\" content=\"2026-02-06T15:59:05+00:00\" \/>\n<meta property=\"og:image\" content=\"https:\/\/mystikus.com\/wp-content\/uploads\/2026\/02\/bG9jYWw6Ly9tZWRpYS8xSC82RC82MFIzMEMxSjY0VjM2RDFILzlmZjdlNDY5LmpwZw.jpg\" \/>\n\t<meta property=\"og:image:width\" content=\"2000\" \/>\n\t<meta property=\"og:image:height\" content=\"2000\" \/>\n\t<meta property=\"og:image:type\" content=\"image\/jpeg\" \/>\n<meta name=\"twitter:card\" content=\"summary_large_image\" \/>\n<script type=\"application\/ld+json\" class=\"yoast-schema-graph\">{\"@context\":\"https:\/\/schema.org\",\"@graph\":[{\"@type\":\"WebPage\",\"@id\":\"https:\/\/mystikus.com\/pt-pt\/producto\/conjunto-de-cartas-de-tarot-com-folha-azul-face-da-lua-com-folheto\/\",\"url\":\"https:\/\/mystikus.com\/pt-pt\/producto\/conjunto-de-cartas-de-tarot-com-folha-azul-face-da-lua-com-folheto\/\",\"name\":\"Conjunto de cartas de tarot com folha azul - Face da Lua - com folheto - Mystikus\",\"isPartOf\":{\"@id\":\"https:\/\/mystikus.com\/#website\"},\"primaryImageOfPage\":{\"@id\":\"https:\/\/mystikus.com\/pt-pt\/producto\/conjunto-de-cartas-de-tarot-com-folha-azul-face-da-lua-com-folheto\/#primaryimage\"},\"image\":{\"@id\":\"https:\/\/mystikus.com\/pt-pt\/producto\/conjunto-de-cartas-de-tarot-com-folha-azul-face-da-lua-com-folheto\/#primaryimage\"},\"thumbnailUrl\":\"https:\/\/mystikus.com\/wp-content\/uploads\/2026\/02\/bG9jYWw6Ly9tZWRpYS8xSC82RC82MFIzMEMxSjY0VjM2RDFILzlmZjdlNDY5LmpwZw.jpg\",\"datePublished\":\"2026-02-06T15:44:56+00:00\",\"dateModified\":\"2026-02-06T15:59:05+00:00\",\"breadcrumb\":{\"@id\":\"https:\/\/mystikus.com\/pt-pt\/producto\/conjunto-de-cartas-de-tarot-com-folha-azul-face-da-lua-com-folheto\/#breadcrumb\"},\"inLanguage\":\"pt-PT\",\"potentialAction\":[{\"@type\":\"ReadAction\",\"target\":[\"https:\/\/mystikus.com\/pt-pt\/producto\/conjunto-de-cartas-de-tarot-com-folha-azul-face-da-lua-com-folheto\/\"]}]},{\"@type\":\"ImageObject\",\"inLanguage\":\"pt-PT\",\"@id\":\"https:\/\/mystikus.com\/pt-pt\/producto\/conjunto-de-cartas-de-tarot-com-folha-azul-face-da-lua-com-folheto\/#primaryimage\",\"url\":\"https:\/\/mystikus.com\/wp-content\/uploads\/2026\/02\/bG9jYWw6Ly9tZWRpYS8xSC82RC82MFIzMEMxSjY0VjM2RDFILzlmZjdlNDY5LmpwZw.jpg\",\"contentUrl\":\"https:\/\/mystikus.com\/wp-content\/uploads\/2026\/02\/bG9jYWw6Ly9tZWRpYS8xSC82RC82MFIzMEMxSjY0VjM2RDFILzlmZjdlNDY5LmpwZw.jpg\",\"width\":2000,\"height\":2000},{\"@type\":\"BreadcrumbList\",\"@id\":\"https:\/\/mystikus.com\/pt-pt\/producto\/conjunto-de-cartas-de-tarot-com-folha-azul-face-da-lua-com-folheto\/#breadcrumb\",\"itemListElement\":[{\"@type\":\"ListItem\",\"position\":1,\"name\":\"Portada\",\"item\":\"https:\/\/mystikus.com\/pt-pt\/inicio\/\"},{\"@type\":\"ListItem\",\"position\":2,\"name\":\"Loja\",\"item\":\"https:\/\/mystikus.com\/pt-pt\/loja\/\"},{\"@type\":\"ListItem\",\"position\":3,\"name\":\"Conjunto de cartas de tarot com folha azul \u2013 Face da Lua \u2013 com folheto\"}]},{\"@type\":\"WebSite\",\"@id\":\"https:\/\/mystikus.com\/#website\",\"url\":\"https:\/\/mystikus.com\/\",\"name\":\"Mystikus\",\"description\":\"\",\"publisher\":{\"@id\":\"https:\/\/mystikus.com\/#organization\"},\"potentialAction\":[{\"@type\":\"SearchAction\",\"target\":{\"@type\":\"EntryPoint\",\"urlTemplate\":\"https:\/\/mystikus.com\/?s={search_term_string}\"},\"query-input\":{\"@type\":\"PropertyValueSpecification\",\"valueRequired\":true,\"valueName\":\"search_term_string\"}}],\"inLanguage\":\"pt-PT\"},{\"@type\":\"Organization\",\"@id\":\"https:\/\/mystikus.com\/#organization\",\"name\":\"Mystikus\",\"url\":\"https:\/\/mystikus.com\/\",\"logo\":{\"@type\":\"ImageObject\",\"inLanguage\":\"pt-PT\",\"@id\":\"https:\/\/mystikus.com\/#\/schema\/logo\/image\/\",\"url\":\"https:\/\/mystikus.com\/wp-content\/uploads\/2025\/06\/logo-instgaram-shop.jpg\",\"contentUrl\":\"https:\/\/mystikus.com\/wp-content\/uploads\/2025\/06\/logo-instgaram-shop.jpg\",\"width\":227,\"height\":227,\"caption\":\"Mystikus\"},\"image\":{\"@id\":\"https:\/\/mystikus.com\/#\/schema\/logo\/image\/\"}}]}<\/script>\n<!-- \/ Yoast SEO plugin. -->","yoast_head_json":{"title":"Conjunto de cartas de tarot com folha azul - Face da Lua - com folheto - Mystikus","robots":{"index":"index","follow":"follow","max-snippet":"max-snippet:-1","max-image-preview":"max-image-preview:large","max-video-preview":"max-video-preview:-1"},"canonical":"https:\/\/mystikus.com\/pt-pt\/producto\/conjunto-de-cartas-de-tarot-com-folha-azul-face-da-lua-com-folheto\/","og_locale":"pt_PT","og_type":"article","og_title":"Conjunto de cartas de tarot com folha azul - Face da Lua - com folheto - Mystikus","og_description":"Celestial, sereno e visualmente cativante, o conjunto de tar\u00f4 Moon Face \u00e9 inspirado no simbolismo lunar e em imagens c\u00f3smicas. O conjunto de tarot Moon Face \u00e9 inspirado no simbolismo lunar e em imagens c\u00f3smicas. A folha de alum\u00ednio azul brilha contra um design repleto de estrelas, dando a este baralho uma presen\u00e7a serena e m\u00e1gica. &nbsp;","og_url":"https:\/\/mystikus.com\/pt-pt\/producto\/conjunto-de-cartas-de-tarot-com-folha-azul-face-da-lua-com-folheto\/","og_site_name":"Mystikus","article_modified_time":"2026-02-06T15:59:05+00:00","og_image":[{"width":2000,"height":2000,"url":"https:\/\/mystikus.com\/wp-content\/uploads\/2026\/02\/bG9jYWw6Ly9tZWRpYS8xSC82RC82MFIzMEMxSjY0VjM2RDFILzlmZjdlNDY5LmpwZw.jpg","type":"image\/jpeg"}],"twitter_card":"summary_large_image","schema":{"@context":"https:\/\/schema.org","@graph":[{"@type":"WebPage","@id":"https:\/\/mystikus.com\/pt-pt\/producto\/conjunto-de-cartas-de-tarot-com-folha-azul-face-da-lua-com-folheto\/","url":"https:\/\/mystikus.com\/pt-pt\/producto\/conjunto-de-cartas-de-tarot-com-folha-azul-face-da-lua-com-folheto\/","name":"Conjunto de cartas de tarot com folha azul - Face da Lua - com folheto - Mystikus","isPartOf":{"@id":"https:\/\/mystikus.com\/#website"},"primaryImageOfPage":{"@id":"https:\/\/mystikus.com\/pt-pt\/producto\/conjunto-de-cartas-de-tarot-com-folha-azul-face-da-lua-com-folheto\/#primaryimage"},"image":{"@id":"https:\/\/mystikus.com\/pt-pt\/producto\/conjunto-de-cartas-de-tarot-com-folha-azul-face-da-lua-com-folheto\/#primaryimage"},"thumbnailUrl":"https:\/\/mystikus.com\/wp-content\/uploads\/2026\/02\/bG9jYWw6Ly9tZWRpYS8xSC82RC82MFIzMEMxSjY0VjM2RDFILzlmZjdlNDY5LmpwZw.jpg","datePublished":"2026-02-06T15:44:56+00:00","dateModified":"2026-02-06T15:59:05+00:00","breadcrumb":{"@id":"https:\/\/mystikus.com\/pt-pt\/producto\/conjunto-de-cartas-de-tarot-com-folha-azul-face-da-lua-com-folheto\/#breadcrumb"},"inLanguage":"pt-PT","potentialAction":[{"@type":"ReadAction","target":["https:\/\/mystikus.com\/pt-pt\/producto\/conjunto-de-cartas-de-tarot-com-folha-azul-face-da-lua-com-folheto\/"]}]},{"@type":"ImageObject","inLanguage":"pt-PT","@id":"https:\/\/mystikus.com\/pt-pt\/producto\/conjunto-de-cartas-de-tarot-com-folha-azul-face-da-lua-com-folheto\/#primaryimage","url":"https:\/\/mystikus.com\/wp-content\/uploads\/2026\/02\/bG9jYWw6Ly9tZWRpYS8xSC82RC82MFIzMEMxSjY0VjM2RDFILzlmZjdlNDY5LmpwZw.jpg","contentUrl":"https:\/\/mystikus.com\/wp-content\/uploads\/2026\/02\/bG9jYWw6Ly9tZWRpYS8xSC82RC82MFIzMEMxSjY0VjM2RDFILzlmZjdlNDY5LmpwZw.jpg","width":2000,"height":2000},{"@type":"BreadcrumbList","@id":"https:\/\/mystikus.com\/pt-pt\/producto\/conjunto-de-cartas-de-tarot-com-folha-azul-face-da-lua-com-folheto\/#breadcrumb","itemListElement":[{"@type":"ListItem","position":1,"name":"Portada","item":"https:\/\/mystikus.com\/pt-pt\/inicio\/"},{"@type":"ListItem","position":2,"name":"Loja","item":"https:\/\/mystikus.com\/pt-pt\/loja\/"},{"@type":"ListItem","position":3,"name":"Conjunto de cartas de tarot com folha azul \u2013 Face da Lua \u2013 com folheto"}]},{"@type":"WebSite","@id":"https:\/\/mystikus.com\/#website","url":"https:\/\/mystikus.com\/","name":"Mystikus","description":"","publisher":{"@id":"https:\/\/mystikus.com\/#organization"},"potentialAction":[{"@type":"SearchAction","target":{"@type":"EntryPoint","urlTemplate":"https:\/\/mystikus.com\/?s={search_term_string}"},"query-input":{"@type":"PropertyValueSpecification","valueRequired":true,"valueName":"search_term_string"}}],"inLanguage":"pt-PT"},{"@type":"Organization","@id":"https:\/\/mystikus.com\/#organization","name":"Mystikus","url":"https:\/\/mystikus.com\/","logo":{"@type":"ImageObject","inLanguage":"pt-PT","@id":"https:\/\/mystikus.com\/#\/schema\/logo\/image\/","url":"https:\/\/mystikus.com\/wp-content\/uploads\/2025\/06\/logo-instgaram-shop.jpg","contentUrl":"https:\/\/mystikus.com\/wp-content\/uploads\/2025\/06\/logo-instgaram-shop.jpg","width":227,"height":227,"caption":"Mystikus"},"image":{"@id":"https:\/\/mystikus.com\/#\/schema\/logo\/image\/"}}]}},"_links":{"self":[{"href":"https:\/\/mystikus.com\/pt-pt\/wp-json\/wp\/v2\/product\/26904","targetHints":{"allow":["GET"]}}],"collection":[{"href":"https:\/\/mystikus.com\/pt-pt\/wp-json\/wp\/v2\/product"}],"about":[{"href":"https:\/\/mystikus.com\/pt-pt\/wp-json\/wp\/v2\/types\/product"}],"replies":[{"embeddable":true,"href":"https:\/\/mystikus.com\/pt-pt\/wp-json\/wp\/v2\/comments?post=26904"}],"wp:featuredmedia":[{"embeddable":true,"href":"https:\/\/mystikus.com\/pt-pt\/wp-json\/wp\/v2\/media\/27106"}],"wp:attachment":[{"href":"https:\/\/mystikus.com\/pt-pt\/wp-json\/wp\/v2\/media?parent=26904"}],"wp:term":[{"taxonomy":"product_brand","embeddable":true,"href":"https:\/\/mystikus.com\/pt-pt\/wp-json\/wp\/v2\/product_brand?post=26904"},{"taxonomy":"product_cat","embeddable":true,"href":"https:\/\/mystikus.com\/pt-pt\/wp-json\/wp\/v2\/product_cat?post=26904"},{"taxonomy":"product_tag","embeddable":true,"href":"https:\/\/mystikus.com\/pt-pt\/wp-json\/wp\/v2\/product_tag?post=26904"}],"curies":[{"name":"wp","href":"https:\/\/api.w.org\/{rel}","templated":true}]}}