{"id":27469,"date":"2026-02-06T17:59:09","date_gmt":"2026-02-06T16:59:09","guid":{"rendered":"https:\/\/mystikus.com\/producto\/apanhador-de-sonhos-lrg-macrame-mal-de-ojo-azul-branco-preto\/"},"modified":"2026-02-07T12:26:37","modified_gmt":"2026-02-07T11:26:37","slug":"apanhador-de-sonhos-lrg-macrame-mal-de-ojo-azul-branco-preto","status":"publish","type":"product","link":"https:\/\/mystikus.com\/pt-pt\/producto\/apanhador-de-sonhos-lrg-macrame-mal-de-ojo-azul-branco-preto\/","title":{"rendered":"Apanhador de sonhos feito \u00e0 m\u00e3o \u2013 Decora\u00e7\u00e3o bo\u00e9mia Macram\u00e9 Olho do Mal Azul \/ Branco \/ Preto"},"content":{"rendered":"<p data-start=\"115\" data-end=\"178\"><strong data-start=\"115\" data-end=\"178\">Apanhador de sonhos feito \u00e0 m\u00e3o em forma de olho \u2013 decora\u00e7\u00e3o bo\u00e9mia<\/strong><\/p>\n<p data-start=\"180\" data-end=\"574\">Este apanhador de sonhos artesanal em forma de olho \u00e9 uma pe\u00e7a decorativa \u00fanica, cuidadosamente trabalhada \u00e0 m\u00e3o a partir de materiais naturais. A sua estrutura em bambu confere-lhe leveza e resist\u00eancia, enquanto a delicada trama simboliza prote\u00e7\u00e3o e equil\u00edbrio. O desenho central, inspirado no olho protetor, destaca-se pelos seus tons azuis e brancos, evocando serenidade, intui\u00e7\u00e3o e harmonia.  <\/p>\n<p data-start=\"576\" data-end=\"811\">As franjas em macram\u00e9 e as penas brancas conferem movimento e eleg\u00e2ncia, criando um efeito visual suave e relaxante. Ideal para decorar quartos, salas de estar, espa\u00e7os de medita\u00e7\u00e3o ou ambientes com um estilo boho, \u00e9tnico ou natural. <\/p>\n<p data-start=\"813\" data-end=\"1012\">Para al\u00e9m do seu valor est\u00e9tico, este apanhador de sonhos representa uma tradi\u00e7\u00e3o ancestral associada \u00e0 prote\u00e7\u00e3o dos sonhos e da energia positiva, o que faz dele um objeto decorativo com significado.<\/p>\n<p data-start=\"1014\" data-end=\"1034\"><strong data-start=\"1014\" data-end=\"1034\">Carater\u00edsticas:<\/strong><\/p>\n<ul data-start=\"1035\" data-end=\"1167\">\n<li data-start=\"1035\" data-end=\"1051\">\n<p data-start=\"1037\" data-end=\"1051\">Feito \u00e0 m\u00e3o<\/p>\n<\/li>\n<li data-start=\"1052\" data-end=\"1099\">\n<p data-start=\"1054\" data-end=\"1099\">Materiais: bambu, fio de algod\u00e3o e penas<\/p>\n<\/li>\n<li data-start=\"1100\" data-end=\"1136\">\n<p data-start=\"1102\" data-end=\"1136\">Design exclusivo em forma de olho<\/p>\n<\/li>\n<li data-start=\"1137\" data-end=\"1167\">\n<p data-start=\"1139\" data-end=\"1167\">Estilo bo\u00e9mio e artesanal<\/p>\n<\/li>\n<\/ul>\n<p data-start=\"1169\" data-end=\"1257\">Perfeito para quem procura uma decora\u00e7\u00e3o original, simb\u00f3lica e cheia de personalidade.<\/p>\n","protected":false},"excerpt":{"rendered":"<p><strong data-start=\"115\" data-end=\"178\">Apanhador de sonhos feito \u00e0 m\u00e3o em forma de olho \u2013 decora\u00e7\u00e3o bo\u00e9mia<\/strong><\/p>\n","protected":false},"featured_media":27488,"comment_status":"open","ping_status":"closed","template":"","meta":[],"product_brand":[],"product_cat":[289,126],"product_tag":[],"class_list":{"0":"post-27469","1":"product","2":"type-product","3":"status-publish","4":"has-post-thumbnail","6":"product_cat-apanhador-de-sonhos","7":"product_cat-jardim-encantado","9":"first","10":"instock","11":"shipping-taxable","12":"purchasable","13":"product-type-simple"},"yoast_head":"<!-- This site is optimized with the Yoast SEO plugin v27.2 - https:\/\/yoast.com\/product\/yoast-seo-wordpress\/ -->\n<title>Apanhador de sonhos feito \u00e0 m\u00e3o - Decora\u00e7\u00e3o bo\u00e9mia Macram\u00e9 Olho do Mal Azul \/ Branco \/ Preto - Mystikus<\/title>\n<meta name=\"description\" content=\"Apanhador de sonhos feito \u00e0 m\u00e3o em forma de olho - decora\u00e7\u00e3o bo\u00e9mia\" \/>\n<meta name=\"robots\" content=\"index, follow, max-snippet:-1, max-image-preview:large, max-video-preview:-1\" \/>\n<link rel=\"canonical\" href=\"https:\/\/mystikus.com\/pt-pt\/producto\/apanhador-de-sonhos-lrg-macrame-mal-de-ojo-azul-branco-preto\/\" \/>\n<meta property=\"og:locale\" content=\"pt_PT\" \/>\n<meta property=\"og:type\" content=\"article\" \/>\n<meta property=\"og:title\" content=\"Apanhador de sonhos feito \u00e0 m\u00e3o - Decora\u00e7\u00e3o bo\u00e9mia Macram\u00e9 Olho do Mal Azul \/ Branco \/ Preto - Mystikus\" \/>\n<meta property=\"og:description\" content=\"Apanhador de sonhos feito \u00e0 m\u00e3o em forma de olho - decora\u00e7\u00e3o bo\u00e9mia\" \/>\n<meta property=\"og:url\" content=\"https:\/\/mystikus.com\/pt-pt\/producto\/apanhador-de-sonhos-lrg-macrame-mal-de-ojo-azul-branco-preto\/\" \/>\n<meta property=\"og:site_name\" content=\"Mystikus\" \/>\n<meta property=\"article:modified_time\" content=\"2026-02-07T11:26:37+00:00\" \/>\n<meta property=\"og:image\" content=\"https:\/\/mystikus.com\/wp-content\/uploads\/2026\/02\/atrap-01-683x1024.png\" \/>\n\t<meta property=\"og:image:width\" content=\"683\" \/>\n\t<meta property=\"og:image:height\" content=\"1024\" \/>\n\t<meta property=\"og:image:type\" content=\"image\/png\" \/>\n<meta name=\"twitter:card\" content=\"summary_large_image\" \/>\n<meta name=\"twitter:label1\" content=\"Tempo estimado de leitura\" \/>\n\t<meta name=\"twitter:data1\" content=\"1 minuto\" \/>\n<script type=\"application\/ld+json\" class=\"yoast-schema-graph\">{\"@context\":\"https:\/\/schema.org\",\"@graph\":[{\"@type\":\"WebPage\",\"@id\":\"https:\/\/mystikus.com\/pt-pt\/producto\/apanhador-de-sonhos-lrg-macrame-mal-de-ojo-azul-branco-preto\/\",\"url\":\"https:\/\/mystikus.com\/pt-pt\/producto\/apanhador-de-sonhos-lrg-macrame-mal-de-ojo-azul-branco-preto\/\",\"name\":\"Apanhador de sonhos feito \u00e0 m\u00e3o - Decora\u00e7\u00e3o bo\u00e9mia Macram\u00e9 Olho do Mal Azul \/ Branco \/ Preto - Mystikus\",\"isPartOf\":{\"@id\":\"https:\/\/mystikus.com\/#website\"},\"primaryImageOfPage\":{\"@id\":\"https:\/\/mystikus.com\/pt-pt\/producto\/apanhador-de-sonhos-lrg-macrame-mal-de-ojo-azul-branco-preto\/#primaryimage\"},\"image\":{\"@id\":\"https:\/\/mystikus.com\/pt-pt\/producto\/apanhador-de-sonhos-lrg-macrame-mal-de-ojo-azul-branco-preto\/#primaryimage\"},\"thumbnailUrl\":\"https:\/\/mystikus.com\/wp-content\/uploads\/2026\/02\/atrap-01.png\",\"datePublished\":\"2026-02-06T16:59:09+00:00\",\"dateModified\":\"2026-02-07T11:26:37+00:00\",\"description\":\"Apanhador de sonhos feito \u00e0 m\u00e3o em forma de olho - decora\u00e7\u00e3o bo\u00e9mia\",\"breadcrumb\":{\"@id\":\"https:\/\/mystikus.com\/pt-pt\/producto\/apanhador-de-sonhos-lrg-macrame-mal-de-ojo-azul-branco-preto\/#breadcrumb\"},\"inLanguage\":\"pt-PT\",\"potentialAction\":[{\"@type\":\"ReadAction\",\"target\":[\"https:\/\/mystikus.com\/pt-pt\/producto\/apanhador-de-sonhos-lrg-macrame-mal-de-ojo-azul-branco-preto\/\"]}]},{\"@type\":\"ImageObject\",\"inLanguage\":\"pt-PT\",\"@id\":\"https:\/\/mystikus.com\/pt-pt\/producto\/apanhador-de-sonhos-lrg-macrame-mal-de-ojo-azul-branco-preto\/#primaryimage\",\"url\":\"https:\/\/mystikus.com\/wp-content\/uploads\/2026\/02\/atrap-01.png\",\"contentUrl\":\"https:\/\/mystikus.com\/wp-content\/uploads\/2026\/02\/atrap-01.png\",\"width\":1024,\"height\":1536},{\"@type\":\"BreadcrumbList\",\"@id\":\"https:\/\/mystikus.com\/pt-pt\/producto\/apanhador-de-sonhos-lrg-macrame-mal-de-ojo-azul-branco-preto\/#breadcrumb\",\"itemListElement\":[{\"@type\":\"ListItem\",\"position\":1,\"name\":\"Portada\",\"item\":\"https:\/\/mystikus.com\/pt-pt\/inicio\/\"},{\"@type\":\"ListItem\",\"position\":2,\"name\":\"Loja\",\"item\":\"https:\/\/mystikus.com\/pt-pt\/loja\/\"},{\"@type\":\"ListItem\",\"position\":3,\"name\":\"Apanhador de sonhos feito \u00e0 m\u00e3o \u2013 Decora\u00e7\u00e3o bo\u00e9mia Macram\u00e9 Olho do Mal Azul \/ Branco \/ Preto\"}]},{\"@type\":\"WebSite\",\"@id\":\"https:\/\/mystikus.com\/#website\",\"url\":\"https:\/\/mystikus.com\/\",\"name\":\"Mystikus\",\"description\":\"\",\"publisher\":{\"@id\":\"https:\/\/mystikus.com\/#organization\"},\"potentialAction\":[{\"@type\":\"SearchAction\",\"target\":{\"@type\":\"EntryPoint\",\"urlTemplate\":\"https:\/\/mystikus.com\/?s={search_term_string}\"},\"query-input\":{\"@type\":\"PropertyValueSpecification\",\"valueRequired\":true,\"valueName\":\"search_term_string\"}}],\"inLanguage\":\"pt-PT\"},{\"@type\":\"Organization\",\"@id\":\"https:\/\/mystikus.com\/#organization\",\"name\":\"Mystikus\",\"url\":\"https:\/\/mystikus.com\/\",\"logo\":{\"@type\":\"ImageObject\",\"inLanguage\":\"pt-PT\",\"@id\":\"https:\/\/mystikus.com\/#\/schema\/logo\/image\/\",\"url\":\"https:\/\/mystikus.com\/wp-content\/uploads\/2025\/06\/logo-instgaram-shop.jpg\",\"contentUrl\":\"https:\/\/mystikus.com\/wp-content\/uploads\/2025\/06\/logo-instgaram-shop.jpg\",\"width\":227,\"height\":227,\"caption\":\"Mystikus\"},\"image\":{\"@id\":\"https:\/\/mystikus.com\/#\/schema\/logo\/image\/\"}}]}<\/script>\n<!-- \/ Yoast SEO plugin. -->","yoast_head_json":{"title":"Apanhador de sonhos feito \u00e0 m\u00e3o - Decora\u00e7\u00e3o bo\u00e9mia Macram\u00e9 Olho do Mal Azul \/ Branco \/ Preto - Mystikus","description":"Apanhador de sonhos feito \u00e0 m\u00e3o em forma de olho - decora\u00e7\u00e3o bo\u00e9mia","robots":{"index":"index","follow":"follow","max-snippet":"max-snippet:-1","max-image-preview":"max-image-preview:large","max-video-preview":"max-video-preview:-1"},"canonical":"https:\/\/mystikus.com\/pt-pt\/producto\/apanhador-de-sonhos-lrg-macrame-mal-de-ojo-azul-branco-preto\/","og_locale":"pt_PT","og_type":"article","og_title":"Apanhador de sonhos feito \u00e0 m\u00e3o - Decora\u00e7\u00e3o bo\u00e9mia Macram\u00e9 Olho do Mal Azul \/ Branco \/ Preto - Mystikus","og_description":"Apanhador de sonhos feito \u00e0 m\u00e3o em forma de olho - decora\u00e7\u00e3o bo\u00e9mia","og_url":"https:\/\/mystikus.com\/pt-pt\/producto\/apanhador-de-sonhos-lrg-macrame-mal-de-ojo-azul-branco-preto\/","og_site_name":"Mystikus","article_modified_time":"2026-02-07T11:26:37+00:00","og_image":[{"width":683,"height":1024,"url":"https:\/\/mystikus.com\/wp-content\/uploads\/2026\/02\/atrap-01-683x1024.png","type":"image\/png"}],"twitter_card":"summary_large_image","twitter_misc":{"Tempo estimado de leitura":"1 minuto"},"schema":{"@context":"https:\/\/schema.org","@graph":[{"@type":"WebPage","@id":"https:\/\/mystikus.com\/pt-pt\/producto\/apanhador-de-sonhos-lrg-macrame-mal-de-ojo-azul-branco-preto\/","url":"https:\/\/mystikus.com\/pt-pt\/producto\/apanhador-de-sonhos-lrg-macrame-mal-de-ojo-azul-branco-preto\/","name":"Apanhador de sonhos feito \u00e0 m\u00e3o - Decora\u00e7\u00e3o bo\u00e9mia Macram\u00e9 Olho do Mal Azul \/ Branco \/ Preto - Mystikus","isPartOf":{"@id":"https:\/\/mystikus.com\/#website"},"primaryImageOfPage":{"@id":"https:\/\/mystikus.com\/pt-pt\/producto\/apanhador-de-sonhos-lrg-macrame-mal-de-ojo-azul-branco-preto\/#primaryimage"},"image":{"@id":"https:\/\/mystikus.com\/pt-pt\/producto\/apanhador-de-sonhos-lrg-macrame-mal-de-ojo-azul-branco-preto\/#primaryimage"},"thumbnailUrl":"https:\/\/mystikus.com\/wp-content\/uploads\/2026\/02\/atrap-01.png","datePublished":"2026-02-06T16:59:09+00:00","dateModified":"2026-02-07T11:26:37+00:00","description":"Apanhador de sonhos feito \u00e0 m\u00e3o em forma de olho - decora\u00e7\u00e3o bo\u00e9mia","breadcrumb":{"@id":"https:\/\/mystikus.com\/pt-pt\/producto\/apanhador-de-sonhos-lrg-macrame-mal-de-ojo-azul-branco-preto\/#breadcrumb"},"inLanguage":"pt-PT","potentialAction":[{"@type":"ReadAction","target":["https:\/\/mystikus.com\/pt-pt\/producto\/apanhador-de-sonhos-lrg-macrame-mal-de-ojo-azul-branco-preto\/"]}]},{"@type":"ImageObject","inLanguage":"pt-PT","@id":"https:\/\/mystikus.com\/pt-pt\/producto\/apanhador-de-sonhos-lrg-macrame-mal-de-ojo-azul-branco-preto\/#primaryimage","url":"https:\/\/mystikus.com\/wp-content\/uploads\/2026\/02\/atrap-01.png","contentUrl":"https:\/\/mystikus.com\/wp-content\/uploads\/2026\/02\/atrap-01.png","width":1024,"height":1536},{"@type":"BreadcrumbList","@id":"https:\/\/mystikus.com\/pt-pt\/producto\/apanhador-de-sonhos-lrg-macrame-mal-de-ojo-azul-branco-preto\/#breadcrumb","itemListElement":[{"@type":"ListItem","position":1,"name":"Portada","item":"https:\/\/mystikus.com\/pt-pt\/inicio\/"},{"@type":"ListItem","position":2,"name":"Loja","item":"https:\/\/mystikus.com\/pt-pt\/loja\/"},{"@type":"ListItem","position":3,"name":"Apanhador de sonhos feito \u00e0 m\u00e3o \u2013 Decora\u00e7\u00e3o bo\u00e9mia Macram\u00e9 Olho do Mal Azul \/ Branco \/ Preto"}]},{"@type":"WebSite","@id":"https:\/\/mystikus.com\/#website","url":"https:\/\/mystikus.com\/","name":"Mystikus","description":"","publisher":{"@id":"https:\/\/mystikus.com\/#organization"},"potentialAction":[{"@type":"SearchAction","target":{"@type":"EntryPoint","urlTemplate":"https:\/\/mystikus.com\/?s={search_term_string}"},"query-input":{"@type":"PropertyValueSpecification","valueRequired":true,"valueName":"search_term_string"}}],"inLanguage":"pt-PT"},{"@type":"Organization","@id":"https:\/\/mystikus.com\/#organization","name":"Mystikus","url":"https:\/\/mystikus.com\/","logo":{"@type":"ImageObject","inLanguage":"pt-PT","@id":"https:\/\/mystikus.com\/#\/schema\/logo\/image\/","url":"https:\/\/mystikus.com\/wp-content\/uploads\/2025\/06\/logo-instgaram-shop.jpg","contentUrl":"https:\/\/mystikus.com\/wp-content\/uploads\/2025\/06\/logo-instgaram-shop.jpg","width":227,"height":227,"caption":"Mystikus"},"image":{"@id":"https:\/\/mystikus.com\/#\/schema\/logo\/image\/"}}]}},"_links":{"self":[{"href":"https:\/\/mystikus.com\/pt-pt\/wp-json\/wp\/v2\/product\/27469","targetHints":{"allow":["GET"]}}],"collection":[{"href":"https:\/\/mystikus.com\/pt-pt\/wp-json\/wp\/v2\/product"}],"about":[{"href":"https:\/\/mystikus.com\/pt-pt\/wp-json\/wp\/v2\/types\/product"}],"replies":[{"embeddable":true,"href":"https:\/\/mystikus.com\/pt-pt\/wp-json\/wp\/v2\/comments?post=27469"}],"wp:featuredmedia":[{"embeddable":true,"href":"https:\/\/mystikus.com\/pt-pt\/wp-json\/wp\/v2\/media\/27488"}],"wp:attachment":[{"href":"https:\/\/mystikus.com\/pt-pt\/wp-json\/wp\/v2\/media?parent=27469"}],"wp:term":[{"taxonomy":"product_brand","embeddable":true,"href":"https:\/\/mystikus.com\/pt-pt\/wp-json\/wp\/v2\/product_brand?post=27469"},{"taxonomy":"product_cat","embeddable":true,"href":"https:\/\/mystikus.com\/pt-pt\/wp-json\/wp\/v2\/product_cat?post=27469"},{"taxonomy":"product_tag","embeddable":true,"href":"https:\/\/mystikus.com\/pt-pt\/wp-json\/wp\/v2\/product_tag?post=27469"}],"curies":[{"name":"wp","href":"https:\/\/api.w.org\/{rel}","templated":true}]}}