{"id":28052,"date":"2026-02-12T15:13:57","date_gmt":"2026-02-12T14:13:57","guid":{"rendered":"https:\/\/mystikus.com\/producto\/atomizador-aarhus-capsula-classica-usb-mudanca-de-cor-temporizador\/"},"modified":"2026-02-12T15:25:50","modified_gmt":"2026-02-12T14:25:50","slug":"atomizador-aarhus-capsula-classica-usb-mudanca-de-cor-temporizador","status":"publish","type":"product","link":"https:\/\/mystikus.com\/pt-pt\/producto\/atomizador-aarhus-capsula-classica-usb-mudanca-de-cor-temporizador\/","title":{"rendered":"Atomizador Aarhus \u2013 C\u00e1psula cl\u00e1ssica \u2013 USB \u2013 Mudan\u00e7a de cor \u2013 Temporizador"},"content":{"rendered":"<p>Os difusores de aromas s\u00e3o intemporais e elegantes, proporcionando uma forma sem fragr\u00e2ncia e sem fumo de perfumar o teu quarto ou escrit\u00f3rio. Basta adicionar um pouco de \u00e1gua e um \u00f3leo essencial ou de fragr\u00e2ncia preferido para uma experi\u00eancia olfactiva instant\u00e2nea. <\/p>\n<p>O difusor de aromas utiliza um motor ultrass\u00f3nico para bombear a \u00e1gua, tornando-o muito silencioso durante a utiliza\u00e7\u00e3o. Tem uma luz ambiente que muda de cor e pode ser utilizado como um simples humidificador. <\/p>\n<p>Os difusores de aromas s\u00e3o muito f\u00e1ceis de utilizar e de manter, tendo apenas de ser enchidos ocasionalmente com uma pequena quantidade de \u00e1gua e algumas gotas de \u00f3leo de fragr\u00e2ncia.<\/p>\n<p>Aproveita as tuas vendas de \u00f3leos essenciais!<\/p>\n<p><\/p>\n<p style=\"text-align: center\"><strong>\u2013 Capacidade do dep\u00f3sito 300ml \u2013<\/strong><\/p>\n<p style=\"text-align: center\"><strong>Luz LED \u2013 7 pe\u00e7as<\/strong><\/p>\n<p style=\"text-align: center\"><strong>Alimentado por USB (comprimento do cabo 100cm)<\/strong><\/p>\n<p style=\"text-align: center\"><strong>Fecha automaticamente quando a \u00e1gua se esgota<\/strong><\/p>\n<p style=\"text-align: center\"><strong>Temporizador 3-6 horas<\/strong><\/p>\n<p style=\"text-align: center\"><strong>Altura: 10,5 cm, di\u00e2metro: 13,5 cm, peso: 224 g<\/strong><\/p>\n","protected":false},"excerpt":{"rendered":"<p>Os difusores de aromas s\u00e3o intemporais e elegantes, proporcionando uma forma sem fragr\u00e2ncia e sem fumo de perfumar o teu quarto ou escrit\u00f3rio. Basta adicionar um pouco de \u00e1gua e um \u00f3leo essencial ou de fragr\u00e2ncia preferido para uma experi\u00eancia olfactiva instant\u00e2nea. <\/p>\n<p>O difusor de aromas utiliza um motor ultrass\u00f3nico para bombear a \u00e1gua, tornando-o muito silencioso durante a utiliza\u00e7\u00e3o. Tem uma luz ambiente que muda de cor e pode ser utilizado como um simples humidificador. <\/p>\n<p>Os difusores de aromas s\u00e3o muito f\u00e1ceis de utilizar e de manter, tendo apenas de ser enchidos ocasionalmente com uma pequena quantidade de \u00e1gua e algumas gotas de \u00f3leo de fragr\u00e2ncia.<\/p>\n<p>Aproveita as tuas vendas de \u00f3leos essenciais!<\/p>\n<p><\/p>\n<p style=\"text-align: center\"><strong>\u2013 Capacidade do dep\u00f3sito 300ml \u2013<\/strong><\/p>\n<p style=\"text-align: center\"><strong>Luz LED \u2013 7 pe\u00e7as<\/strong><\/p>\n<p style=\"text-align: center\"><strong>Alimentado por USB (comprimento do cabo 100cm)<\/strong><\/p>\n<p style=\"text-align: center\"><strong>Fecha automaticamente quando a \u00e1gua se esgota<\/strong><\/p>\n<p style=\"text-align: center\"><strong>Temporizador 3-6 horas<\/strong><\/p>\n<p style=\"text-align: center\"><strong>Altura: 10,5 cm, di\u00e2metro: 13,5 cm, peso: 224 g<\/strong><\/p>\n","protected":false},"featured_media":28057,"comment_status":"open","ping_status":"closed","template":"","meta":[],"product_brand":[],"product_cat":[277,114],"product_tag":[],"class_list":{"0":"post-28052","1":"product","2":"type-product","3":"status-publish","4":"has-post-thumbnail","6":"product_cat-difusores","7":"product_cat-incensos-e-aromas","9":"first","10":"instock","11":"shipping-taxable","12":"purchasable","13":"product-type-simple"},"yoast_head":"<!-- This site is optimized with the Yoast SEO plugin v27.2 - https:\/\/yoast.com\/product\/yoast-seo-wordpress\/ -->\n<title>Atomizador Aarhus - C\u00e1psula cl\u00e1ssica - USB - Mudan\u00e7a de cor - Temporizador - Mystikus<\/title>\n<meta name=\"robots\" content=\"index, follow, max-snippet:-1, max-image-preview:large, max-video-preview:-1\" \/>\n<link rel=\"canonical\" href=\"https:\/\/mystikus.com\/pt-pt\/producto\/atomizador-aarhus-capsula-classica-usb-mudanca-de-cor-temporizador\/\" \/>\n<meta property=\"og:locale\" content=\"pt_PT\" \/>\n<meta property=\"og:type\" content=\"article\" \/>\n<meta property=\"og:title\" content=\"Atomizador Aarhus - C\u00e1psula cl\u00e1ssica - USB - Mudan\u00e7a de cor - Temporizador - Mystikus\" \/>\n<meta property=\"og:description\" content=\"Os difusores de aromas s\u00e3o intemporais e elegantes, proporcionando uma forma sem fragr\u00e2ncia e sem fumo de perfumar o teu quarto ou escrit\u00f3rio. Basta adicionar um pouco de \u00e1gua e um \u00f3leo essencial ou de fragr\u00e2ncia preferido para uma experi\u00eancia olfactiva instant\u00e2nea. O difusor de aromas utiliza um motor ultrass\u00f3nico para bombear a \u00e1gua, tornando-o muito silencioso durante a utiliza\u00e7\u00e3o. Tem uma luz ambiente que muda de cor e pode ser utilizado como um simples humidificador. Os difusores de aromas s\u00e3o muito f\u00e1ceis de utilizar e de manter, tendo apenas de ser enchidos ocasionalmente com uma pequena quantidade de \u00e1gua e algumas gotas de \u00f3leo de fragr\u00e2ncia.Aproveita as tuas vendas de \u00f3leos essenciais!- Capacidade do dep\u00f3sito 300ml -Luz LED - 7 pe\u00e7asAlimentado por USB (comprimento do cabo 100cm)Fecha automaticamente quando a \u00e1gua se esgotaTemporizador 3-6 horasAltura: 10,5 cm, di\u00e2metro: 13,5 cm, peso: 224 g\" \/>\n<meta property=\"og:url\" content=\"https:\/\/mystikus.com\/pt-pt\/producto\/atomizador-aarhus-capsula-classica-usb-mudanca-de-cor-temporizador\/\" \/>\n<meta property=\"og:site_name\" content=\"Mystikus\" \/>\n<meta property=\"article:modified_time\" content=\"2026-02-12T14:25:50+00:00\" \/>\n<meta property=\"og:image\" content=\"https:\/\/mystikus.com\/wp-content\/uploads\/2026\/02\/bG9jYWw6Ly9tZWRpYS8xUy9DRC82MFIzMEMxRzZNVktDRDFTLzEzNjAyMDI0LmpwZWc.jpg\" \/>\n\t<meta property=\"og:image:width\" content=\"1600\" \/>\n\t<meta property=\"og:image:height\" content=\"1600\" \/>\n\t<meta property=\"og:image:type\" content=\"image\/jpeg\" \/>\n<meta name=\"twitter:card\" content=\"summary_large_image\" \/>\n<meta name=\"twitter:label1\" content=\"Tempo estimado de leitura\" \/>\n\t<meta name=\"twitter:data1\" content=\"1 minuto\" \/>\n<script type=\"application\/ld+json\" class=\"yoast-schema-graph\">{\"@context\":\"https:\/\/schema.org\",\"@graph\":[{\"@type\":\"WebPage\",\"@id\":\"https:\/\/mystikus.com\/pt-pt\/producto\/atomizador-aarhus-capsula-classica-usb-mudanca-de-cor-temporizador\/\",\"url\":\"https:\/\/mystikus.com\/pt-pt\/producto\/atomizador-aarhus-capsula-classica-usb-mudanca-de-cor-temporizador\/\",\"name\":\"Atomizador Aarhus - C\u00e1psula cl\u00e1ssica - USB - Mudan\u00e7a de cor - Temporizador - Mystikus\",\"isPartOf\":{\"@id\":\"https:\/\/mystikus.com\/#website\"},\"primaryImageOfPage\":{\"@id\":\"https:\/\/mystikus.com\/pt-pt\/producto\/atomizador-aarhus-capsula-classica-usb-mudanca-de-cor-temporizador\/#primaryimage\"},\"image\":{\"@id\":\"https:\/\/mystikus.com\/pt-pt\/producto\/atomizador-aarhus-capsula-classica-usb-mudanca-de-cor-temporizador\/#primaryimage\"},\"thumbnailUrl\":\"https:\/\/mystikus.com\/wp-content\/uploads\/2026\/02\/bG9jYWw6Ly9tZWRpYS8xUy9DRC82MFIzMEMxRzZNVktDRDFTLzEzNjAyMDI0LmpwZWc.jpg\",\"datePublished\":\"2026-02-12T14:13:57+00:00\",\"dateModified\":\"2026-02-12T14:25:50+00:00\",\"breadcrumb\":{\"@id\":\"https:\/\/mystikus.com\/pt-pt\/producto\/atomizador-aarhus-capsula-classica-usb-mudanca-de-cor-temporizador\/#breadcrumb\"},\"inLanguage\":\"pt-PT\",\"potentialAction\":[{\"@type\":\"ReadAction\",\"target\":[\"https:\/\/mystikus.com\/pt-pt\/producto\/atomizador-aarhus-capsula-classica-usb-mudanca-de-cor-temporizador\/\"]}]},{\"@type\":\"ImageObject\",\"inLanguage\":\"pt-PT\",\"@id\":\"https:\/\/mystikus.com\/pt-pt\/producto\/atomizador-aarhus-capsula-classica-usb-mudanca-de-cor-temporizador\/#primaryimage\",\"url\":\"https:\/\/mystikus.com\/wp-content\/uploads\/2026\/02\/bG9jYWw6Ly9tZWRpYS8xUy9DRC82MFIzMEMxRzZNVktDRDFTLzEzNjAyMDI0LmpwZWc.jpg\",\"contentUrl\":\"https:\/\/mystikus.com\/wp-content\/uploads\/2026\/02\/bG9jYWw6Ly9tZWRpYS8xUy9DRC82MFIzMEMxRzZNVktDRDFTLzEzNjAyMDI0LmpwZWc.jpg\",\"width\":1600,\"height\":1600},{\"@type\":\"BreadcrumbList\",\"@id\":\"https:\/\/mystikus.com\/pt-pt\/producto\/atomizador-aarhus-capsula-classica-usb-mudanca-de-cor-temporizador\/#breadcrumb\",\"itemListElement\":[{\"@type\":\"ListItem\",\"position\":1,\"name\":\"Portada\",\"item\":\"https:\/\/mystikus.com\/pt-pt\/inicio\/\"},{\"@type\":\"ListItem\",\"position\":2,\"name\":\"Loja\",\"item\":\"https:\/\/mystikus.com\/pt-pt\/loja\/\"},{\"@type\":\"ListItem\",\"position\":3,\"name\":\"Atomizador Aarhus \u2013 C\u00e1psula cl\u00e1ssica \u2013 USB \u2013 Mudan\u00e7a de cor \u2013 Temporizador\"}]},{\"@type\":\"WebSite\",\"@id\":\"https:\/\/mystikus.com\/#website\",\"url\":\"https:\/\/mystikus.com\/\",\"name\":\"Mystikus\",\"description\":\"\",\"publisher\":{\"@id\":\"https:\/\/mystikus.com\/#organization\"},\"potentialAction\":[{\"@type\":\"SearchAction\",\"target\":{\"@type\":\"EntryPoint\",\"urlTemplate\":\"https:\/\/mystikus.com\/?s={search_term_string}\"},\"query-input\":{\"@type\":\"PropertyValueSpecification\",\"valueRequired\":true,\"valueName\":\"search_term_string\"}}],\"inLanguage\":\"pt-PT\"},{\"@type\":\"Organization\",\"@id\":\"https:\/\/mystikus.com\/#organization\",\"name\":\"Mystikus\",\"url\":\"https:\/\/mystikus.com\/\",\"logo\":{\"@type\":\"ImageObject\",\"inLanguage\":\"pt-PT\",\"@id\":\"https:\/\/mystikus.com\/#\/schema\/logo\/image\/\",\"url\":\"https:\/\/mystikus.com\/wp-content\/uploads\/2025\/06\/logo-instgaram-shop.jpg\",\"contentUrl\":\"https:\/\/mystikus.com\/wp-content\/uploads\/2025\/06\/logo-instgaram-shop.jpg\",\"width\":227,\"height\":227,\"caption\":\"Mystikus\"},\"image\":{\"@id\":\"https:\/\/mystikus.com\/#\/schema\/logo\/image\/\"}}]}<\/script>\n<!-- \/ Yoast SEO plugin. -->","yoast_head_json":{"title":"Atomizador Aarhus - C\u00e1psula cl\u00e1ssica - USB - Mudan\u00e7a de cor - Temporizador - Mystikus","robots":{"index":"index","follow":"follow","max-snippet":"max-snippet:-1","max-image-preview":"max-image-preview:large","max-video-preview":"max-video-preview:-1"},"canonical":"https:\/\/mystikus.com\/pt-pt\/producto\/atomizador-aarhus-capsula-classica-usb-mudanca-de-cor-temporizador\/","og_locale":"pt_PT","og_type":"article","og_title":"Atomizador Aarhus - C\u00e1psula cl\u00e1ssica - USB - Mudan\u00e7a de cor - Temporizador - Mystikus","og_description":"Os difusores de aromas s\u00e3o intemporais e elegantes, proporcionando uma forma sem fragr\u00e2ncia e sem fumo de perfumar o teu quarto ou escrit\u00f3rio. Basta adicionar um pouco de \u00e1gua e um \u00f3leo essencial ou de fragr\u00e2ncia preferido para uma experi\u00eancia olfactiva instant\u00e2nea. O difusor de aromas utiliza um motor ultrass\u00f3nico para bombear a \u00e1gua, tornando-o muito silencioso durante a utiliza\u00e7\u00e3o. Tem uma luz ambiente que muda de cor e pode ser utilizado como um simples humidificador. Os difusores de aromas s\u00e3o muito f\u00e1ceis de utilizar e de manter, tendo apenas de ser enchidos ocasionalmente com uma pequena quantidade de \u00e1gua e algumas gotas de \u00f3leo de fragr\u00e2ncia.Aproveita as tuas vendas de \u00f3leos essenciais!- Capacidade do dep\u00f3sito 300ml -Luz LED - 7 pe\u00e7asAlimentado por USB (comprimento do cabo 100cm)Fecha automaticamente quando a \u00e1gua se esgotaTemporizador 3-6 horasAltura: 10,5 cm, di\u00e2metro: 13,5 cm, peso: 224 g","og_url":"https:\/\/mystikus.com\/pt-pt\/producto\/atomizador-aarhus-capsula-classica-usb-mudanca-de-cor-temporizador\/","og_site_name":"Mystikus","article_modified_time":"2026-02-12T14:25:50+00:00","og_image":[{"width":1600,"height":1600,"url":"https:\/\/mystikus.com\/wp-content\/uploads\/2026\/02\/bG9jYWw6Ly9tZWRpYS8xUy9DRC82MFIzMEMxRzZNVktDRDFTLzEzNjAyMDI0LmpwZWc.jpg","type":"image\/jpeg"}],"twitter_card":"summary_large_image","twitter_misc":{"Tempo estimado de leitura":"1 minuto"},"schema":{"@context":"https:\/\/schema.org","@graph":[{"@type":"WebPage","@id":"https:\/\/mystikus.com\/pt-pt\/producto\/atomizador-aarhus-capsula-classica-usb-mudanca-de-cor-temporizador\/","url":"https:\/\/mystikus.com\/pt-pt\/producto\/atomizador-aarhus-capsula-classica-usb-mudanca-de-cor-temporizador\/","name":"Atomizador Aarhus - C\u00e1psula cl\u00e1ssica - USB - Mudan\u00e7a de cor - Temporizador - Mystikus","isPartOf":{"@id":"https:\/\/mystikus.com\/#website"},"primaryImageOfPage":{"@id":"https:\/\/mystikus.com\/pt-pt\/producto\/atomizador-aarhus-capsula-classica-usb-mudanca-de-cor-temporizador\/#primaryimage"},"image":{"@id":"https:\/\/mystikus.com\/pt-pt\/producto\/atomizador-aarhus-capsula-classica-usb-mudanca-de-cor-temporizador\/#primaryimage"},"thumbnailUrl":"https:\/\/mystikus.com\/wp-content\/uploads\/2026\/02\/bG9jYWw6Ly9tZWRpYS8xUy9DRC82MFIzMEMxRzZNVktDRDFTLzEzNjAyMDI0LmpwZWc.jpg","datePublished":"2026-02-12T14:13:57+00:00","dateModified":"2026-02-12T14:25:50+00:00","breadcrumb":{"@id":"https:\/\/mystikus.com\/pt-pt\/producto\/atomizador-aarhus-capsula-classica-usb-mudanca-de-cor-temporizador\/#breadcrumb"},"inLanguage":"pt-PT","potentialAction":[{"@type":"ReadAction","target":["https:\/\/mystikus.com\/pt-pt\/producto\/atomizador-aarhus-capsula-classica-usb-mudanca-de-cor-temporizador\/"]}]},{"@type":"ImageObject","inLanguage":"pt-PT","@id":"https:\/\/mystikus.com\/pt-pt\/producto\/atomizador-aarhus-capsula-classica-usb-mudanca-de-cor-temporizador\/#primaryimage","url":"https:\/\/mystikus.com\/wp-content\/uploads\/2026\/02\/bG9jYWw6Ly9tZWRpYS8xUy9DRC82MFIzMEMxRzZNVktDRDFTLzEzNjAyMDI0LmpwZWc.jpg","contentUrl":"https:\/\/mystikus.com\/wp-content\/uploads\/2026\/02\/bG9jYWw6Ly9tZWRpYS8xUy9DRC82MFIzMEMxRzZNVktDRDFTLzEzNjAyMDI0LmpwZWc.jpg","width":1600,"height":1600},{"@type":"BreadcrumbList","@id":"https:\/\/mystikus.com\/pt-pt\/producto\/atomizador-aarhus-capsula-classica-usb-mudanca-de-cor-temporizador\/#breadcrumb","itemListElement":[{"@type":"ListItem","position":1,"name":"Portada","item":"https:\/\/mystikus.com\/pt-pt\/inicio\/"},{"@type":"ListItem","position":2,"name":"Loja","item":"https:\/\/mystikus.com\/pt-pt\/loja\/"},{"@type":"ListItem","position":3,"name":"Atomizador Aarhus \u2013 C\u00e1psula cl\u00e1ssica \u2013 USB \u2013 Mudan\u00e7a de cor \u2013 Temporizador"}]},{"@type":"WebSite","@id":"https:\/\/mystikus.com\/#website","url":"https:\/\/mystikus.com\/","name":"Mystikus","description":"","publisher":{"@id":"https:\/\/mystikus.com\/#organization"},"potentialAction":[{"@type":"SearchAction","target":{"@type":"EntryPoint","urlTemplate":"https:\/\/mystikus.com\/?s={search_term_string}"},"query-input":{"@type":"PropertyValueSpecification","valueRequired":true,"valueName":"search_term_string"}}],"inLanguage":"pt-PT"},{"@type":"Organization","@id":"https:\/\/mystikus.com\/#organization","name":"Mystikus","url":"https:\/\/mystikus.com\/","logo":{"@type":"ImageObject","inLanguage":"pt-PT","@id":"https:\/\/mystikus.com\/#\/schema\/logo\/image\/","url":"https:\/\/mystikus.com\/wp-content\/uploads\/2025\/06\/logo-instgaram-shop.jpg","contentUrl":"https:\/\/mystikus.com\/wp-content\/uploads\/2025\/06\/logo-instgaram-shop.jpg","width":227,"height":227,"caption":"Mystikus"},"image":{"@id":"https:\/\/mystikus.com\/#\/schema\/logo\/image\/"}}]}},"_links":{"self":[{"href":"https:\/\/mystikus.com\/pt-pt\/wp-json\/wp\/v2\/product\/28052","targetHints":{"allow":["GET"]}}],"collection":[{"href":"https:\/\/mystikus.com\/pt-pt\/wp-json\/wp\/v2\/product"}],"about":[{"href":"https:\/\/mystikus.com\/pt-pt\/wp-json\/wp\/v2\/types\/product"}],"replies":[{"embeddable":true,"href":"https:\/\/mystikus.com\/pt-pt\/wp-json\/wp\/v2\/comments?post=28052"}],"wp:featuredmedia":[{"embeddable":true,"href":"https:\/\/mystikus.com\/pt-pt\/wp-json\/wp\/v2\/media\/28057"}],"wp:attachment":[{"href":"https:\/\/mystikus.com\/pt-pt\/wp-json\/wp\/v2\/media?parent=28052"}],"wp:term":[{"taxonomy":"product_brand","embeddable":true,"href":"https:\/\/mystikus.com\/pt-pt\/wp-json\/wp\/v2\/product_brand?post=28052"},{"taxonomy":"product_cat","embeddable":true,"href":"https:\/\/mystikus.com\/pt-pt\/wp-json\/wp\/v2\/product_cat?post=28052"},{"taxonomy":"product_tag","embeddable":true,"href":"https:\/\/mystikus.com\/pt-pt\/wp-json\/wp\/v2\/product_tag?post=28052"}],"curies":[{"name":"wp","href":"https:\/\/api.w.org\/{rel}","templated":true}]}}