{"id":28259,"date":"2026-02-12T15:21:31","date_gmt":"2026-02-12T14:21:31","guid":{"rendered":"https:\/\/mystikus.com\/producto\/difusor-de-aromas-com-efeito-de-chama-e-som-de-passaro-usb-preto-muda-de-cor\/"},"modified":"2026-02-12T15:27:13","modified_gmt":"2026-02-12T14:27:13","slug":"difusor-de-aromas-com-efeito-de-chama-e-som-de-passaro-usb-preto-muda-de-cor","status":"publish","type":"product","link":"https:\/\/mystikus.com\/pt-pt\/producto\/difusor-de-aromas-com-efeito-de-chama-e-som-de-passaro-usb-preto-muda-de-cor\/","title":{"rendered":"Difusor de aromas com efeito de chama e som de p\u00e1ssaro \u2013 USB preto \u2013 Muda de cor"},"content":{"rendered":"<p>Leva a calma e o ambiente para a tua casa com este difusor \u00fanico. Combina uma suave n\u00e9voa ultra-s\u00f3nica com um brilho quente com efeito de chama e cantos suaves de p\u00e1ssaros, criando uma experi\u00eancia multissensorial para relaxar e recarregar as baterias. <\/p>\n","protected":false},"excerpt":{"rendered":"<p>Leva a calma e o ambiente para a tua casa com este difusor \u00fanico. Combina uma suave n\u00e9voa ultra-s\u00f3nica com um brilho quente com efeito de chama e cantos suaves de p\u00e1ssaros, criando uma experi\u00eancia multissensorial para relaxar e recarregar as baterias. <\/p>\n","protected":false},"featured_media":28325,"comment_status":"open","ping_status":"closed","template":"","meta":[],"product_brand":[],"product_cat":[277,114],"product_tag":[],"class_list":{"0":"post-28259","1":"product","2":"type-product","3":"status-publish","4":"has-post-thumbnail","6":"product_cat-difusores","7":"product_cat-incensos-e-aromas","9":"first","10":"instock","11":"shipping-taxable","12":"purchasable","13":"product-type-simple"},"yoast_head":"<!-- This site is optimized with the Yoast SEO plugin v27.2 - https:\/\/yoast.com\/product\/yoast-seo-wordpress\/ -->\n<title>Difusor de aromas com efeito de chama e som de p\u00e1ssaro - USB preto - Muda de cor - Mystikus<\/title>\n<meta name=\"robots\" content=\"index, follow, max-snippet:-1, max-image-preview:large, max-video-preview:-1\" \/>\n<link rel=\"canonical\" href=\"https:\/\/mystikus.com\/pt-pt\/producto\/difusor-de-aromas-com-efeito-de-chama-e-som-de-passaro-usb-preto-muda-de-cor\/\" \/>\n<meta property=\"og:locale\" content=\"pt_PT\" \/>\n<meta property=\"og:type\" content=\"article\" \/>\n<meta property=\"og:title\" content=\"Difusor de aromas com efeito de chama e som de p\u00e1ssaro - USB preto - Muda de cor - Mystikus\" \/>\n<meta property=\"og:description\" content=\"Leva a calma e o ambiente para a tua casa com este difusor \u00fanico. Combina uma suave n\u00e9voa ultra-s\u00f3nica com um brilho quente com efeito de chama e cantos suaves de p\u00e1ssaros, criando uma experi\u00eancia multissensorial para relaxar e recarregar as baterias.\" \/>\n<meta property=\"og:url\" content=\"https:\/\/mystikus.com\/pt-pt\/producto\/difusor-de-aromas-com-efeito-de-chama-e-som-de-passaro-usb-preto-muda-de-cor\/\" \/>\n<meta property=\"og:site_name\" content=\"Mystikus\" \/>\n<meta property=\"article:modified_time\" content=\"2026-02-12T14:27:13+00:00\" \/>\n<meta property=\"og:image\" content=\"https:\/\/mystikus.com\/wp-content\/uploads\/2026\/02\/bG9jYWw6Ly9tZWRpYS85TS9KRC82MFIzMEMxSjY0UjNKRDlNLzRiNjYwN2I2LmpwZw.jpg\" \/>\n\t<meta property=\"og:image:width\" content=\"2000\" \/>\n\t<meta property=\"og:image:height\" content=\"2000\" \/>\n\t<meta property=\"og:image:type\" content=\"image\/jpeg\" \/>\n<meta name=\"twitter:card\" content=\"summary_large_image\" \/>\n<script type=\"application\/ld+json\" class=\"yoast-schema-graph\">{\"@context\":\"https:\/\/schema.org\",\"@graph\":[{\"@type\":\"WebPage\",\"@id\":\"https:\/\/mystikus.com\/pt-pt\/producto\/difusor-de-aromas-com-efeito-de-chama-e-som-de-passaro-usb-preto-muda-de-cor\/\",\"url\":\"https:\/\/mystikus.com\/pt-pt\/producto\/difusor-de-aromas-com-efeito-de-chama-e-som-de-passaro-usb-preto-muda-de-cor\/\",\"name\":\"Difusor de aromas com efeito de chama e som de p\u00e1ssaro - USB preto - Muda de cor - Mystikus\",\"isPartOf\":{\"@id\":\"https:\/\/mystikus.com\/#website\"},\"primaryImageOfPage\":{\"@id\":\"https:\/\/mystikus.com\/pt-pt\/producto\/difusor-de-aromas-com-efeito-de-chama-e-som-de-passaro-usb-preto-muda-de-cor\/#primaryimage\"},\"image\":{\"@id\":\"https:\/\/mystikus.com\/pt-pt\/producto\/difusor-de-aromas-com-efeito-de-chama-e-som-de-passaro-usb-preto-muda-de-cor\/#primaryimage\"},\"thumbnailUrl\":\"https:\/\/mystikus.com\/wp-content\/uploads\/2026\/02\/bG9jYWw6Ly9tZWRpYS85TS9KRC82MFIzMEMxSjY0UjNKRDlNLzRiNjYwN2I2LmpwZw.jpg\",\"datePublished\":\"2026-02-12T14:21:31+00:00\",\"dateModified\":\"2026-02-12T14:27:13+00:00\",\"breadcrumb\":{\"@id\":\"https:\/\/mystikus.com\/pt-pt\/producto\/difusor-de-aromas-com-efeito-de-chama-e-som-de-passaro-usb-preto-muda-de-cor\/#breadcrumb\"},\"inLanguage\":\"pt-PT\",\"potentialAction\":[{\"@type\":\"ReadAction\",\"target\":[\"https:\/\/mystikus.com\/pt-pt\/producto\/difusor-de-aromas-com-efeito-de-chama-e-som-de-passaro-usb-preto-muda-de-cor\/\"]}]},{\"@type\":\"ImageObject\",\"inLanguage\":\"pt-PT\",\"@id\":\"https:\/\/mystikus.com\/pt-pt\/producto\/difusor-de-aromas-com-efeito-de-chama-e-som-de-passaro-usb-preto-muda-de-cor\/#primaryimage\",\"url\":\"https:\/\/mystikus.com\/wp-content\/uploads\/2026\/02\/bG9jYWw6Ly9tZWRpYS85TS9KRC82MFIzMEMxSjY0UjNKRDlNLzRiNjYwN2I2LmpwZw.jpg\",\"contentUrl\":\"https:\/\/mystikus.com\/wp-content\/uploads\/2026\/02\/bG9jYWw6Ly9tZWRpYS85TS9KRC82MFIzMEMxSjY0UjNKRDlNLzRiNjYwN2I2LmpwZw.jpg\",\"width\":2000,\"height\":2000},{\"@type\":\"BreadcrumbList\",\"@id\":\"https:\/\/mystikus.com\/pt-pt\/producto\/difusor-de-aromas-com-efeito-de-chama-e-som-de-passaro-usb-preto-muda-de-cor\/#breadcrumb\",\"itemListElement\":[{\"@type\":\"ListItem\",\"position\":1,\"name\":\"Portada\",\"item\":\"https:\/\/mystikus.com\/pt-pt\/inicio\/\"},{\"@type\":\"ListItem\",\"position\":2,\"name\":\"Loja\",\"item\":\"https:\/\/mystikus.com\/pt-pt\/loja\/\"},{\"@type\":\"ListItem\",\"position\":3,\"name\":\"Difusor de aromas com efeito de chama e som de p\u00e1ssaro \u2013 USB preto \u2013 Muda de cor\"}]},{\"@type\":\"WebSite\",\"@id\":\"https:\/\/mystikus.com\/#website\",\"url\":\"https:\/\/mystikus.com\/\",\"name\":\"Mystikus\",\"description\":\"\",\"publisher\":{\"@id\":\"https:\/\/mystikus.com\/#organization\"},\"potentialAction\":[{\"@type\":\"SearchAction\",\"target\":{\"@type\":\"EntryPoint\",\"urlTemplate\":\"https:\/\/mystikus.com\/?s={search_term_string}\"},\"query-input\":{\"@type\":\"PropertyValueSpecification\",\"valueRequired\":true,\"valueName\":\"search_term_string\"}}],\"inLanguage\":\"pt-PT\"},{\"@type\":\"Organization\",\"@id\":\"https:\/\/mystikus.com\/#organization\",\"name\":\"Mystikus\",\"url\":\"https:\/\/mystikus.com\/\",\"logo\":{\"@type\":\"ImageObject\",\"inLanguage\":\"pt-PT\",\"@id\":\"https:\/\/mystikus.com\/#\/schema\/logo\/image\/\",\"url\":\"https:\/\/mystikus.com\/wp-content\/uploads\/2025\/06\/logo-instgaram-shop.jpg\",\"contentUrl\":\"https:\/\/mystikus.com\/wp-content\/uploads\/2025\/06\/logo-instgaram-shop.jpg\",\"width\":227,\"height\":227,\"caption\":\"Mystikus\"},\"image\":{\"@id\":\"https:\/\/mystikus.com\/#\/schema\/logo\/image\/\"}}]}<\/script>\n<!-- \/ Yoast SEO plugin. -->","yoast_head_json":{"title":"Difusor de aromas com efeito de chama e som de p\u00e1ssaro - USB preto - Muda de cor - Mystikus","robots":{"index":"index","follow":"follow","max-snippet":"max-snippet:-1","max-image-preview":"max-image-preview:large","max-video-preview":"max-video-preview:-1"},"canonical":"https:\/\/mystikus.com\/pt-pt\/producto\/difusor-de-aromas-com-efeito-de-chama-e-som-de-passaro-usb-preto-muda-de-cor\/","og_locale":"pt_PT","og_type":"article","og_title":"Difusor de aromas com efeito de chama e som de p\u00e1ssaro - USB preto - Muda de cor - Mystikus","og_description":"Leva a calma e o ambiente para a tua casa com este difusor \u00fanico. Combina uma suave n\u00e9voa ultra-s\u00f3nica com um brilho quente com efeito de chama e cantos suaves de p\u00e1ssaros, criando uma experi\u00eancia multissensorial para relaxar e recarregar as baterias.","og_url":"https:\/\/mystikus.com\/pt-pt\/producto\/difusor-de-aromas-com-efeito-de-chama-e-som-de-passaro-usb-preto-muda-de-cor\/","og_site_name":"Mystikus","article_modified_time":"2026-02-12T14:27:13+00:00","og_image":[{"width":2000,"height":2000,"url":"https:\/\/mystikus.com\/wp-content\/uploads\/2026\/02\/bG9jYWw6Ly9tZWRpYS85TS9KRC82MFIzMEMxSjY0UjNKRDlNLzRiNjYwN2I2LmpwZw.jpg","type":"image\/jpeg"}],"twitter_card":"summary_large_image","schema":{"@context":"https:\/\/schema.org","@graph":[{"@type":"WebPage","@id":"https:\/\/mystikus.com\/pt-pt\/producto\/difusor-de-aromas-com-efeito-de-chama-e-som-de-passaro-usb-preto-muda-de-cor\/","url":"https:\/\/mystikus.com\/pt-pt\/producto\/difusor-de-aromas-com-efeito-de-chama-e-som-de-passaro-usb-preto-muda-de-cor\/","name":"Difusor de aromas com efeito de chama e som de p\u00e1ssaro - USB preto - Muda de cor - Mystikus","isPartOf":{"@id":"https:\/\/mystikus.com\/#website"},"primaryImageOfPage":{"@id":"https:\/\/mystikus.com\/pt-pt\/producto\/difusor-de-aromas-com-efeito-de-chama-e-som-de-passaro-usb-preto-muda-de-cor\/#primaryimage"},"image":{"@id":"https:\/\/mystikus.com\/pt-pt\/producto\/difusor-de-aromas-com-efeito-de-chama-e-som-de-passaro-usb-preto-muda-de-cor\/#primaryimage"},"thumbnailUrl":"https:\/\/mystikus.com\/wp-content\/uploads\/2026\/02\/bG9jYWw6Ly9tZWRpYS85TS9KRC82MFIzMEMxSjY0UjNKRDlNLzRiNjYwN2I2LmpwZw.jpg","datePublished":"2026-02-12T14:21:31+00:00","dateModified":"2026-02-12T14:27:13+00:00","breadcrumb":{"@id":"https:\/\/mystikus.com\/pt-pt\/producto\/difusor-de-aromas-com-efeito-de-chama-e-som-de-passaro-usb-preto-muda-de-cor\/#breadcrumb"},"inLanguage":"pt-PT","potentialAction":[{"@type":"ReadAction","target":["https:\/\/mystikus.com\/pt-pt\/producto\/difusor-de-aromas-com-efeito-de-chama-e-som-de-passaro-usb-preto-muda-de-cor\/"]}]},{"@type":"ImageObject","inLanguage":"pt-PT","@id":"https:\/\/mystikus.com\/pt-pt\/producto\/difusor-de-aromas-com-efeito-de-chama-e-som-de-passaro-usb-preto-muda-de-cor\/#primaryimage","url":"https:\/\/mystikus.com\/wp-content\/uploads\/2026\/02\/bG9jYWw6Ly9tZWRpYS85TS9KRC82MFIzMEMxSjY0UjNKRDlNLzRiNjYwN2I2LmpwZw.jpg","contentUrl":"https:\/\/mystikus.com\/wp-content\/uploads\/2026\/02\/bG9jYWw6Ly9tZWRpYS85TS9KRC82MFIzMEMxSjY0UjNKRDlNLzRiNjYwN2I2LmpwZw.jpg","width":2000,"height":2000},{"@type":"BreadcrumbList","@id":"https:\/\/mystikus.com\/pt-pt\/producto\/difusor-de-aromas-com-efeito-de-chama-e-som-de-passaro-usb-preto-muda-de-cor\/#breadcrumb","itemListElement":[{"@type":"ListItem","position":1,"name":"Portada","item":"https:\/\/mystikus.com\/pt-pt\/inicio\/"},{"@type":"ListItem","position":2,"name":"Loja","item":"https:\/\/mystikus.com\/pt-pt\/loja\/"},{"@type":"ListItem","position":3,"name":"Difusor de aromas com efeito de chama e som de p\u00e1ssaro \u2013 USB preto \u2013 Muda de cor"}]},{"@type":"WebSite","@id":"https:\/\/mystikus.com\/#website","url":"https:\/\/mystikus.com\/","name":"Mystikus","description":"","publisher":{"@id":"https:\/\/mystikus.com\/#organization"},"potentialAction":[{"@type":"SearchAction","target":{"@type":"EntryPoint","urlTemplate":"https:\/\/mystikus.com\/?s={search_term_string}"},"query-input":{"@type":"PropertyValueSpecification","valueRequired":true,"valueName":"search_term_string"}}],"inLanguage":"pt-PT"},{"@type":"Organization","@id":"https:\/\/mystikus.com\/#organization","name":"Mystikus","url":"https:\/\/mystikus.com\/","logo":{"@type":"ImageObject","inLanguage":"pt-PT","@id":"https:\/\/mystikus.com\/#\/schema\/logo\/image\/","url":"https:\/\/mystikus.com\/wp-content\/uploads\/2025\/06\/logo-instgaram-shop.jpg","contentUrl":"https:\/\/mystikus.com\/wp-content\/uploads\/2025\/06\/logo-instgaram-shop.jpg","width":227,"height":227,"caption":"Mystikus"},"image":{"@id":"https:\/\/mystikus.com\/#\/schema\/logo\/image\/"}}]}},"_links":{"self":[{"href":"https:\/\/mystikus.com\/pt-pt\/wp-json\/wp\/v2\/product\/28259","targetHints":{"allow":["GET"]}}],"collection":[{"href":"https:\/\/mystikus.com\/pt-pt\/wp-json\/wp\/v2\/product"}],"about":[{"href":"https:\/\/mystikus.com\/pt-pt\/wp-json\/wp\/v2\/types\/product"}],"replies":[{"embeddable":true,"href":"https:\/\/mystikus.com\/pt-pt\/wp-json\/wp\/v2\/comments?post=28259"}],"wp:featuredmedia":[{"embeddable":true,"href":"https:\/\/mystikus.com\/pt-pt\/wp-json\/wp\/v2\/media\/28325"}],"wp:attachment":[{"href":"https:\/\/mystikus.com\/pt-pt\/wp-json\/wp\/v2\/media?parent=28259"}],"wp:term":[{"taxonomy":"product_brand","embeddable":true,"href":"https:\/\/mystikus.com\/pt-pt\/wp-json\/wp\/v2\/product_brand?post=28259"},{"taxonomy":"product_cat","embeddable":true,"href":"https:\/\/mystikus.com\/pt-pt\/wp-json\/wp\/v2\/product_cat?post=28259"},{"taxonomy":"product_tag","embeddable":true,"href":"https:\/\/mystikus.com\/pt-pt\/wp-json\/wp\/v2\/product_tag?post=28259"}],"curies":[{"name":"wp","href":"https:\/\/api.w.org\/{rel}","templated":true}]}}