{"id":29102,"date":"2026-03-10T15:50:04","date_gmt":"2026-03-10T14:50:04","guid":{"rendered":"https:\/\/mystikus.com\/producto\/velas-de-cristal-chakra-chakra-sagrado\/"},"modified":"2026-03-10T15:50:04","modified_gmt":"2026-03-10T14:50:04","slug":"velas-de-cristal-chakra-chakra-sagrado","status":"publish","type":"product","link":"https:\/\/mystikus.com\/pt-pt\/producto\/velas-de-cristal-chakra-chakra-sagrado\/","title":{"rendered":"Velas de Cristal Chakra \u2013 Chakra Sagrado"},"content":{"rendered":"<p>Temos o prazer de apresentar a nossa vela exclusiva do chakra sacral, tamb\u00e9m conhecida como <strong>Svadhisthana, um<\/strong> produto essencial para a tua loja online.&nbsp;<\/p>\n<p>O chakra sacro \u00e9 o <strong>segundo dos chakras,<\/strong> situado no baixo ventre. Representa a criatividade, a paix\u00e3o e as emo\u00e7\u00f5es, e \u00e9 essencial para o equil\u00edbrio energ\u00e9tico. <\/p>\n<p>A nossa vela para o chakra sacral \u00e9 feita com pedras preciosas verdadeiras, incluindo <strong>olho de tigre e quartzo rosa,<\/strong> selecionadas pelas suas propriedades energ\u00e9ticas e curativas.  &nbsp;<\/p>\n<p><strong>Relat\u00f3rios de testes<\/strong>: <a href=\"https:\/\/aw-dropship.es\/attachment\/01KJD562TQ68FBR2J10B9EPZP6\/download\">Relat\u00f3rios de testes<\/a><\/p>\n","protected":false},"excerpt":{"rendered":"<p>Temos o prazer de apresentar a nossa vela exclusiva do chakra sacral, tamb\u00e9m conhecida como <strong>Svadhisthana, um<\/strong> produto essencial para a tua loja online.&nbsp;<\/p>\n<p>O chakra sacro \u00e9 o <strong>segundo dos chakras,<\/strong> situado no baixo ventre. Representa a criatividade, a paix\u00e3o e as emo\u00e7\u00f5es, e \u00e9 essencial para o equil\u00edbrio energ\u00e9tico. <\/p>\n<p>A nossa vela para o chakra sacral \u00e9 feita com pedras preciosas verdadeiras, incluindo <strong>olho de tigre e quartzo rosa,<\/strong> selecionadas pelas suas propriedades energ\u00e9ticas e curativas.  &nbsp;<\/p>\n<p><strong>Relat\u00f3rios de testes<\/strong>: <a href=\"https:\/\/aw-dropship.es\/attachment\/01KJD562TQ68FBR2J10B9EPZP6\/download\">Relat\u00f3rios de testes<\/a><\/p>\n","protected":false},"featured_media":29028,"comment_status":"open","ping_status":"closed","template":"","meta":[],"product_brand":[],"product_cat":[102],"product_tag":[],"class_list":{"0":"post-29102","1":"product","2":"type-product","3":"status-publish","4":"has-post-thumbnail","6":"product_cat-sem-categoria","8":"first","9":"instock","10":"shipping-taxable","11":"purchasable","12":"product-type-simple"},"yoast_head":"<!-- This site is optimized with the Yoast SEO plugin v27.2 - https:\/\/yoast.com\/product\/yoast-seo-wordpress\/ -->\n<title>Velas de Cristal Chakra - Chakra Sagrado - Mystikus<\/title>\n<meta name=\"robots\" content=\"index, follow, max-snippet:-1, max-image-preview:large, max-video-preview:-1\" \/>\n<link rel=\"canonical\" href=\"https:\/\/mystikus.com\/producto\/velas-de-cristal-chakra-chakra-sagrado\/\" \/>\n<meta property=\"og:locale\" content=\"pt_PT\" \/>\n<meta property=\"og:type\" content=\"article\" \/>\n<meta property=\"og:title\" content=\"Velas de Cristal Chakra - Chakra Sagrado - Mystikus\" \/>\n<meta property=\"og:description\" content=\"Temos o prazer de apresentar a nossa vela exclusiva do chakra sacral, tamb\u00e9m conhecida como Svadhisthana, um produto essencial para a tua loja online.&nbsp;O chakra sacro \u00e9 o segundo dos chakras, situado no baixo ventre. Representa a criatividade, a paix\u00e3o e as emo\u00e7\u00f5es, e \u00e9 essencial para o equil\u00edbrio energ\u00e9tico. A nossa vela para o chakra sacral \u00e9 feita com pedras preciosas verdadeiras, incluindo olho de tigre e quartzo rosa, selecionadas pelas suas propriedades energ\u00e9ticas e curativas. &nbsp;Relat\u00f3rios de testes: Relat\u00f3rios de testes\" \/>\n<meta property=\"og:url\" content=\"https:\/\/mystikus.com\/producto\/velas-de-cristal-chakra-chakra-sagrado\/\" \/>\n<meta property=\"og:site_name\" content=\"Mystikus\" \/>\n<meta name=\"twitter:card\" content=\"summary_large_image\" \/>\n<script type=\"application\/ld+json\" class=\"yoast-schema-graph\">{\"@context\":\"https:\/\/schema.org\",\"@graph\":[{\"@type\":\"WebPage\",\"@id\":\"https:\/\/mystikus.com\/producto\/velas-de-cristal-chakra-chakra-sagrado\/\",\"url\":\"https:\/\/mystikus.com\/producto\/velas-de-cristal-chakra-chakra-sagrado\/\",\"name\":\"Velas de Cristal Chakra - Chakra Sagrado - Mystikus\",\"isPartOf\":{\"@id\":\"https:\/\/mystikus.com\/#website\"},\"primaryImageOfPage\":{\"@id\":\"https:\/\/mystikus.com\/producto\/velas-de-cristal-chakra-chakra-sagrado\/#primaryimage\"},\"image\":{\"@id\":\"https:\/\/mystikus.com\/producto\/velas-de-cristal-chakra-chakra-sagrado\/#primaryimage\"},\"thumbnailUrl\":\"https:\/\/mystikus.com\/wp-content\/uploads\/2026\/03\/bG9jYWw6Ly9tZWRpYS9ISy8yQy82MFIzMEMxRzZXUjMyQ0hLLzU0MjAxNjg4LmpwZWc.jpg\",\"datePublished\":\"2026-03-10T14:50:04+00:00\",\"breadcrumb\":{\"@id\":\"https:\/\/mystikus.com\/producto\/velas-de-cristal-chakra-chakra-sagrado\/#breadcrumb\"},\"inLanguage\":\"pt-PT\",\"potentialAction\":[{\"@type\":\"ReadAction\",\"target\":[\"https:\/\/mystikus.com\/producto\/velas-de-cristal-chakra-chakra-sagrado\/\"]}]},{\"@type\":\"ImageObject\",\"inLanguage\":\"pt-PT\",\"@id\":\"https:\/\/mystikus.com\/producto\/velas-de-cristal-chakra-chakra-sagrado\/#primaryimage\",\"url\":\"https:\/\/mystikus.com\/wp-content\/uploads\/2026\/03\/bG9jYWw6Ly9tZWRpYS9ISy8yQy82MFIzMEMxRzZXUjMyQ0hLLzU0MjAxNjg4LmpwZWc.jpg\",\"contentUrl\":\"https:\/\/mystikus.com\/wp-content\/uploads\/2026\/03\/bG9jYWw6Ly9tZWRpYS9ISy8yQy82MFIzMEMxRzZXUjMyQ0hLLzU0MjAxNjg4LmpwZWc.jpg\",\"width\":2000,\"height\":2000},{\"@type\":\"BreadcrumbList\",\"@id\":\"https:\/\/mystikus.com\/producto\/velas-de-cristal-chakra-chakra-sagrado\/#breadcrumb\",\"itemListElement\":[{\"@type\":\"ListItem\",\"position\":1,\"name\":\"Portada\",\"item\":\"https:\/\/mystikus.com\/pt-pt\/inicio\/\"},{\"@type\":\"ListItem\",\"position\":2,\"name\":\"Loja\",\"item\":\"https:\/\/mystikus.com\/pt-pt\/loja\/\"},{\"@type\":\"ListItem\",\"position\":3,\"name\":\"Velas de Cristal Chakra &#8211; Chakra Sagrado\"}]},{\"@type\":\"WebSite\",\"@id\":\"https:\/\/mystikus.com\/#website\",\"url\":\"https:\/\/mystikus.com\/\",\"name\":\"Mystikus\",\"description\":\"\",\"publisher\":{\"@id\":\"https:\/\/mystikus.com\/#organization\"},\"potentialAction\":[{\"@type\":\"SearchAction\",\"target\":{\"@type\":\"EntryPoint\",\"urlTemplate\":\"https:\/\/mystikus.com\/?s={search_term_string}\"},\"query-input\":{\"@type\":\"PropertyValueSpecification\",\"valueRequired\":true,\"valueName\":\"search_term_string\"}}],\"inLanguage\":\"pt-PT\"},{\"@type\":\"Organization\",\"@id\":\"https:\/\/mystikus.com\/#organization\",\"name\":\"Mystikus\",\"url\":\"https:\/\/mystikus.com\/\",\"logo\":{\"@type\":\"ImageObject\",\"inLanguage\":\"pt-PT\",\"@id\":\"https:\/\/mystikus.com\/#\/schema\/logo\/image\/\",\"url\":\"https:\/\/mystikus.com\/wp-content\/uploads\/2025\/06\/logo-instgaram-shop.jpg\",\"contentUrl\":\"https:\/\/mystikus.com\/wp-content\/uploads\/2025\/06\/logo-instgaram-shop.jpg\",\"width\":227,\"height\":227,\"caption\":\"Mystikus\"},\"image\":{\"@id\":\"https:\/\/mystikus.com\/#\/schema\/logo\/image\/\"}}]}<\/script>\n<!-- \/ Yoast SEO plugin. -->","yoast_head_json":{"title":"Velas de Cristal Chakra - Chakra Sagrado - Mystikus","robots":{"index":"index","follow":"follow","max-snippet":"max-snippet:-1","max-image-preview":"max-image-preview:large","max-video-preview":"max-video-preview:-1"},"canonical":"https:\/\/mystikus.com\/producto\/velas-de-cristal-chakra-chakra-sagrado\/","og_locale":"pt_PT","og_type":"article","og_title":"Velas de Cristal Chakra - Chakra Sagrado - Mystikus","og_description":"Temos o prazer de apresentar a nossa vela exclusiva do chakra sacral, tamb\u00e9m conhecida como Svadhisthana, um produto essencial para a tua loja online.&nbsp;O chakra sacro \u00e9 o segundo dos chakras, situado no baixo ventre. Representa a criatividade, a paix\u00e3o e as emo\u00e7\u00f5es, e \u00e9 essencial para o equil\u00edbrio energ\u00e9tico. A nossa vela para o chakra sacral \u00e9 feita com pedras preciosas verdadeiras, incluindo olho de tigre e quartzo rosa, selecionadas pelas suas propriedades energ\u00e9ticas e curativas. &nbsp;Relat\u00f3rios de testes: Relat\u00f3rios de testes","og_url":"https:\/\/mystikus.com\/producto\/velas-de-cristal-chakra-chakra-sagrado\/","og_site_name":"Mystikus","twitter_card":"summary_large_image","schema":{"@context":"https:\/\/schema.org","@graph":[{"@type":"WebPage","@id":"https:\/\/mystikus.com\/producto\/velas-de-cristal-chakra-chakra-sagrado\/","url":"https:\/\/mystikus.com\/producto\/velas-de-cristal-chakra-chakra-sagrado\/","name":"Velas de Cristal Chakra - Chakra Sagrado - Mystikus","isPartOf":{"@id":"https:\/\/mystikus.com\/#website"},"primaryImageOfPage":{"@id":"https:\/\/mystikus.com\/producto\/velas-de-cristal-chakra-chakra-sagrado\/#primaryimage"},"image":{"@id":"https:\/\/mystikus.com\/producto\/velas-de-cristal-chakra-chakra-sagrado\/#primaryimage"},"thumbnailUrl":"https:\/\/mystikus.com\/wp-content\/uploads\/2026\/03\/bG9jYWw6Ly9tZWRpYS9ISy8yQy82MFIzMEMxRzZXUjMyQ0hLLzU0MjAxNjg4LmpwZWc.jpg","datePublished":"2026-03-10T14:50:04+00:00","breadcrumb":{"@id":"https:\/\/mystikus.com\/producto\/velas-de-cristal-chakra-chakra-sagrado\/#breadcrumb"},"inLanguage":"pt-PT","potentialAction":[{"@type":"ReadAction","target":["https:\/\/mystikus.com\/producto\/velas-de-cristal-chakra-chakra-sagrado\/"]}]},{"@type":"ImageObject","inLanguage":"pt-PT","@id":"https:\/\/mystikus.com\/producto\/velas-de-cristal-chakra-chakra-sagrado\/#primaryimage","url":"https:\/\/mystikus.com\/wp-content\/uploads\/2026\/03\/bG9jYWw6Ly9tZWRpYS9ISy8yQy82MFIzMEMxRzZXUjMyQ0hLLzU0MjAxNjg4LmpwZWc.jpg","contentUrl":"https:\/\/mystikus.com\/wp-content\/uploads\/2026\/03\/bG9jYWw6Ly9tZWRpYS9ISy8yQy82MFIzMEMxRzZXUjMyQ0hLLzU0MjAxNjg4LmpwZWc.jpg","width":2000,"height":2000},{"@type":"BreadcrumbList","@id":"https:\/\/mystikus.com\/producto\/velas-de-cristal-chakra-chakra-sagrado\/#breadcrumb","itemListElement":[{"@type":"ListItem","position":1,"name":"Portada","item":"https:\/\/mystikus.com\/pt-pt\/inicio\/"},{"@type":"ListItem","position":2,"name":"Loja","item":"https:\/\/mystikus.com\/pt-pt\/loja\/"},{"@type":"ListItem","position":3,"name":"Velas de Cristal Chakra &#8211; Chakra Sagrado"}]},{"@type":"WebSite","@id":"https:\/\/mystikus.com\/#website","url":"https:\/\/mystikus.com\/","name":"Mystikus","description":"","publisher":{"@id":"https:\/\/mystikus.com\/#organization"},"potentialAction":[{"@type":"SearchAction","target":{"@type":"EntryPoint","urlTemplate":"https:\/\/mystikus.com\/?s={search_term_string}"},"query-input":{"@type":"PropertyValueSpecification","valueRequired":true,"valueName":"search_term_string"}}],"inLanguage":"pt-PT"},{"@type":"Organization","@id":"https:\/\/mystikus.com\/#organization","name":"Mystikus","url":"https:\/\/mystikus.com\/","logo":{"@type":"ImageObject","inLanguage":"pt-PT","@id":"https:\/\/mystikus.com\/#\/schema\/logo\/image\/","url":"https:\/\/mystikus.com\/wp-content\/uploads\/2025\/06\/logo-instgaram-shop.jpg","contentUrl":"https:\/\/mystikus.com\/wp-content\/uploads\/2025\/06\/logo-instgaram-shop.jpg","width":227,"height":227,"caption":"Mystikus"},"image":{"@id":"https:\/\/mystikus.com\/#\/schema\/logo\/image\/"}}]}},"_links":{"self":[{"href":"https:\/\/mystikus.com\/pt-pt\/wp-json\/wp\/v2\/product\/29102","targetHints":{"allow":["GET"]}}],"collection":[{"href":"https:\/\/mystikus.com\/pt-pt\/wp-json\/wp\/v2\/product"}],"about":[{"href":"https:\/\/mystikus.com\/pt-pt\/wp-json\/wp\/v2\/types\/product"}],"replies":[{"embeddable":true,"href":"https:\/\/mystikus.com\/pt-pt\/wp-json\/wp\/v2\/comments?post=29102"}],"wp:featuredmedia":[{"embeddable":true,"href":"https:\/\/mystikus.com\/pt-pt\/wp-json\/wp\/v2\/media\/29028"}],"wp:attachment":[{"href":"https:\/\/mystikus.com\/pt-pt\/wp-json\/wp\/v2\/media?parent=29102"}],"wp:term":[{"taxonomy":"product_brand","embeddable":true,"href":"https:\/\/mystikus.com\/pt-pt\/wp-json\/wp\/v2\/product_brand?post=29102"},{"taxonomy":"product_cat","embeddable":true,"href":"https:\/\/mystikus.com\/pt-pt\/wp-json\/wp\/v2\/product_cat?post=29102"},{"taxonomy":"product_tag","embeddable":true,"href":"https:\/\/mystikus.com\/pt-pt\/wp-json\/wp\/v2\/product_tag?post=29102"}],"curies":[{"name":"wp","href":"https:\/\/api.w.org\/{rel}","templated":true}]}}